{"id":8240,"date":"2024-03-01T11:07:27","date_gmt":"2024-03-01T11:07:27","guid":{"rendered":"http:\/\/europackwine.fr\/?post_type=product&#038;p=8240"},"modified":"2026-03-31T09:25:52","modified_gmt":"2026-03-31T09:25:52","slug":"carton-38-x-13-x-34-cm","status":"publish","type":"product","link":"https:\/\/europackwine.fr\/it\/prodotto\/carton-38-x-13-x-34-cm\/","title":{"rendered":"CAPA 03 - Cartone 38 x 13 x 34 cm"},"content":{"rendered":"<p data-sourcepos=\"1:1-1:91\"><b>CAPA03 \u2013 Scatola 38 x 13 x 34 cm. <\/b><\/p>\n<p data-sourcepos=\"1:1-1:91\">Le <strong>CAPA 03<\/strong> \u00c8 un cartone di imballaggio esterno in cartone a onda singola progettato per contenere e proteggere 1 confezione (EUPA 03) in polistirene durante il trasporto. Perfettamente adatto per la spedizione di una bottiglia, offrendo cos\u00ec una protezione ottimale alle tue bottiglie. Robusto ed elegante, \u00e8 ideale per il trasporto e la conservazione dei tuoi pregiati vini.<\/p>\n<p data-sourcepos=\"17:1-17:28\"><strong>Pratico ed economico:<\/strong><\/p>\n<p data-sourcepos=\"17:1-17:28\">Il nostro prodotto viene consegnato in una busta da 30 cartoni per facilitare lo stoccaggio e la movimentazione. Impilabile facilmente per un risparmio di peso e leggero, 206 g, per ridurre le spese di spedizione.<\/p>\n<p data-sourcepos=\"25:1-25:23\"><strong>Soluzione completa :<\/strong><\/p>\n<p>Se non avete familiarit\u00e0 con la nostra soluzione di imballaggio, vi consigliamo di ordinare direttamente la soluzione completa EURO 03.<strong><a href=\"http:\/\/europackwine.fr\/it\/prodotto\/emballage-vin-4-bouteilles\/\">visualizza il prodotto<\/a><\/strong>) che contiene tutti gli elementi :<\/p>\n<ul>\n<li style=\"list-style-type: none\">\n<ul>\n<li>1 scatola CAPA 03: <a href=\"http:\/\/europackwine.fr\/it\/prodotto\/carton-38-x-13-x-34-cm\/\"><strong>visualizza il prodotto<\/strong><\/a><\/li>\n<li>1 scatola di polistirolo riferimento EUPA 03 : <a href=\"http:\/\/europackwine.fr\/it\/prodotto\/coffret-polystyrene-3-bouteilles\/\"><strong>visualizza il prodotto<\/strong><\/a><\/li>\n<\/ul>\n<\/li>\n<\/ul>\n<p>&nbsp;<\/p>\n<p data-sourcepos=\"40:1-40:15\"><strong>Vantaggi :<\/strong><\/p>\n<ul data-sourcepos=\"42:1-47:0\">\n<li data-sourcepos=\"42:1-42:22\">Robusto e resistente<\/li>\n<li data-sourcepos=\"43:1-43:57\">Perfettamente adatto alle scatole universali in polistirolo<\/li>\n<li data-sourcepos=\"44:1-44:24\">Pratico ed economico<\/li>\n<li data-sourcepos=\"45:1-45:20\">Leggero e impilabile<\/li>\n<li data-sourcepos=\"46:1-47:0\">Qualit\u00e0 superiore<\/li>\n<\/ul>","protected":false},"excerpt":{"rendered":"<p data-sourcepos=\"1:1-1:91\"><strong>CAPA 03 - Cartone 38 x 13 x 34 cm, <\/strong>la soluzione ideale per i professionisti del vino che cercano un imballaggio di alta qualit\u00e0 per le loro bottiglie.<strong><br \/>\n<\/strong>Confezione : Scatola da 30 scatole<\/p>\n<hr \/>\n<table class=\"size-table price-table table-technical-information\" style=\"width: 500px;\" data-v-33004ae6=\"\">\n<thead id=\"table-head-product-batch\" data-v-33004ae6=\"\">\n<tr data-v-33004ae6=\"\">\n<th class=\"column-pack table-price-right pt-1 pb-2\" data-v-33004ae6=\"\"><span data-v-33004ae6=\"\">30 cartoni<\/span><\/th>\n<th class=\"column-box pt-1 pb-2\" data-v-33004ae6=\"\">90 cartoni<\/th>\n<th class=\"column-size pt-1 pb-2\" data-v-33004ae6=\"\"><span data-v-33004ae6=\"\">180 cartoni<\/span><\/th>\n<th class=\"column-size-box pt-1 pb-2\" data-v-33004ae6=\"\">330 cartoni<\/th>\n<\/tr>\n<\/thead>\n<tbody class=\"table-hover\" data-v-33004ae6=\"\">\n<tr data-v-33004ae6=\"\">\n<td class=\"pl-0 pr-0\" data-v-33004ae6=\"\">1,70\u20ac\/u<\/td>\n<td class=\"pl-0 pr-0\" data-v-33004ae6=\"\">1,66\u20ac\/u<\/td>\n<td class=\"pl-0 pr-0\" data-v-33004ae6=\"\">1,52\u20ac\/u<\/td>\n<td class=\"pl-0 pr-0\" data-v-33004ae6=\"\">1,47\u20ac\/u<\/td>\n<\/tr>\n<\/tbody>\n<\/table>","protected":false},"featured_media":7664,"comment_status":"open","ping_status":"closed","template":"","meta":{"_et_pb_use_builder":"off","_et_pb_old_content":"<p data-sourcepos=\"1:1-1:91\"><b>CAPA 03 - Carton 38 x 13 x 34 cm <strong>Coffrets Polystyr\u00e8ne<\/strong> Universels Europackwine.<\/b>\r\nLe <strong>CAPA 03<\/strong> est un carton de sur-emballage simple cannelure con\u00e7u pour maintenir et prot\u00e9ger 1 coffret (EUPA 03) en polystyr\u00e8ne lors du transport. Parfaitement adapt\u00e9 pour l'exp\u00e9dition d'une bouteille, et ainsi vous offrir une protection optimale \u00e0 vos bouteilles. Solide et \u00e9l\u00e9gant, il est id\u00e9al pour le transport et le stockage de vos pr\u00e9cieux crus.<\/p>\r\n<p data-sourcepos=\"17:1-17:28\"><strong>Pratique et \u00e9conomique :<\/strong><\/p>\r\n<p data-sourcepos=\"17:1-17:28\">Notre produit est livr\u00e9 par housse de 25 cartons pour un stockage et une manipulation ais\u00e9e. Empilable facilement pour un gain de poids et l\u00e9ger de 206g pour r\u00e9duire vos frais d'exp\u00e9ditions.<\/p>\r\n<p data-sourcepos=\"25:1-25:23\"><strong>Solution compl\u00e8te :<\/strong><\/p>\r\nSi vous n'\u00eates pas familier avec notre solution d'emballage, nous vous recommandons de commander directement la solution compl\u00e8te EURO 03 (<strong><a href=\"http:\/\/europackwine.fr\/produit\/emballage-vin-4-bouteilles\/\">voir produit<\/a><\/strong>)\u00a0 qui contient tous les \u00e9l\u00e9ments :\r\n<ul>\r\n \t<li>1 carton CAPA 03: <a href=\"http:\/\/europackwine.fr\/produit\/carton-38-x-13-x-34-cm\/\"><strong>voir produit<\/strong><\/a><\/li>\r\n \t<li>1 coffret polystyr\u00e8ne r\u00e9f\u00e9rence EUPA 03 : <a href=\"http:\/\/europackwine.fr\/produit\/coffret-polystyrene-3-bouteilles\/\"><strong>voir produit<\/strong><\/a><\/li>\r\n \t<li>Intercalaire polystyr\u00e8ne r\u00e9f\u00e9rence IMPA 03: <a href=\"http:\/\/europackwine.fr\/produit\/intercalaire-polystyrene-3-bouteilles\/\"><strong>voir produit<\/strong><\/a><\/li>\r\n<\/ul>\r\n<p data-sourcepos=\"40:1-40:15\"><strong>Avantages :<\/strong><\/p>\r\n\r\n<ul data-sourcepos=\"42:1-47:0\">\r\n \t<li data-sourcepos=\"42:1-42:22\">Robuste et r\u00e9sistant<\/li>\r\n \t<li data-sourcepos=\"43:1-43:57\">Parfaitement adapt\u00e9 aux coffrets polystyr\u00e8ne universels<\/li>\r\n \t<li data-sourcepos=\"44:1-44:24\">Pratique et \u00e9conomique<\/li>\r\n \t<li data-sourcepos=\"45:1-45:20\">L\u00e9ger et empilable<\/li>\r\n \t<li data-sourcepos=\"46:1-47:0\">Qualit\u00e9 sup\u00e9rieure<\/li>\r\n<\/ul>","_et_gb_content_width":""},"product_brand":[],"product_cat":[296],"product_tag":[],"class_list":{"0":"post-8240","1":"product","2":"type-product","3":"status-publish","4":"has-post-thumbnail","6":"product_cat-cartons","8":"first","9":"instock","10":"taxable","11":"shipping-taxable","12":"purchasable","13":"product-type-simple"},"_links":{"self":[{"href":"https:\/\/europackwine.fr\/it\/wp-json\/wp\/v2\/product\/8240","targetHints":{"allow":["GET"]}}],"collection":[{"href":"https:\/\/europackwine.fr\/it\/wp-json\/wp\/v2\/product"}],"about":[{"href":"https:\/\/europackwine.fr\/it\/wp-json\/wp\/v2\/types\/product"}],"replies":[{"embeddable":true,"href":"https:\/\/europackwine.fr\/it\/wp-json\/wp\/v2\/comments?post=8240"}],"wp:featuredmedia":[{"embeddable":true,"href":"https:\/\/europackwine.fr\/it\/wp-json\/wp\/v2\/media\/7664"}],"wp:attachment":[{"href":"https:\/\/europackwine.fr\/it\/wp-json\/wp\/v2\/media?parent=8240"}],"wp:term":[{"taxonomy":"product_brand","embeddable":true,"href":"https:\/\/europackwine.fr\/it\/wp-json\/wp\/v2\/product_brand?post=8240"},{"taxonomy":"product_cat","embeddable":true,"href":"https:\/\/europackwine.fr\/it\/wp-json\/wp\/v2\/product_cat?post=8240"},{"taxonomy":"product_tag","embeddable":true,"href":"https:\/\/europackwine.fr\/it\/wp-json\/wp\/v2\/product_tag?post=8240"}],"curies":[{"name":"wp","href":"https:\/\/api.w.org\/{rel}","templated":true}]}}