{"id":8182,"date":"2024-02-29T14:41:33","date_gmt":"2024-02-29T14:41:33","guid":{"rendered":"http:\/\/europackwine.fr\/?post_type=product&#038;p=8182"},"modified":"2026-03-31T09:40:48","modified_gmt":"2026-03-31T09:40:48","slug":"carton-48-x-16-x-46-cm","status":"publish","type":"product","link":"https:\/\/europackwine.fr\/it\/prodotto\/carton-48-x-16-x-46-cm\/","title":{"rendered":"CAPA 03MA - Cartone 48 x 16 x 46 cm"},"content":{"rendered":"<p data-sourcepos=\"1:1-1:91\"><strong>CAPA 03MA: Cartone 48 x 16 x 46 cm\u00a0 <\/strong><\/p>\n<p data-sourcepos=\"1:1-1:91\">Le <strong>CAPA 03MA<\/strong> \u00e8 un cartone di sovraimballaggio per magnum a canala singola progettato per contenere e proteggere 3 astucci (EUPAMA) per magnum in polistirolo durante il trasporto. Perfettamente adatto per la spedizione di 3 magnum e offrirvi una protezione ottimale. Solido ed elegante, \u00e8 ideale per il trasporto e lo stoccaggio dei vostri preziosi cru.<\/p>\n<p data-sourcepos=\"17:1-17:28\"><strong>Pratico ed economico:<\/strong><\/p>\n<p data-sourcepos=\"17:1-17:28\">Il nostro prodotto viene consegnato in un imballo da 25 cartoni per un facile stoccaggio e movimentazione. Facilmente impilabile per un risparmio di spazio e leggero, solo 350g, per ridurre i costi di spedizione.<\/p>\n<p data-sourcepos=\"25:1-25:23\"><strong>Soluzione completa :<\/strong><\/p>\n<p>Se non conoscete la nostra soluzione di imballaggio, vi consigliamo di ordinare direttamente la soluzione completa EURO 03MA (<strong><a href=\"http:\/\/europackwine.fr\/it\/prodotto\/emballage-vin-3-magnum\/\">visualizza il prodotto<\/a><\/strong>) che contiene tutti gli elementi :<\/p>\n<ul>\n<li>1 cartone CAPA03MA<\/li>\n<li>3 scatole di polistirolo riferimento EUPAMA : <strong><a href=\"http:\/\/europackwine.fr\/it\/prodotto\/coffret-polystyrene-1-magnum\/\">visualizza il prodotto<\/a><\/strong><\/li>\n<\/ul>\n<p data-sourcepos=\"40:1-40:15\"><strong>Vantaggi :<\/strong><\/p>\n<ul data-sourcepos=\"42:1-47:0\">\n<li data-sourcepos=\"42:1-42:22\">Robusto e resistente<\/li>\n<li data-sourcepos=\"43:1-43:57\">Perfettamente adatto alle scatole universali in polistirolo<\/li>\n<li data-sourcepos=\"44:1-44:24\">Pratico ed economico<\/li>\n<li data-sourcepos=\"45:1-45:20\">Leggero e impilabile<\/li>\n<li data-sourcepos=\"46:1-47:0\">Qualit\u00e0 superiore<\/li>\n<\/ul>","protected":false},"excerpt":{"rendered":"<p data-sourcepos=\"1:1-1:91\"><strong>CAPA 03MA: Cartone 48 x 16 x 46 cm, <\/strong>la soluzione ideale per i professionisti del vino che cercano un imballaggio di alta qualit\u00e0 per le loro magnum.<strong><br \/>\n<\/strong>Confezione : Scatola da 25 scatole<\/p>\n<hr \/>\n<table class=\"size-table price-table table-technical-information\" style=\"width: 500px;\" data-v-33004ae6=\"\">\n<thead id=\"table-head-product-batch\" data-v-33004ae6=\"\">\n<tr data-v-33004ae6=\"\">\n<th class=\"column-pack table-price-right pt-1 pb-2\" data-v-33004ae6=\"\"><span data-v-33004ae6=\"\">25 cartoni<\/span><\/th>\n<th class=\"column-box pt-1 pb-2\" data-v-33004ae6=\"\">125 sca<\/th>\n<th class=\"column-size pt-1 pb-2\" data-v-33004ae6=\"\"><span data-v-33004ae6=\"\">225 cartoni<\/span><\/th>\n<th class=\"column-size-box pt-1 pb-2\" data-v-33004ae6=\"\">425 scatoloni<\/th>\n<\/tr>\n<\/thead>\n<tbody class=\"table-hover\" data-v-33004ae6=\"\">\n<tr data-v-33004ae6=\"\">\n<td class=\"pl-0 pr-0\" data-v-33004ae6=\"\">2,38\u20ac\/u<\/td>\n<td class=\"pl-0 pr-0\" data-v-33004ae6=\"\">2,34\u20ac\/u<\/td>\n<td class=\"pl-0 pr-0\" data-v-33004ae6=\"\">2,29\u20ac\/u<\/td>\n<td class=\"pl-0 pr-0\" data-v-33004ae6=\"\">2,23\u20ac\/u<\/td>\n<\/tr>\n<\/tbody>\n<\/table>","protected":false},"featured_media":2204,"comment_status":"open","ping_status":"closed","template":"","meta":{"_et_pb_use_builder":"off","_et_pb_old_content":"<p data-sourcepos=\"1:1-1:91\"><strong>CAPA 03MA : Carton 48 x 16 x 46 cm Coffrets Polystyr\u00e8ne Universels Europackwine pour magnum. <\/strong>Le <strong>CAPA 03MA<\/strong> est un carton de sur-emballage pour magnum simple cannelure con\u00e7u pour maintenir et prot\u00e9ger 3 coffrets (EUPAMA) pour magnum en polystyr\u00e8ne lors du transport. Parfaitement adapt\u00e9 pour l'exp\u00e9dition de 3 bouteilles de magnum, et ainsi vous offrir une protection optimale \u00e0 vos bouteilles. Solide et \u00e9l\u00e9gant, il est id\u00e9al pour le transport et le stockage de vos pr\u00e9cieux crus.<\/p>\r\n<p data-sourcepos=\"17:1-17:28\"><strong>Pratique et \u00e9conomique :<\/strong><\/p>\r\n<p data-sourcepos=\"17:1-17:28\">Notre produit est livr\u00e9 par housse de 20 cartons pour un stockage et une manipulation ais\u00e9e. Empilable facilement pour un gain de poids et l\u00e9ger de 350g pour r\u00e9duire vos frais d'exp\u00e9ditions.<\/p>\r\n<p data-sourcepos=\"25:1-25:23\"><strong>Solution compl\u00e8te :<\/strong><\/p>\r\nSi vous n'\u00eates pas familier avec notre solution d'emballage, nous vous recommandons de commander directement la solution compl\u00e8te EURO 03MA (<strong><a href=\"http:\/\/europackwine.fr\/produit\/emballage-vin-3-magnum\/\">voir produit<\/a><\/strong>)\u00a0 qui contient tous les \u00e9l\u00e9ments :\r\n<ul>\r\n \t<li>1 carton CAPA 03MA<\/li>\r\n \t<li>3 coffrets polystyr\u00e8ne r\u00e9f\u00e9rence EUPAMA : <strong><a href=\"http:\/\/europackwine.fr\/produit\/coffret-polystyrene-1-magnum\/\">voir produit<\/a><\/strong><\/li>\r\n<\/ul>\r\n<p data-sourcepos=\"40:1-40:15\"><strong>Avantages :<\/strong><\/p>\r\n\r\n<ul data-sourcepos=\"42:1-47:0\">\r\n \t<li data-sourcepos=\"42:1-42:22\">Robuste et r\u00e9sistant<\/li>\r\n \t<li data-sourcepos=\"43:1-43:57\">Parfaitement adapt\u00e9 aux coffrets polystyr\u00e8ne universels<\/li>\r\n \t<li data-sourcepos=\"44:1-44:24\">Pratique et \u00e9conomique<\/li>\r\n \t<li data-sourcepos=\"45:1-45:20\">L\u00e9ger et empilable<\/li>\r\n \t<li data-sourcepos=\"46:1-47:0\">Qualit\u00e9 sup\u00e9rieure<\/li>\r\n<\/ul>","_et_gb_content_width":""},"product_brand":[],"product_cat":[296],"product_tag":[],"class_list":{"0":"post-8182","1":"product","2":"type-product","3":"status-publish","4":"has-post-thumbnail","6":"product_cat-cartons","8":"first","9":"instock","10":"taxable","11":"shipping-taxable","12":"purchasable","13":"product-type-simple"},"_links":{"self":[{"href":"https:\/\/europackwine.fr\/it\/wp-json\/wp\/v2\/product\/8182","targetHints":{"allow":["GET"]}}],"collection":[{"href":"https:\/\/europackwine.fr\/it\/wp-json\/wp\/v2\/product"}],"about":[{"href":"https:\/\/europackwine.fr\/it\/wp-json\/wp\/v2\/types\/product"}],"replies":[{"embeddable":true,"href":"https:\/\/europackwine.fr\/it\/wp-json\/wp\/v2\/comments?post=8182"}],"wp:featuredmedia":[{"embeddable":true,"href":"https:\/\/europackwine.fr\/it\/wp-json\/wp\/v2\/media\/2204"}],"wp:attachment":[{"href":"https:\/\/europackwine.fr\/it\/wp-json\/wp\/v2\/media?parent=8182"}],"wp:term":[{"taxonomy":"product_brand","embeddable":true,"href":"https:\/\/europackwine.fr\/it\/wp-json\/wp\/v2\/product_brand?post=8182"},{"taxonomy":"product_cat","embeddable":true,"href":"https:\/\/europackwine.fr\/it\/wp-json\/wp\/v2\/product_cat?post=8182"},{"taxonomy":"product_tag","embeddable":true,"href":"https:\/\/europackwine.fr\/it\/wp-json\/wp\/v2\/product_tag?post=8182"}],"curies":[{"name":"wp","href":"https:\/\/api.w.org\/{rel}","templated":true}]}}