{"id":1027,"date":"2021-04-14T10:01:00","date_gmt":"2021-04-14T10:01:00","guid":{"rendered":"https:\/\/europackwine.staging-lab.co\/?post_type=product&#038;p=1027"},"modified":"2026-03-30T08:43:59","modified_gmt":"2026-03-30T08:43:59","slug":"coffret-polystyrene-3-bouteilles","status":"publish","type":"product","link":"https:\/\/europackwine.fr\/it\/prodotto\/coffret-polystyrene-3-bouteilles\/","title":{"rendered":"EUPA 03 - Scatola di polistirolo 3 bottiglie"},"content":{"rendered":"<p data-sourcepos=\"1:1-1:80\"><strong>EUPA 03 : Scatola di polistirolo 3 bottiglie<\/strong><\/p>\n<p data-sourcepos=\"1:1-1:80\"><strong>Proteggete le vostre bottiglie di vino in tutta sicurezza con la nostra custodia universale!<\/strong><\/p>\n<p>Questa scatola in polistirene espanso (EPS) \u00e8 stata progettata per fornire una protezione universale e ottimale alle vostre bottiglie di vino durante la spedizione.<\/p>\n<p data-sourcepos=\"17:1-17:28\"><strong>Pratico ed economico:<\/strong><\/p>\n<p data-sourcepos=\"17:1-17:28\">I nostri prodotti vengono consegnati in casse da 30 per facilitarne lo stoccaggio e la movimentazione. Si impilano facilmente per risparmiare peso e pesano solo 210 g per ridurre i costi di spedizione.<\/p>\n<p data-sourcepos=\"20:1-20:15\"><strong>Informazioni importanti:<\/strong><\/p>\n<p data-sourcepos=\"22:1-22:143\">La scatola di polistirolo da 3 bottiglie funziona come un cuscino e richiede un sovracartone per tenerla in posizione e garantirne l'integrit\u00e0 durante la spedizione.<\/p>\n<p data-sourcepos=\"22:1-22:143\"><strong>Vantaggi :\u00a0<\/strong><\/p>\n<ul data-sourcepos=\"5:1-8:0\">\n<li data-sourcepos=\"5:1-6:52\">Protezione: il polistirolo \u00e8 un materiale protettivo costituito da polistirene espanso (EPS) che protegge il vino da urti e vibrazioni durante il trasporto e la movimentazione.<\/li>\n<li data-sourcepos=\"5:1-5:272\">Isolamento<strong>\u00a0:<\/strong> L'EPS \u00e8 anche un buon isolante, che mantiene le bottiglie di vino a una temperatura costante durante il trasporto e lo stoccaggio.<\/li>\n<li data-sourcepos=\"16:1-16:106\">Leggerezza: il polistirolo \u00e8 un materiale leggero, che facilita il trasporto e la movimentazione delle casse di vino. Inoltre, \u00e8 un bene per l'ambiente, in quanto riduce le emissioni di carbonio.<\/li>\n<li data-sourcepos=\"16:1-16:106\">Riciclabili: le scatole di polistirolo sono riciclabili e possono essere riciclate in nuovi prodotti come imbottiture, imballaggi per alimenti, ecc.<\/li>\n<\/ul>\n<p data-sourcepos=\"25:1-25:23\"><strong>Soluzione completa :<\/strong><\/p>\n<p>Se non avete familiarit\u00e0 con la nostra soluzione di imballaggio, vi consigliamo di ordinare direttamente un <strong>soluzione completa<\/strong> a seconda del numero di bottiglie che si desidera spedire:<\/p>\n<ul>\n<li>Per 3 bottiglie :\n<ul>\n<li>EURO 03 : <strong><a href=\"http:\/\/europackwine.fr\/it\/prodotto\/emballage-vin-3-bouteilles\/\">visualizza il prodotto<\/a><\/strong><\/li>\n<\/ul>\n<\/li>\n<li>Per 6 bottiglie :\n<ul>\n<li>EURO 06 (flauto singolo) : <strong><a href=\"http:\/\/europackwine.fr\/it\/prodotto\/emballage-vin-6-bouteilles\/\">visualizza il prodotto<\/a><\/strong><\/li>\n<li>EURO 06 DC (flauto doppio) : <strong><a href=\"http:\/\/europackwine.fr\/it\/prodotto\/emballage-vin-6-bouteilles-renforce\/\">visualizza il prodotto<\/a><\/strong><\/li>\n<\/ul>\n<\/li>\n<li>Per 9 bottiglie :\n<ul>\n<li>EURO 09 (flauto singolo) : <strong><a href=\"http:\/\/europackwine.fr\/it\/prodotto\/emballage-vin-9-bouteilles\/\">visualizza il prodotto<\/a><\/strong><\/li>\n<li>EURO 09 DC (flauto doppio) : <strong><a href=\"http:\/\/europackwine.fr\/it\/prodotto\/emballage-vin-9-bouteilles-renforce\/\">visualizza il prodotto<\/a><\/strong><\/li>\n<\/ul>\n<\/li>\n<li>Per 12 bottiglie :\n<ul>\n<li>EURO 12 (flauto singolo) : <strong><a href=\"http:\/\/europackwine.fr\/it\/prodotto\/emballage-vin-12-bouteilles\/\">visualizza il prodotto<\/a><\/strong><\/li>\n<li>EURO 12 DC (flauto doppio) : <strong><a href=\"http:\/\/europackwine.fr\/it\/prodotto\/emballage-vin-12-bouteilles-renforce\/\">visualizza il prodotto<\/a><\/strong><\/li>\n<\/ul>\n<\/li>\n<\/ul>","protected":false},"excerpt":{"rendered":"<p data-sourcepos=\"1:1-1:91\"><strong>EUPA 03 - Valigetta da 3 bottiglie in polistirolo, <\/strong>la soluzione ideale per i professionisti del vino che cercano un imballaggio di alta qualit\u00e0 per le loro bottiglie.<br \/>\nConfezione: astuccio da 30 pezzi<\/p>\n<hr \/>\n<table class=\"size-table price-table table-technical-information\" style=\"height: 46px; width: 500px;\" data-v-33004ae6=\"\">\n<thead id=\"table-head-product-batch\" data-v-33004ae6=\"\">\n<tr style=\"height: 23px;\" data-v-33004ae6=\"\">\n<th class=\"column-pack table-price-right pt-1 pb-2\" style=\"height: 23px; width: 70.8125px;\" data-v-33004ae6=\"\"><span data-v-33004ae6=\"\">30 scatole<\/span><\/th>\n<th class=\"column-box pt-1 pb-2\" style=\"height: 23px; width: 70.8125px;\" data-v-33004ae6=\"\">90 scatole<\/th>\n<th class=\"column-size pt-1 pb-2\" style=\"height: 23px; width: 78.5938px;\" data-v-33004ae6=\"\"><span data-v-33004ae6=\"\">180 scatole<\/span><\/th>\n<th class=\"column-size-box pt-1 pb-2\" style=\"height: 23px; width: 78.5938px;\" data-v-33004ae6=\"\">330 scatole<\/th>\n<\/tr>\n<\/thead>\n<tbody class=\"table-hover\" data-v-33004ae6=\"\">\n<tr style=\"height: 23px;\" data-v-33004ae6=\"\">\n<td class=\"pl-0 pr-0\" style=\"height: 23px; width: 70.8125px;\" data-v-33004ae6=\"\">3,80\u20ac\/u<\/td>\n<td class=\"pl-0 pr-0\" style=\"height: 23px; width: 70.8125px;\" data-v-33004ae6=\"\">3,65\u20ac\/u<\/td>\n<td class=\"pl-0 pr-0\" style=\"height: 23px; width: 78.5938px;\" data-v-33004ae6=\"\">3,55\u20ac\/u<\/td>\n<td class=\"pl-0 pr-0\" style=\"height: 23px; width: 78.5938px;\" data-v-33004ae6=\"\">3,44\u20ac\/u<\/td>\n<\/tr>\n<\/tbody>\n<\/table>","protected":false},"featured_media":1815,"comment_status":"open","ping_status":"closed","template":"","meta":{"_et_pb_use_builder":"off","_et_pb_old_content":"<p data-sourcepos=\"1:1-1:80\"><strong>EUPA 03 : Coffret polystyrene 3 bouteilles<\/strong><\/p>\r\n<p data-sourcepos=\"1:1-1:80\"><strong>Prot\u00e9gez vos bouteilles de vin en toute s\u00e9curit\u00e9 avec notre coffret de protection universel !<\/strong><\/p>\r\nCe coffret en polystyr\u00e8ne expans\u00e9 (PSE) est con\u00e7u pour offrir une protection universelle et optimale \u00e0 vos bouteilles de vin lors de l'exp\u00e9dition.\r\n<p data-sourcepos=\"17:1-17:28\"><strong>Pratique et \u00e9conomique :<\/strong><\/p>\r\n<p data-sourcepos=\"17:1-17:28\">Notre produit est livr\u00e9 par housse de 30 coffrets pour un stockage et une manipulation ais\u00e9e. Empilable facilement pour un gain de poids et l\u00e9ger de 210g pour r\u00e9duire vos frais d'exp\u00e9ditions.<\/p>\r\n<p data-sourcepos=\"20:1-20:15\"><strong>Important :<\/strong><\/p>\r\n<p data-sourcepos=\"22:1-22:143\">Le coffret Coffret polystyrene 3 bouteilles fonctionne comme un rembourrage et n\u00e9cessite un sur-carton pour le maintenir et garantir son int\u00e9grit\u00e9 lors de l'exp\u00e9dition.<\/p>\r\n<p data-sourcepos=\"22:1-22:143\"><strong>Avantages :\u00a0<\/strong><\/p>\r\n\r\n<ul data-sourcepos=\"5:1-8:0\">\r\n \t<li data-sourcepos=\"5:1-6:52\">Protection : le polystyr\u00e8ne est un mat\u00e9riau de protection fabriqu\u00e9 \u00e0 partir de mousse de polystyr\u00e8ne expans\u00e9 (EPS) qui prot\u00e8ge le vin des chocs et des vibrations pendant le transport et la manutention.<\/li>\r\n \t<li data-sourcepos=\"5:1-5:272\">Isolation<strong>\u00a0:<\/strong> le PSE est \u00e9galement un bon isolant et permet de maintenir les bouteilles de vin \u00e0 une temp\u00e9rature constante pendant le transport et le stockage.<\/li>\r\n \t<li data-sourcepos=\"16:1-16:106\">L\u00e9g\u00e8ret\u00e9 : Le polystyr\u00e8ne est un mat\u00e9riau l\u00e9ger, ce qui facilite le transport et la manutention des caisses de vin. Ainsi, il est un\u00a0avantage pour l'environnement, car il r\u00e9duit les \u00e9missions de carbone.<\/li>\r\n \t<li data-sourcepos=\"16:1-16:106\">Recyclable : les coffrets polystyr\u00e8nes sont recyclables, et peuvent \u00eatre recycl\u00e9s en de nouveaux produits, tels que des produits de rembourrage, d'emballage alimentaires, etc<\/li>\r\n<\/ul>\r\n<p data-sourcepos=\"25:1-25:23\"><strong>Solution compl\u00e8te :<\/strong><\/p>\r\nSi vous n'\u00eates pas familier avec notre solution d'emballage, nous vous recommandons de commander directement une <strong>solution compl\u00e8te<\/strong> selon la quantit\u00e9 de bouteilles que vous souhaitez exp\u00e9dier :\r\n<ul>\r\n \t<li>Pour 3 bouteilles :\r\n<ul>\r\n \t<li>EURO 03 : <strong><a href=\"http:\/\/europackwine.fr\/produit\/emballage-vin-3-bouteilles\/\">voir produit<\/a><\/strong><\/li>\r\n<\/ul>\r\n<\/li>\r\n \t<li>Pour 6 bouteilles :\r\n<ul>\r\n \t<li>EURO 06 (simple cannelure) : <strong><a href=\"http:\/\/europackwine.fr\/produit\/emballage-vin-6-bouteilles\/\">voir produit<\/a><\/strong><\/li>\r\n \t<li>EURO 06 DC (double cannelure) : <strong><a href=\"http:\/\/europackwine.fr\/produit\/emballage-vin-6-bouteilles-renforce\/\">voir produit<\/a><\/strong><\/li>\r\n<\/ul>\r\n<\/li>\r\n \t<li>Pour 9 bouteilles :\r\n<ul>\r\n \t<li>EURO 09 (simple cannelure) : <strong><a href=\"http:\/\/europackwine.fr\/produit\/emballage-vin-9-bouteilles\/\">voir produit<\/a><\/strong><\/li>\r\n \t<li>EURO 09 DC (double cannelure) : <strong><a href=\"http:\/\/europackwine.fr\/produit\/emballage-vin-9-bouteilles-renforce\/\">voir produit<\/a><\/strong><\/li>\r\n<\/ul>\r\n<\/li>\r\n \t<li>Pour 12 bouteilles :\r\n<ul>\r\n \t<li>EURO 12 (simple cannelure) : <strong><a href=\"http:\/\/europackwine.fr\/produit\/emballage-vin-12-bouteilles\/\">voir produit<\/a><\/strong><\/li>\r\n \t<li>EURO 12 DC (double cannelure) : <strong><a href=\"http:\/\/europackwine.fr\/produit\/emballage-vin-12-bouteilles-renforce\/\">voir produit<\/a><\/strong><\/li>\r\n<\/ul>\r\n<\/li>\r\n<\/ul>","_et_gb_content_width":""},"product_brand":[],"product_cat":[295],"product_tag":[],"class_list":{"0":"post-1027","1":"product","2":"type-product","3":"status-publish","4":"has-post-thumbnail","6":"product_cat-coffrets","8":"first","9":"instock","10":"taxable","11":"shipping-taxable","12":"purchasable","13":"product-type-simple"},"_links":{"self":[{"href":"https:\/\/europackwine.fr\/it\/wp-json\/wp\/v2\/product\/1027","targetHints":{"allow":["GET"]}}],"collection":[{"href":"https:\/\/europackwine.fr\/it\/wp-json\/wp\/v2\/product"}],"about":[{"href":"https:\/\/europackwine.fr\/it\/wp-json\/wp\/v2\/types\/product"}],"replies":[{"embeddable":true,"href":"https:\/\/europackwine.fr\/it\/wp-json\/wp\/v2\/comments?post=1027"}],"wp:featuredmedia":[{"embeddable":true,"href":"https:\/\/europackwine.fr\/it\/wp-json\/wp\/v2\/media\/1815"}],"wp:attachment":[{"href":"https:\/\/europackwine.fr\/it\/wp-json\/wp\/v2\/media?parent=1027"}],"wp:term":[{"taxonomy":"product_brand","embeddable":true,"href":"https:\/\/europackwine.fr\/it\/wp-json\/wp\/v2\/product_brand?post=1027"},{"taxonomy":"product_cat","embeddable":true,"href":"https:\/\/europackwine.fr\/it\/wp-json\/wp\/v2\/product_cat?post=1027"},{"taxonomy":"product_tag","embeddable":true,"href":"https:\/\/europackwine.fr\/it\/wp-json\/wp\/v2\/product_tag?post=1027"}],"curies":[{"name":"wp","href":"https:\/\/api.w.org\/{rel}","templated":true}]}}