{"id":845,"date":"2021-04-13T10:03:10","date_gmt":"2021-04-13T10:03:10","guid":{"rendered":"https:\/\/europackwine.staging-lab.co\/?post_type=product&#038;p=845"},"modified":"2026-03-31T08:37:29","modified_gmt":"2026-03-31T08:37:29","slug":"emballage-vin-6-bouteilles-renforce","status":"publish","type":"product","link":"https:\/\/europackwine.fr\/fr_fr\/produit\/emballage-vin-6-bouteilles-renforce\/","title":{"rendered":"EURO 06DC &#8211; Emballage vin 6 bouteilles renforc\u00e9 double cannelure"},"content":{"rendered":"<p data-sourcepos=\"1:1-1:80\"><strong>EURO 06DC &#8211; Emballage vin 6 bouteilles renforc\u00e9 (double cannelure)<\/strong><\/p>\n<p data-sourcepos=\"1:1-1:93\"><strong>Exp\u00e9diez vos bouteilles de vin en toute s\u00e9curit\u00e9 avec notre emballage complet et r\u00e9sistant<\/strong><\/p>\n<p data-sourcepos=\"3:1-3:350\">Offrez \u00e0 vos pr\u00e9cieux crus la protection qu&rsquo;ils m\u00e9ritent lors de l&rsquo;exp\u00e9dition avec notre solution d&#8217;emballage innovante. Ce kit complet, compos\u00e9 d&rsquo;un carton renforc\u00e9 double cannelure et d&rsquo;un coffret en polystyr\u00e8ne expans\u00e9 (PSE) haute densit\u00e9, garantit une s\u00e9curit\u00e9 optimale pour vos bouteilles de vin, m\u00eame pendant les transports les plus longs et les plus difficiles.<\/p>\n<p data-sourcepos=\"5:1-5:285\"><strong>Le carton ext\u00e9rieur<\/strong> est fabriqu\u00e9 en carton renforc\u00e9 ondul\u00e9 double cannelure, offrant une r\u00e9sistance exceptionnelle aux chocs et aux vibrations. Ses parois \u00e9paisses et sa structure ing\u00e9nieuse prot\u00e8gent efficacement la bouteille contre les chocs, les pressions et les manipulations brutales.<\/p>\n<p data-sourcepos=\"7:1-7:287\"><strong>Le coffret en polystyr\u00e8ne universel<\/strong> <strong>Emballage vin 6 bouteilles <\/strong>\u00e9pouse parfaitement la forme de la bouteille, la maintenant fermement en place et absorbant les chocs et les vibrations. Sa conception en PSE haute densit\u00e9 garantit une isolation optimale, pr\u00e9servant ainsi la temp\u00e9rature id\u00e9ale du vin pendant son transport.<\/p>\n<p data-sourcepos=\"9:1-9:262\"><strong>Con\u00e7u pour une utilisation facile et pratique<\/strong>, cet emballage complet est facile \u00e0 assembler et ne n\u00e9cessite aucun outil. Le carton est dot\u00e9 d&rsquo;un syst\u00e8me de fermeture s\u00e9curis\u00e9 qui maintient la bouteille en place et emp\u00eache tout mouvement pendant le transport.<\/p>\n<p data-sourcepos=\"11:1-11:134\"><strong>Polyvalent et adaptable<\/strong>, cet emballage est compatible avec une large gamme de bouteilles de vin de formes et de tailles standard.<\/p>\n<p data-sourcepos=\"13:1-13:167\"><strong>Respectueux de l&rsquo;environnement<\/strong>, le carton est recyclable et le PSE est 100% biod\u00e9gradable, ce qui permet de minimiser l&rsquo;impact environnemental de votre exp\u00e9dition.<\/p>\n<p data-sourcepos=\"15:1-15:218\"><strong>En choisissant notre Emballage vin 6 bouteilles renforc\u00e9 double cannelure, vous avez l&rsquo;assurance qu&rsquo;elles arriveront \u00e0 destination en toute s\u00e9curit\u00e9 et en parfait \u00e9tat, pr\u00eates \u00e0 \u00eatre savour\u00e9es par vos clients.<\/strong><\/p>\n","protected":false},"excerpt":{"rendered":"<p data-sourcepos=\"1:1-1:91\"><strong>EURO 06DC &#8211; Emballage vin 6 bouteilles renforc\u00e9, <\/strong><strong>la solution de qualit\u00e9 sup\u00e9rieure id\u00e9ale pour les professionnels du vin.<\/strong><\/p>\n<p data-sourcepos=\"5:1-5:20\"><strong>Ce kit d&rsquo;exp\u00e9dition contient :<\/strong><\/p>\n<ul>\n<li data-sourcepos=\"8:1-9:0\">1 carton d&rsquo;exp\u00e9dition double cannelure (37 x 24 x 33 cm)<\/li>\n<li data-sourcepos=\"8:1-9:0\">1 coffret 3 bouteilles en polystyr\u00e8ne expans\u00e9 (PSE)<\/li>\n<li data-sourcepos=\"8:1-9:0\">1 intercalaires 3 bouteilles en polystyr\u00e8ne expans\u00e9 (PSE)<\/li>\n<li data-sourcepos=\"37:1-37:15\">Poids : 1005 g<\/li>\n<li data-sourcepos=\"38:1-39:0\">Conditionnement : Housse de 30<\/li>\n<\/ul>\n<hr \/>\n<table class=\"size-table price-table table-technical-information\" style=\"width: 500px;\" data-v-33004ae6=\"\">\n<thead id=\"table-head-product-batch\" data-v-33004ae6=\"\">\n<tr data-v-33004ae6=\"\">\n<th class=\"column-pack table-price-right pt-1 pb-2\" style=\"text-align: center;\" data-v-33004ae6=\"\"><span data-v-33004ae6=\"\">30 coffrets<\/span><\/th>\n<th class=\"column-box pt-1 pb-2\" style=\"text-align: center;\" data-v-33004ae6=\"\">90 coffrets<\/th>\n<th class=\"column-size pt-1 pb-2\" style=\"text-align: center;\" data-v-33004ae6=\"\"><span data-v-33004ae6=\"\">180 coffrets<\/span><\/th>\n<th class=\"column-size-box pt-1 pb-2\" style=\"text-align: center;\" data-v-33004ae6=\"\">330 coffrets<\/th>\n<\/tr>\n<\/thead>\n<tbody class=\"table-hover\" data-v-33004ae6=\"\">\n<tr data-v-33004ae6=\"\">\n<td class=\"pl-0 pr-0\" style=\"text-align: center;\" data-v-33004ae6=\"\">8,48\u20ac\/u<\/td>\n<td class=\"pl-0 pr-0\" style=\"text-align: center;\" data-v-33004ae6=\"\">8,21\u20ac\/u<\/td>\n<td class=\"pl-0 pr-0\" style=\"text-align: center;\" data-v-33004ae6=\"\">8,01\u20ac\/u<\/td>\n<td class=\"pl-0 pr-0\" style=\"text-align: center;\" data-v-33004ae6=\"\">7,65\u20ac\/u<\/td>\n<\/tr>\n<\/tbody>\n<\/table>\n","protected":false},"featured_media":7731,"comment_status":"open","ping_status":"closed","template":"","meta":{"_et_pb_use_builder":"","_et_pb_old_content":"","_et_gb_content_width":""},"product_brand":[],"product_cat":[298],"product_tag":[],"class_list":{"0":"post-845","1":"product","2":"type-product","3":"status-publish","4":"has-post-thumbnail","6":"product_cat-solutions-completes","8":"first","9":"instock","10":"taxable","11":"shipping-taxable","12":"purchasable","13":"product-type-simple"},"_links":{"self":[{"href":"https:\/\/europackwine.fr\/fr_fr\/wp-json\/wp\/v2\/product\/845","targetHints":{"allow":["GET"]}}],"collection":[{"href":"https:\/\/europackwine.fr\/fr_fr\/wp-json\/wp\/v2\/product"}],"about":[{"href":"https:\/\/europackwine.fr\/fr_fr\/wp-json\/wp\/v2\/types\/product"}],"replies":[{"embeddable":true,"href":"https:\/\/europackwine.fr\/fr_fr\/wp-json\/wp\/v2\/comments?post=845"}],"wp:featuredmedia":[{"embeddable":true,"href":"https:\/\/europackwine.fr\/fr_fr\/wp-json\/wp\/v2\/media\/7731"}],"wp:attachment":[{"href":"https:\/\/europackwine.fr\/fr_fr\/wp-json\/wp\/v2\/media?parent=845"}],"wp:term":[{"taxonomy":"product_brand","embeddable":true,"href":"https:\/\/europackwine.fr\/fr_fr\/wp-json\/wp\/v2\/product_brand?post=845"},{"taxonomy":"product_cat","embeddable":true,"href":"https:\/\/europackwine.fr\/fr_fr\/wp-json\/wp\/v2\/product_cat?post=845"},{"taxonomy":"product_tag","embeddable":true,"href":"https:\/\/europackwine.fr\/fr_fr\/wp-json\/wp\/v2\/product_tag?post=845"}],"curies":[{"name":"wp","href":"https:\/\/api.w.org\/{rel}","templated":true}]}}