{"id":1259,"date":"2021-04-19T14:27:32","date_gmt":"2021-04-19T14:27:32","guid":{"rendered":"https:\/\/europackwine.staging-lab.co\/?post_type=product&#038;p=1259"},"modified":"2026-03-31T09:27:50","modified_gmt":"2026-03-31T09:27:50","slug":"carton-37-x-24-x-33-cm","status":"publish","type":"product","link":"https:\/\/europackwine.fr\/fr_fr\/produit\/carton-37-x-24-x-33-cm\/","title":{"rendered":"Capa 06 &#8211; carton 37 x 24 x 33 cm"},"content":{"rendered":"<p data-sourcepos=\"1:1-1:91\"><strong>CAPA 06 : Carton 37 x 24 x 33 cm<br \/>\n<\/strong>Le <strong>CAPA 06<\/strong> est un carton de sur emballage simple cannelure con\u00e7u pour maintenir et prot\u00e9ger 1 intercalaire INPA 03 et 1 coffret EUPA 03 polystyr\u00e8ne lors du transport. Parfaitement adapt\u00e9 pour l&rsquo;exp\u00e9dition de 6 bouteilles de vin, et ainsi vous\u00a0 offrir une protection optimale \u00e0 vos bouteilles. Solide et \u00e9l\u00e9gant, il est id\u00e9al pour le transport et le stockage de vos pr\u00e9cieux crus.<\/p>\n<p data-sourcepos=\"17:1-17:28\"><strong>Pratique et \u00e9conomique :<\/strong><\/p>\n<p data-sourcepos=\"17:1-17:28\">Notre produit est livr\u00e9 par housse de 20 cartons pour un stockage et une manipulation ais\u00e9. Empilage facilement pour un gain de poids et l\u00e9ger de 340g pour r\u00e9duire vos frais d&rsquo;exp\u00e9ditions.<\/p>\n<p data-sourcepos=\"25:1-25:23\"><strong>Solution compl\u00e8te :<\/strong><\/p>\n<p>Si vous n&rsquo;\u00eates pas familier avec notre solution d&#8217;emballage, nous vous recommandons de commander directement la solution compl\u00e8te Euro 06 (liens du produit)\u00a0 qui contient tous les \u00e9l\u00e9ments :<\/p>\n<ul>\n<li>1 carton CAPA 06<\/li>\n<li>1 coffret polystyr\u00e8ne r\u00e9f\u00e9rence EUPA 03 : <a href=\"http:\/\/europackwine.fr\/produit\/coffret-polystyrene-3-bouteilles\/\"><strong>voir produit<\/strong><\/a><\/li>\n<li>1 intercalaires polystyr\u00e8ne r\u00e9f\u00e9rence INPA 03 : <a href=\"http:\/\/europackwine.fr\/produit\/intercalaire-polystyrene-3-bouteilles\/\"><strong>voir produit<\/strong><\/a><\/li>\n<\/ul>\n<p data-sourcepos=\"40:1-40:15\"><strong>Avantages :<\/strong><\/p>\n<ul data-sourcepos=\"42:1-47:0\">\n<li data-sourcepos=\"42:1-42:22\">Robuste et r\u00e9sistant<\/li>\n<li data-sourcepos=\"43:1-43:57\">Parfaitement adapt\u00e9 aux coffrets polystyr\u00e8ne universels<\/li>\n<li data-sourcepos=\"44:1-44:24\">Pratique et \u00e9conomique<\/li>\n<li data-sourcepos=\"45:1-45:20\">L\u00e9ger et empilage<\/li>\n<li data-sourcepos=\"46:1-47:0\">Qualit\u00e9 sup\u00e9rieure<\/li>\n<\/ul>\n","protected":false},"excerpt":{"rendered":"<p data-sourcepos=\"1:1-1:91\"><strong>CAPA 06 carton\u00a0 37 x 24 x 33 cm, <\/strong>la solution id\u00e9ale pour les professionnels du vin qui recherchent un emballage de qualit\u00e9 sup\u00e9rieure pour leurs bouteilles.<br \/>\nConditionnement : Housse de 20 cartons<\/p>\n<hr \/>\n<table class=\"size-table price-table table-technical-information\" style=\"width: 500px;\" data-v-33004ae6=\"\">\n<thead id=\"table-head-product-batch\" data-v-33004ae6=\"\">\n<tr data-v-33004ae6=\"\">\n<th class=\"column-pack table-price-right pt-1 pb-2\" style=\"text-align: center;\" data-v-33004ae6=\"\"><span data-v-33004ae6=\"\">20 cartons<\/span><\/th>\n<th class=\"column-box pt-1 pb-2\" style=\"text-align: center;\" data-v-33004ae6=\"\">80 cartons<\/th>\n<th class=\"column-size pt-1 pb-2\" style=\"text-align: center;\" data-v-33004ae6=\"\"><span data-v-33004ae6=\"\">180 cartons<\/span><\/th>\n<th class=\"column-size-box pt-1 pb-2\" style=\"text-align: center;\" data-v-33004ae6=\"\">320 cartons<\/th>\n<\/tr>\n<\/thead>\n<tbody class=\"table-hover\" data-v-33004ae6=\"\">\n<tr data-v-33004ae6=\"\">\n<td class=\"pl-0 pr-0\" style=\"text-align: center;\" data-v-33004ae6=\"\">1,81\u20ac\/u<\/td>\n<td class=\"pl-0 pr-0\" style=\"text-align: center;\" data-v-33004ae6=\"\">1,75\u20ac\/u<\/td>\n<td class=\"pl-0 pr-0\" style=\"text-align: center;\" data-v-33004ae6=\"\">1,71\u20ac\/u<\/td>\n<td class=\"pl-0 pr-0\" style=\"text-align: center;\" data-v-33004ae6=\"\">1,58\u20ac\/u<\/td>\n<\/tr>\n<\/tbody>\n<\/table>\n","protected":false},"featured_media":7579,"comment_status":"open","ping_status":"closed","template":"","meta":{"_et_pb_use_builder":"","_et_pb_old_content":"","_et_gb_content_width":""},"product_brand":[],"product_cat":[296],"product_tag":[],"class_list":{"0":"post-1259","1":"product","2":"type-product","3":"status-publish","4":"has-post-thumbnail","6":"product_cat-cartons","8":"first","9":"instock","10":"taxable","11":"shipping-taxable","12":"purchasable","13":"product-type-simple"},"_links":{"self":[{"href":"https:\/\/europackwine.fr\/fr_fr\/wp-json\/wp\/v2\/product\/1259","targetHints":{"allow":["GET"]}}],"collection":[{"href":"https:\/\/europackwine.fr\/fr_fr\/wp-json\/wp\/v2\/product"}],"about":[{"href":"https:\/\/europackwine.fr\/fr_fr\/wp-json\/wp\/v2\/types\/product"}],"replies":[{"embeddable":true,"href":"https:\/\/europackwine.fr\/fr_fr\/wp-json\/wp\/v2\/comments?post=1259"}],"wp:featuredmedia":[{"embeddable":true,"href":"https:\/\/europackwine.fr\/fr_fr\/wp-json\/wp\/v2\/media\/7579"}],"wp:attachment":[{"href":"https:\/\/europackwine.fr\/fr_fr\/wp-json\/wp\/v2\/media?parent=1259"}],"wp:term":[{"taxonomy":"product_brand","embeddable":true,"href":"https:\/\/europackwine.fr\/fr_fr\/wp-json\/wp\/v2\/product_brand?post=1259"},{"taxonomy":"product_cat","embeddable":true,"href":"https:\/\/europackwine.fr\/fr_fr\/wp-json\/wp\/v2\/product_cat?post=1259"},{"taxonomy":"product_tag","embeddable":true,"href":"https:\/\/europackwine.fr\/fr_fr\/wp-json\/wp\/v2\/product_tag?post=1259"}],"curies":[{"name":"wp","href":"https:\/\/api.w.org\/{rel}","templated":true}]}}