{"id":1243,"date":"2021-04-19T14:15:06","date_gmt":"2021-04-19T14:15:06","guid":{"rendered":"https:\/\/europackwine.staging-lab.co\/?post_type=product&#038;p=1243"},"modified":"2026-03-31T09:43:41","modified_gmt":"2026-03-31T09:43:41","slug":"carton-48-x-32-x-45-cm","status":"publish","type":"product","link":"https:\/\/europackwine.fr\/fr_fr\/produit\/carton-48-x-32-x-45-cm\/","title":{"rendered":"CAPA 06MA &#8211; Carton 48 x 32 x 45 cm"},"content":{"rendered":"<p data-sourcepos=\"1:1-1:91\"><strong>CAPA 06MA : Carton 48 x 32 x 45 cm Coffrets Polystyr\u00e8ne Universels pour magnum.<br \/>\n<\/strong>Le <strong>CAPA 06MA<\/strong> est un carton de sur emballage pour magnum simple cannelure con\u00e7u pour maintenir et prot\u00e9ger 6 coffrets (EUPAMA) pour magnum en polystyr\u00e8ne lors du transport. Parfaitement adapt\u00e9 pour l&rsquo;exp\u00e9dition de 6 magnums, et ainsi vous offrir une protection optimale \u00e0 vos bouteilles. Solide et \u00e9l\u00e9gant, il est id\u00e9al pour le transport et le stockage de vos pr\u00e9cieux crus.<\/p>\n<p data-sourcepos=\"17:1-17:28\"><strong>Pratique et \u00e9conomique :<\/strong><\/p>\n<p data-sourcepos=\"17:1-17:28\">Notre produit est livr\u00e9 par housse de 25 cartons pour un stockage et une manipulation ais\u00e9e. Empilable facilement pour un gain de poids et l\u00e9ger de 550g pour r\u00e9duire vos frais d&rsquo;exp\u00e9ditions.<\/p>\n<p data-sourcepos=\"25:1-25:23\"><strong>Solution compl\u00e8te :<\/strong><\/p>\n<p>Si vous n&rsquo;\u00eates pas familier avec notre solution d&#8217;emballage, nous vous recommandons de commander directement la solution compl\u00e8te EURO06MA (<a href=\"http:\/\/europackwine.fr\/produit\/emballage-vin-6-magnum\/\"><strong>voir produit<\/strong><\/a>) qui contient tous les \u00e9l\u00e9ments :<\/p>\n<ul>\n<li>1 carton CAPA 06MA<\/li>\n<li>6 coffrets polystyr\u00e8ne r\u00e9f\u00e9rence EUPAMA : <a href=\"http:\/\/europackwine.fr\/produit\/coffret-polystyrene-1-magnum\/\">lien du produit<\/a><\/li>\n<\/ul>\n<p data-sourcepos=\"40:1-40:15\"><strong>Avantages :<\/strong><\/p>\n<ul data-sourcepos=\"42:1-47:0\">\n<li data-sourcepos=\"42:1-42:22\">Robuste et r\u00e9sistant<\/li>\n<li data-sourcepos=\"43:1-43:57\">Parfaitement adapt\u00e9 aux coffrets polystyr\u00e8ne universels<\/li>\n<li data-sourcepos=\"44:1-44:24\">Pratique et \u00e9conomique<\/li>\n<li data-sourcepos=\"45:1-45:20\">L\u00e9ger et empilable<\/li>\n<li data-sourcepos=\"46:1-47:0\">Qualit\u00e9 sup\u00e9rieure<\/li>\n<\/ul>\n","protected":false},"excerpt":{"rendered":"<p data-sourcepos=\"1:1-1:91\"><strong>CAPA 06MA : Carton 48 x 32 x 45 cm, <\/strong>la solution id\u00e9ale pour les professionnels du vin qui recherchent un emballage de qualit\u00e9 sup\u00e9rieure pour leurs bouteilles.<br \/>\nConditionnement : Housse de 25 cartons<\/p>\n<hr \/>\n<table class=\"size-table price-table table-technical-information\" style=\"height: 80px; width: 500px;\" data-v-33004ae6=\"\">\n<thead id=\"table-head-product-batch\" data-v-33004ae6=\"\">\n<tr data-v-33004ae6=\"\">\n<th class=\"column-pack table-price-right pt-1 pb-2\" style=\"width: 111.469px; text-align: center;\" data-v-33004ae6=\"\"><span data-v-33004ae6=\"\">25 cartons<\/span><\/th>\n<th class=\"column-box pt-1 pb-2\" style=\"width: 116.492px; text-align: center;\" data-v-33004ae6=\"\">125 cartons<\/th>\n<th class=\"column-size pt-1 pb-2\" style=\"width: 120.508px; text-align: center;\" data-v-33004ae6=\"\"><span data-v-33004ae6=\"\">225 cartons<\/span><\/th>\n<th class=\"column-size-box pt-1 pb-2\" style=\"width: 123.531px; text-align: center;\" data-v-33004ae6=\"\">425 cartons<\/th>\n<\/tr>\n<\/thead>\n<tbody class=\"table-hover\" data-v-33004ae6=\"\">\n<tr data-v-33004ae6=\"\">\n<td class=\"pl-0 pr-0\" style=\"width: 111.469px; text-align: center;\" data-v-33004ae6=\"\">3,48\u20ac\/u<\/td>\n<td class=\"pl-0 pr-0\" style=\"width: 116.492px; text-align: center;\" data-v-33004ae6=\"\">3,40\u20ac\/u<\/td>\n<td class=\"pl-0 pr-0\" style=\"width: 120.508px; text-align: center;\" data-v-33004ae6=\"\">3,36\u20ac\/u<\/td>\n<td class=\"pl-0 pr-0\" style=\"width: 123.531px; text-align: center;\" data-v-33004ae6=\"\">3,22\u20ac\/u<\/td>\n<\/tr>\n<\/tbody>\n<\/table>\n","protected":false},"featured_media":7728,"comment_status":"open","ping_status":"closed","template":"","meta":{"_et_pb_use_builder":"","_et_pb_old_content":"","_et_gb_content_width":""},"product_brand":[],"product_cat":[296],"product_tag":[],"class_list":{"0":"post-1243","1":"product","2":"type-product","3":"status-publish","4":"has-post-thumbnail","6":"product_cat-cartons","8":"first","9":"instock","10":"taxable","11":"shipping-taxable","12":"purchasable","13":"product-type-simple"},"_links":{"self":[{"href":"https:\/\/europackwine.fr\/fr_fr\/wp-json\/wp\/v2\/product\/1243","targetHints":{"allow":["GET"]}}],"collection":[{"href":"https:\/\/europackwine.fr\/fr_fr\/wp-json\/wp\/v2\/product"}],"about":[{"href":"https:\/\/europackwine.fr\/fr_fr\/wp-json\/wp\/v2\/types\/product"}],"replies":[{"embeddable":true,"href":"https:\/\/europackwine.fr\/fr_fr\/wp-json\/wp\/v2\/comments?post=1243"}],"wp:featuredmedia":[{"embeddable":true,"href":"https:\/\/europackwine.fr\/fr_fr\/wp-json\/wp\/v2\/media\/7728"}],"wp:attachment":[{"href":"https:\/\/europackwine.fr\/fr_fr\/wp-json\/wp\/v2\/media?parent=1243"}],"wp:term":[{"taxonomy":"product_brand","embeddable":true,"href":"https:\/\/europackwine.fr\/fr_fr\/wp-json\/wp\/v2\/product_brand?post=1243"},{"taxonomy":"product_cat","embeddable":true,"href":"https:\/\/europackwine.fr\/fr_fr\/wp-json\/wp\/v2\/product_cat?post=1243"},{"taxonomy":"product_tag","embeddable":true,"href":"https:\/\/europackwine.fr\/fr_fr\/wp-json\/wp\/v2\/product_tag?post=1243"}],"curies":[{"name":"wp","href":"https:\/\/api.w.org\/{rel}","templated":true}]}}