{"id":1091,"date":"2021-04-19T07:49:39","date_gmt":"2021-04-19T07:49:39","guid":{"rendered":"https:\/\/europackwine.staging-lab.co\/?post_type=product&#038;p=1091"},"modified":"2026-03-30T08:43:24","modified_gmt":"2026-03-30T08:43:24","slug":"coffret-polystyrene-1-bouteille","status":"publish","type":"product","link":"https:\/\/europackwine.fr\/fr_fr\/produit\/coffret-polystyrene-1-bouteille\/","title":{"rendered":"EUPA 01 &#8211; Coffret polystyrene 1 bouteille"},"content":{"rendered":"<p data-sourcepos=\"1:1-1:80\"><strong>EUPA 01 : Coffret polystyrene 1 bouteille<\/strong><\/p>\n<p data-sourcepos=\"1:1-1:80\"><strong>Prot\u00e9gez vos bouteilles de vin en toute s\u00e9curit\u00e9 avec notre coffret de protection universel !<\/strong><\/p>\n<p>Ce coffret en polystyr\u00e8ne expans\u00e9 (PSE) est con\u00e7u pour offrir une protection universelle et optimale \u00e0 vos bouteilles de vin lors de l&rsquo;exp\u00e9dition.<\/p>\n<p data-sourcepos=\"17:1-17:28\"><strong>Pratique et \u00e9conomique :<\/strong><\/p>\n<p data-sourcepos=\"17:1-17:28\">Notre produit est livr\u00e9 par housse de 50 coffrets pour un stockage et une manipulation ais\u00e9e. Empilable facilement pour un gain de poids et l\u00e9ger de 80g pour r\u00e9duire vos frais d&rsquo;exp\u00e9ditions.<\/p>\n<p data-sourcepos=\"20:1-20:15\"><strong>Important :<\/strong><\/p>\n<p data-sourcepos=\"22:1-22:143\">Le coffret polystyr\u00e8ne 1 bouteille fonctionne comme un rembourrage et n\u00e9cessite un sur-carton pour le maintenir et garantir son int\u00e9grit\u00e9 lors de l&rsquo;exp\u00e9dition.<\/p>\n<p data-sourcepos=\"22:1-22:143\"><strong>Avantages :\u00a0<\/strong><\/p>\n<ul data-sourcepos=\"5:1-8:0\">\n<li data-sourcepos=\"5:1-6:52\">Protection : le polystyr\u00e8ne est un mat\u00e9riau de protection fabriqu\u00e9 \u00e0 partir de mousse de polystyr\u00e8ne expans\u00e9 (EPS) qui prot\u00e8ge le vin des chocs et des vibrations pendant le transport et la manutention.<\/li>\n<li data-sourcepos=\"5:1-5:272\">Isolation<strong>\u00a0:<\/strong> le PSE est \u00e9galement un bon isolant et permet de maintenir les bouteilles de vin \u00e0 une temp\u00e9rature constante pendant le transport et le stockage.<\/li>\n<li data-sourcepos=\"16:1-16:106\">L\u00e9g\u00e8ret\u00e9 : Le polystyr\u00e8ne est un mat\u00e9riau l\u00e9ger, ce qui facilite le transport et la manutention des caisses de vin. Ainsi, il est un\u00a0avantage pour l&rsquo;environnement, car il r\u00e9duit les \u00e9missions de carbone.<\/li>\n<li data-sourcepos=\"16:1-16:106\">Recyclable : les coffrets polystyr\u00e8nes sont recyclables, et peuvent \u00eatre recycl\u00e9s en de nouveaux produits, tels que des produits de rembourrage, d&#8217;emballage alimentaires, etc<\/li>\n<\/ul>\n<p data-sourcepos=\"25:1-25:23\"><strong>Solution compl\u00e8te :<\/strong><\/p>\n<p>Si vous n&rsquo;\u00eates pas familier avec notre solution d&#8217;emballage, nous vous recommandons de commander directement une <strong>solution compl\u00e8te<\/strong> selon la quantit\u00e9 de bouteilles que vous souhaitez exp\u00e9dier :<\/p>\n<ul>\n<li>Pour 1 bouteille :\n<ul>\n<li>EURO 01 : <strong><a href=\"http:\/\/europackwine.fr\/produit\/emballage-vin-1-bouteille\/\">voir le produit<\/a><\/strong><\/li>\n<\/ul>\n<\/li>\n<li>Pour 2 bouteilles :\n<ul>\n<li>EURO 02 : <strong><a href=\"http:\/\/europackwine.fr\/produit\/emballage-vin-2-bouteilles\/\">voir le produit<\/a><\/strong><\/li>\n<\/ul>\n<\/li>\n<li>Pour 4 bouteilles :\n<ul>\n<li>EURO 04 :\u00a0<strong><a href=\"http:\/\/europackwine.fr\/produit\/emballage-vin-4-bouteilles\/\">voir le produit<\/a><\/strong><\/li>\n<\/ul>\n<\/li>\n<\/ul>\n","protected":false},"excerpt":{"rendered":"<p data-sourcepos=\"1:1-1:91\"><strong>EUPA 01 &#8211; coffret polystyrene 1 bouteille, <\/strong>la solution id\u00e9ale pour les professionnels du vin qui recherchent un emballage de qualit\u00e9 sup\u00e9rieure pour leur bouteille.<br \/>\nConditionnement : Housse de 50<\/p>\n<hr \/>\n<table class=\"size-table price-table table-technical-information\" style=\"width: 500px;\" data-v-33004ae6=\"\">\n<thead id=\"table-head-product-batch\" data-v-33004ae6=\"\">\n<tr data-v-33004ae6=\"\">\n<th class=\"column-pack table-price-right pt-1 pb-2\" data-v-33004ae6=\"\"><span data-v-33004ae6=\"\">50 coffrets<\/span><\/th>\n<th class=\"column-box pt-1 pb-2\" data-v-33004ae6=\"\">150 coffrets<\/th>\n<th class=\"column-size pt-1 pb-2\" data-v-33004ae6=\"\"><span data-v-33004ae6=\"\">250 coffrets<\/span><\/th>\n<th class=\"column-size-box pt-1 pb-2\" data-v-33004ae6=\"\">450 coffrets<\/th>\n<\/tr>\n<\/thead>\n<tbody class=\"table-hover\" data-v-33004ae6=\"\">\n<tr data-v-33004ae6=\"\">\n<td class=\"pl-0 pr-0\" data-v-33004ae6=\"\">1,46\u20ac\/u<\/td>\n<td class=\"pl-0 pr-0\" data-v-33004ae6=\"\">1,38\u20ac\/u<\/td>\n<td class=\"pl-0 pr-0\" data-v-33004ae6=\"\">1,26\u20ac\/u<\/td>\n<td class=\"pl-0 pr-0\" data-v-33004ae6=\"\">1,18\u20ac\/u<\/td>\n<\/tr>\n<\/tbody>\n<\/table>\n","protected":false},"featured_media":1814,"comment_status":"open","ping_status":"closed","template":"","meta":{"_et_pb_use_builder":"","_et_pb_old_content":"","_et_gb_content_width":""},"product_brand":[],"product_cat":[295],"product_tag":[],"class_list":{"0":"post-1091","1":"product","2":"type-product","3":"status-publish","4":"has-post-thumbnail","6":"product_cat-coffrets","8":"first","9":"instock","10":"taxable","11":"shipping-taxable","12":"purchasable","13":"product-type-simple"},"_links":{"self":[{"href":"https:\/\/europackwine.fr\/fr_fr\/wp-json\/wp\/v2\/product\/1091","targetHints":{"allow":["GET"]}}],"collection":[{"href":"https:\/\/europackwine.fr\/fr_fr\/wp-json\/wp\/v2\/product"}],"about":[{"href":"https:\/\/europackwine.fr\/fr_fr\/wp-json\/wp\/v2\/types\/product"}],"replies":[{"embeddable":true,"href":"https:\/\/europackwine.fr\/fr_fr\/wp-json\/wp\/v2\/comments?post=1091"}],"wp:featuredmedia":[{"embeddable":true,"href":"https:\/\/europackwine.fr\/fr_fr\/wp-json\/wp\/v2\/media\/1814"}],"wp:attachment":[{"href":"https:\/\/europackwine.fr\/fr_fr\/wp-json\/wp\/v2\/media?parent=1091"}],"wp:term":[{"taxonomy":"product_brand","embeddable":true,"href":"https:\/\/europackwine.fr\/fr_fr\/wp-json\/wp\/v2\/product_brand?post=1091"},{"taxonomy":"product_cat","embeddable":true,"href":"https:\/\/europackwine.fr\/fr_fr\/wp-json\/wp\/v2\/product_cat?post=1091"},{"taxonomy":"product_tag","embeddable":true,"href":"https:\/\/europackwine.fr\/fr_fr\/wp-json\/wp\/v2\/product_tag?post=1091"}],"curies":[{"name":"wp","href":"https:\/\/api.w.org\/{rel}","templated":true}]}}