{"id":1053,"date":"2021-04-19T07:08:21","date_gmt":"2021-04-19T07:08:21","guid":{"rendered":"https:\/\/europackwine.staging-lab.co\/?post_type=product&#038;p=1053"},"modified":"2026-03-31T07:59:46","modified_gmt":"2026-03-31T07:59:46","slug":"intercalaire-polystyrene-3-bouteilles","status":"publish","type":"product","link":"https:\/\/europackwine.fr\/fr_fr\/produit\/intercalaire-polystyrene-3-bouteilles\/","title":{"rendered":"INPA 03 &#8211; Intercalaire polystyrene 3 bouteilles"},"content":{"rendered":"<p data-sourcepos=\"1:1-1:80\"><strong>INPA 03 &#8211; Intercalaire polystyrene 3 bouteilles<\/strong><\/p>\n<p data-sourcepos=\"1:1-1:80\"><strong>Besoin de rajouter des bouteilles \u00e0 votre colis, utilisez notre intercalaire universel !<\/strong><\/p>\n<p>Comme nos coffrets en polystyr\u00e8ne expans\u00e9 (PSE), l&rsquo;intercalaire est con\u00e7u pour offrir une protection universelle et optimale \u00e0 vos bouteilles de vin lors de l&rsquo;exp\u00e9dition.<\/p>\n<p data-sourcepos=\"17:1-17:28\"><strong>Pratique et \u00e9conomique :<\/strong><\/p>\n<p data-sourcepos=\"17:1-17:28\">Notre produit est livr\u00e9 par housse de 30 pour un stockage et une manipulation ais\u00e9e. Empilable facilement pour un gain de poids et l\u00e9ger de 145g pour r\u00e9duire vos frais d&rsquo;exp\u00e9ditions.<\/p>\n<p data-sourcepos=\"20:1-20:15\"><strong>Important :<\/strong><\/p>\n<p data-sourcepos=\"22:1-22:143\">L&rsquo;intercalaire\u00a0polystyrene 3 bouteilles fonctionne comme un rembourrage interm\u00e9diaire et n\u00e9cessite un sur-carton et un coffret polystyrene pour le maintenir et garantir son int\u00e9grit\u00e9 lors de l&rsquo;exp\u00e9dition.<\/p>\n<p data-sourcepos=\"22:1-22:143\"><strong>Avantages :\u00a0<\/strong><\/p>\n<ul data-sourcepos=\"5:1-8:0\">\n<li data-sourcepos=\"5:1-6:52\">Protection : le polystyr\u00e8ne est un mat\u00e9riau de protection fabriqu\u00e9 \u00e0 partir de mousse de polystyr\u00e8ne expans\u00e9 (EPS) qui prot\u00e8ge le vin des chocs et des vibrations pendant le transport et la manutention.<\/li>\n<li data-sourcepos=\"5:1-5:272\">Isolation<strong>\u00a0:<\/strong> le PSE est \u00e9galement un bon isolant et permet de maintenir les bouteilles de vin \u00e0 une temp\u00e9rature constante pendant le transport et le stockage.<\/li>\n<li data-sourcepos=\"16:1-16:106\">L\u00e9g\u00e8ret\u00e9 : Le polystyr\u00e8ne est un mat\u00e9riau l\u00e9ger, ce qui facilite le transport et la manutention des caisses de vin. Ainsi, il est un\u00a0avantage pour l&rsquo;environnement, car il r\u00e9duit les \u00e9missions de carbone.<\/li>\n<li data-sourcepos=\"16:1-16:106\">Recyclable : les coffrets polystyr\u00e8nes comme les intercalaires sont recyclables, et peuvent \u00eatre recycl\u00e9s en de nouveaux produits, tels que des produits de rembourrage, d&#8217;emballage alimentaires, etc<\/li>\n<\/ul>\n<p data-sourcepos=\"25:1-25:23\"><strong>Solution compl\u00e8te :<\/strong><\/p>\n<p>Si vous n&rsquo;\u00eates pas familier avec notre solution d&#8217;emballage, nous vous recommandons de commander directement une <strong>solution compl\u00e8te<\/strong> selon la quantit\u00e9 de bouteilles que vous souhaitez exp\u00e9dier :<\/p>\n<ul>\n<li>Pour 6 bouteilles : contient carton + coffret 3 bouteilles + intercalaire 3 bouteilles\n<ul>\n<li>EURO 06 (simple cannelure) : <strong><a href=\"http:\/\/europackwine.fr\/produit\/emballage-vin-6-bouteilles\/\">voir produit<\/a><\/strong><\/li>\n<li>EURO 06 DC (double cannelure) : <strong><a href=\"http:\/\/europackwine.fr\/produit\/emballage-vin-6-bouteilles-renforce\/\">voir produit<\/a><\/strong><\/li>\n<\/ul>\n<\/li>\n<li>Pour 12 bouteilles : contient carton + coffret 6 bouteilles + intercalaire 6 bouteilles\n<ul>\n<li>EURO 12 (simple cannelure) : <strong><a href=\"http:\/\/europackwine.fr\/produit\/emballage-vin-12-bouteilles\/\">voir produit<\/a><\/strong><\/li>\n<li>EURO 12 DC (double cannelure) : <strong><a href=\"http:\/\/europackwine.fr\/produit\/emballage-vin-12-bouteilles-renforce\/\">voir produit<\/a><\/strong><\/li>\n<\/ul>\n<\/li>\n<\/ul>\n","protected":false},"excerpt":{"rendered":"<p data-sourcepos=\"1:1-1:91\"><strong>INPA 03 &#8211; Intercalaire polystyrene 3 bouteilles, <\/strong>la solution id\u00e9ale pour les professionnels du vin qui souhaitent exp\u00e9dier plus de 6, 9 ou 12 bouteilles dans m\u00eame un colis.<strong><br \/>\n<\/strong>Conditionnement : Housse de 30<\/p>\n<hr \/>\n<table class=\"size-table price-table table-technical-information\" style=\"height: 57px; width: 554px;\" data-v-33004ae6=\"\">\n<thead id=\"table-head-product-batch\" data-v-33004ae6=\"\">\n<tr style=\"height: 46px;\" data-v-33004ae6=\"\">\n<th class=\"column-pack table-price-right pt-1 pb-2\" style=\"width: 88.9375px; height: 42px; text-align: center;\" data-v-33004ae6=\"\"><span data-v-33004ae6=\"\">30 coffrets<\/span><\/th>\n<th class=\"column-box pt-1 pb-2\" style=\"width: 114.852px; height: 42px; text-align: center;\" data-v-33004ae6=\"\">90 coffrets<\/th>\n<th class=\"column-size pt-1 pb-2\" style=\"width: 145.797px; height: 42px; text-align: center;\" data-v-33004ae6=\"\"><span data-v-33004ae6=\"\">180 coffrets<\/span><\/th>\n<th class=\"column-size-box pt-1 pb-2\" style=\"width: 176.414px; height: 42px; text-align: center;\" data-v-33004ae6=\"\">330 coffrets<\/th>\n<\/tr>\n<\/thead>\n<tbody class=\"table-hover\" data-v-33004ae6=\"\">\n<tr style=\"height: 15px;\" data-v-33004ae6=\"\">\n<td class=\"pl-0 pr-0\" style=\"width: 88.9375px; height: 15px; text-align: center;\" data-v-33004ae6=\"\">2,49\u20ac\/u<\/td>\n<td class=\"pl-0 pr-0\" style=\"width: 114.852px; height: 15px; text-align: center;\" data-v-33004ae6=\"\">2,42\u20ac\/u<\/td>\n<td class=\"pl-0 pr-0\" style=\"width: 145.797px; height: 15px; text-align: center;\" data-v-33004ae6=\"\">2,35\u20ac\/u<\/td>\n<td class=\"pl-0 pr-0\" style=\"width: 176.414px; height: 15px; text-align: center;\" data-v-33004ae6=\"\">2,23\u20ac\/u<\/td>\n<\/tr>\n<\/tbody>\n<\/table>\n<p>&nbsp;<\/p>\n","protected":false},"featured_media":7583,"comment_status":"open","ping_status":"closed","template":"","meta":{"_et_pb_use_builder":"","_et_pb_old_content":"","_et_gb_content_width":""},"product_brand":[],"product_cat":[295],"product_tag":[],"class_list":{"0":"post-1053","1":"product","2":"type-product","3":"status-publish","4":"has-post-thumbnail","6":"product_cat-coffrets","8":"first","9":"instock","10":"taxable","11":"shipping-taxable","12":"purchasable","13":"product-type-simple"},"_links":{"self":[{"href":"https:\/\/europackwine.fr\/fr_fr\/wp-json\/wp\/v2\/product\/1053","targetHints":{"allow":["GET"]}}],"collection":[{"href":"https:\/\/europackwine.fr\/fr_fr\/wp-json\/wp\/v2\/product"}],"about":[{"href":"https:\/\/europackwine.fr\/fr_fr\/wp-json\/wp\/v2\/types\/product"}],"replies":[{"embeddable":true,"href":"https:\/\/europackwine.fr\/fr_fr\/wp-json\/wp\/v2\/comments?post=1053"}],"wp:featuredmedia":[{"embeddable":true,"href":"https:\/\/europackwine.fr\/fr_fr\/wp-json\/wp\/v2\/media\/7583"}],"wp:attachment":[{"href":"https:\/\/europackwine.fr\/fr_fr\/wp-json\/wp\/v2\/media?parent=1053"}],"wp:term":[{"taxonomy":"product_brand","embeddable":true,"href":"https:\/\/europackwine.fr\/fr_fr\/wp-json\/wp\/v2\/product_brand?post=1053"},{"taxonomy":"product_cat","embeddable":true,"href":"https:\/\/europackwine.fr\/fr_fr\/wp-json\/wp\/v2\/product_cat?post=1053"},{"taxonomy":"product_tag","embeddable":true,"href":"https:\/\/europackwine.fr\/fr_fr\/wp-json\/wp\/v2\/product_tag?post=1053"}],"curies":[{"name":"wp","href":"https:\/\/api.w.org\/{rel}","templated":true}]}}