{"id":1886,"date":"2021-10-04T21:52:45","date_gmt":"2021-10-04T21:52:45","guid":{"rendered":"http:\/\/europackwine.fr\/?page_id=1886"},"modified":"2022-12-13T08:23:00","modified_gmt":"2022-12-13T08:23:00","slug":"politique-de-confidentialite","status":"publish","type":"page","link":"https:\/\/europackwine.fr\/fr_fr\/politique-de-confidentialite\/","title":{"rendered":"Politique de confidentialit\u00e9"},"content":{"rendered":"<p>[et_pb_section fb_built=\u00a0\u00bb1&Prime; fullwidth=\u00a0\u00bbon\u00a0\u00bb _builder_version=\u00a0\u00bb4.16&Prime; _module_preset=\u00a0\u00bbdefault\u00a0\u00bb background_color=\u00a0\u00bb#FFFFFF\u00a0\u00bb background_image=\u00a0\u00bbhttp:\/\/europackwine.fr\/wp-content\/uploads\/2021\/10\/Bannie\u0300re-administratif-europackwine.png\u00a0\u00bb z_index=\u00a0\u00bb0&Prime; global_colors_info=\u00a0\u00bb{}\u00a0\u00bb][et_pb_fullwidth_header title=\u00a0\u00bbPolitique de confidentialit\u00e9\u00a0\u00bb text_orientation=\u00a0\u00bbcenter\u00a0\u00bb _builder_version=\u00a0\u00bb4.16&Prime; _module_preset=\u00a0\u00bbdefault\u00a0\u00bb title_font=\u00a0\u00bb|800|||||||\u00a0\u00bb title_font_size=\u00a0\u00bb40px\u00a0\u00bb content_font=\u00a0\u00bb|600|||||||\u00a0\u00bb content_font_size=\u00a0\u00bb20px\u00a0\u00bb background_color=\u00a0\u00bbrgba(0,0,0,0.44)\u00a0\u00bb background_enable_image=\u00a0\u00bboff\u00a0\u00bb background_position=\u00a0\u00bbtop_left\u00a0\u00bb custom_padding=\u00a0\u00bb150px||150px||false|false\u00a0\u00bb global_colors_info=\u00a0\u00bb{}\u00a0\u00bb]<\/p>\n<p>Le site Europackwine se veut respecter votre vie priv\u00e9e et \u00eatre le plus s\u00e9curis\u00e9 possible. A cet effet, nous mettons tout en oeuvre pour respecter les r\u00e8gles de s\u00e9curit\u00e9.<\/p>\n<p><strong>Mise \u00e0 jour le 4 Octobre 2021<\/strong><\/p>\n<p>[\/et_pb_fullwidth_header][\/et_pb_section][et_pb_section fb_built=\u00a0\u00bb1&Prime; _builder_version=\u00a0\u00bb4.16&Prime; _module_preset=\u00a0\u00bbdefault\u00a0\u00bb background_color=\u00a0\u00bb#FFFFFF\u00a0\u00bb custom_padding=\u00a0\u00bb2px|||||\u00a0\u00bb global_colors_info=\u00a0\u00bb{}\u00a0\u00bb][et_pb_row column_structure=\u00a0\u00bb1_3,1_3,1_3&Prime; use_custom_gutter=\u00a0\u00bbon\u00a0\u00bb gutter_width=\u00a0\u00bb2&Prime; make_equal=\u00a0\u00bbon\u00a0\u00bb custom_padding_last_edited=\u00a0\u00bbon|phone\u00a0\u00bb _builder_version=\u00a0\u00bb4.16&Prime; _module_preset=\u00a0\u00bbdefault\u00a0\u00bb background_color=\u00a0\u00bbRGBA(0,0,0,0)\u00a0\u00bb width_tablet=\u00a0\u00bb90%\u00a0\u00bb width_phone=\u00a0\u00bb100%\u00a0\u00bb width_last_edited=\u00a0\u00bboff|desktop\u00a0\u00bb module_alignment=\u00a0\u00bbcenter\u00a0\u00bb custom_margin=\u00a0\u00bb-100px||||false|false\u00a0\u00bb custom_margin_tablet=\u00a0\u00bb\u00a0\u00bb custom_margin_phone=\u00a0\u00bb\u00a0\u00bb custom_margin_last_edited=\u00a0\u00bbon|tablet\u00a0\u00bb custom_padding_tablet=\u00a0\u00bb0px||0px||false|false\u00a0\u00bb custom_padding_phone=\u00a0\u00bb\u00a0\u00bb animation_style=\u00a0\u00bbslide\u00a0\u00bb animation_direction=\u00a0\u00bbbottom\u00a0\u00bb animation_duration=\u00a0\u00bb2000ms\u00a0\u00bb animation_delay=\u00a0\u00bb200ms\u00a0\u00bb animation_intensity_slide=\u00a0\u00bb2%\u00a0\u00bb animation_starting_opacity=\u00a0\u00bb100%\u00a0\u00bb global_colors_info=\u00a0\u00bb{}\u00a0\u00bb][et_pb_column type=\u00a0\u00bb1_3&Prime; _builder_version=\u00a0\u00bb4.16&Prime; _module_preset=\u00a0\u00bbdefault\u00a0\u00bb global_colors_info=\u00a0\u00bb{}\u00a0\u00bb][et_pb_blurb title=\u00a0\u00bbCGV\u00a0\u00bb url=\u00a0\u00bb\/cgv\u00a0\u00bb use_icon=\u00a0\u00bbon\u00a0\u00bb font_icon=\u00a0\u00bb&#xe086;||divi||400&Prime; icon_color=\u00a0\u00bb#FFFFFF\u00a0\u00bb image_icon_width=\u00a0\u00bb71px\u00a0\u00bb _builder_version=\u00a0\u00bb4.16&Prime; _module_preset=\u00a0\u00bbdefault\u00a0\u00bb header_font=\u00a0\u00bb|700|||||||\u00a0\u00bb header_text_color=\u00a0\u00bb#FFFFFF\u00a0\u00bb header_font_size=\u00a0\u00bb23px\u00a0\u00bb background_color=\u00a0\u00bbgcid-fd36f63e-9408-4d0a-9f19-0bd5209dc9bd\u00a0\u00bb text_orientation=\u00a0\u00bbcenter\u00a0\u00bb background_layout=\u00a0\u00bbdark\u00a0\u00bb custom_margin=\u00a0\u00bb||1px|||\u00a0\u00bb custom_padding=\u00a0\u00bb20px|20px|20px|20px|false|false\u00a0\u00bb border_radii=\u00a0\u00bbon|14px|14px|14px|14px\u00a0\u00bb border_width_all=\u00a0\u00bb5px\u00a0\u00bb border_color_all=\u00a0\u00bbgcid-fd36f63e-9408-4d0a-9f19-0bd5209dc9bd\u00a0\u00bb box_shadow_style=\u00a0\u00bbpreset6&Prime; icon_font_size=\u00a0\u00bb71px\u00a0\u00bb global_colors_info=\u00a0\u00bb{%22gcid-fd36f63e-9408-4d0a-9f19-0bd5209dc9bd%22:%91%22background_color%22,%22border_color_all%22%93,%22gcid-2d6eafff-7982-471f-86f7-508420bf5d88%22:%91%22background_color__hover%22,%22border_color_all__hover%22%93}\u00a0\u00bb background__hover_enabled=\u00a0\u00bbon|hover\u00a0\u00bb background_color__hover=\u00a0\u00bb#688320&Prime; background_enable_color__hover=\u00a0\u00bbon\u00a0\u00bb border_color_all__hover_enabled=\u00a0\u00bbon|hover\u00a0\u00bb border_color_all__hover=\u00a0\u00bb#688320&Prime;][\/et_pb_blurb][\/et_pb_column][et_pb_column type=\u00a0\u00bb1_3&Prime; _builder_version=\u00a0\u00bb4.16&Prime; _module_preset=\u00a0\u00bbdefault\u00a0\u00bb global_colors_info=\u00a0\u00bb{}\u00a0\u00bb][et_pb_blurb title=\u00a0\u00bbMentions l\u00e9gales\u00a0\u00bb url=\u00a0\u00bb\/mentions-legales\u00a0\u00bb use_icon=\u00a0\u00bbon\u00a0\u00bb font_icon=\u00a0\u00bb&#xe08b;||divi||400&Prime; icon_color=\u00a0\u00bb#FFFFFF\u00a0\u00bb image_icon_width=\u00a0\u00bb71px\u00a0\u00bb _builder_version=\u00a0\u00bb4.16&Prime; _module_preset=\u00a0\u00bbdefault\u00a0\u00bb header_font=\u00a0\u00bb|700|||||||\u00a0\u00bb header_text_color=\u00a0\u00bb#FFFFFF\u00a0\u00bb header_font_size=\u00a0\u00bb23px\u00a0\u00bb background_color=\u00a0\u00bbgcid-fd36f63e-9408-4d0a-9f19-0bd5209dc9bd\u00a0\u00bb text_orientation=\u00a0\u00bbcenter\u00a0\u00bb background_layout=\u00a0\u00bbdark\u00a0\u00bb custom_padding=\u00a0\u00bb20px|20px|20px|20px|false|false\u00a0\u00bb border_radii=\u00a0\u00bbon|14px|14px|14px|14px\u00a0\u00bb border_width_all=\u00a0\u00bb5px\u00a0\u00bb border_color_all=\u00a0\u00bbgcid-fd36f63e-9408-4d0a-9f19-0bd5209dc9bd\u00a0\u00bb box_shadow_style=\u00a0\u00bbpreset6&Prime; icon_font_size=\u00a0\u00bb71px\u00a0\u00bb global_colors_info=\u00a0\u00bb{%22gcid-fd36f63e-9408-4d0a-9f19-0bd5209dc9bd%22:%91%22background_color%22,%22border_color_all%22%93,%22gcid-2d6eafff-7982-471f-86f7-508420bf5d88%22:%91%22background_color__hover%22,%22border_color_all__hover%22%93}\u00a0\u00bb background__hover_enabled=\u00a0\u00bbon|hover\u00a0\u00bb background_color__hover=\u00a0\u00bb#688320&Prime; background_enable_color__hover=\u00a0\u00bbon\u00a0\u00bb border_color_all__hover_enabled=\u00a0\u00bbon|hover\u00a0\u00bb border_color_all__hover=\u00a0\u00bb#688320&Prime;][\/et_pb_blurb][\/et_pb_column][et_pb_column type=\u00a0\u00bb1_3&Prime; _builder_version=\u00a0\u00bb4.16&Prime; _module_preset=\u00a0\u00bbdefault\u00a0\u00bb global_colors_info=\u00a0\u00bb{}\u00a0\u00bb][et_pb_blurb title=\u00a0\u00bbLivraisons\u00a0\u00bb url=\u00a0\u00bb\/livraisons\u00a0\u00bb use_icon=\u00a0\u00bbon\u00a0\u00bb font_icon=\u00a0\u00bb&#xe081;||divi||400&Prime; icon_color=\u00a0\u00bb#FFFFFF\u00a0\u00bb image_icon_width=\u00a0\u00bb71px\u00a0\u00bb _builder_version=\u00a0\u00bb4.16&Prime; _module_preset=\u00a0\u00bbdefault\u00a0\u00bb header_font=\u00a0\u00bb|700|||||||\u00a0\u00bb header_text_align=\u00a0\u00bbcenter\u00a0\u00bb header_text_color=\u00a0\u00bb#FFFFFF\u00a0\u00bb header_font_size=\u00a0\u00bb23px\u00a0\u00bb background_color=\u00a0\u00bbgcid-fd36f63e-9408-4d0a-9f19-0bd5209dc9bd\u00a0\u00bb background_layout=\u00a0\u00bbdark\u00a0\u00bb custom_padding=\u00a0\u00bb20px|20px|20px|20px|false|false\u00a0\u00bb border_radii=\u00a0\u00bbon|14px|14px|14px|14px\u00a0\u00bb border_width_all=\u00a0\u00bb5px\u00a0\u00bb border_color_all=\u00a0\u00bbgcid-fd36f63e-9408-4d0a-9f19-0bd5209dc9bd\u00a0\u00bb box_shadow_style=\u00a0\u00bbpreset6&Prime; icon_font_size=\u00a0\u00bb71px\u00a0\u00bb global_colors_info=\u00a0\u00bb{%22gcid-fd36f63e-9408-4d0a-9f19-0bd5209dc9bd%22:%91%22background_color%22,%22border_color_all%22%93,%22gcid-2d6eafff-7982-471f-86f7-508420bf5d88%22:%91%22background_color__hover%22,%22border_color_all__hover%22%93}\u00a0\u00bb background__hover_enabled=\u00a0\u00bbon|hover\u00a0\u00bb background_color__hover=\u00a0\u00bb#688320&Prime; background_enable_color__hover=\u00a0\u00bbon\u00a0\u00bb border_color_all__hover_enabled=\u00a0\u00bbon|hover\u00a0\u00bb border_color_all__hover=\u00a0\u00bb#688320&Prime;][\/et_pb_blurb][\/et_pb_column][\/et_pb_row][\/et_pb_section][et_pb_section fb_built=\u00a0\u00bb1&Prime; _builder_version=\u00a0\u00bb4.16&Prime; _module_preset=\u00a0\u00bbdefault\u00a0\u00bb global_colors_info=\u00a0\u00bb{}\u00a0\u00bb][et_pb_row _builder_version=\u00a0\u00bb4.16&Prime; _module_preset=\u00a0\u00bbdefault\u00a0\u00bb global_colors_info=\u00a0\u00bb{}\u00a0\u00bb][et_pb_column type=\u00a0\u00bb4_4&Prime; _builder_version=\u00a0\u00bb4.16&Prime; _module_preset=\u00a0\u00bbdefault\u00a0\u00bb global_colors_info=\u00a0\u00bb{}\u00a0\u00bb][et_pb_text _builder_version=\u00a0\u00bb4.16&Prime; _module_preset=\u00a0\u00bbdefault\u00a0\u00bb header_2_text_color=\u00a0\u00bbgcid-fd36f63e-9408-4d0a-9f19-0bd5209dc9bd\u00a0\u00bb global_colors_info=\u00a0\u00bb{%22gcid-fd36f63e-9408-4d0a-9f19-0bd5209dc9bd%22:%91%22header_2_text_color%22%93}\u00a0\u00bb]<\/p>\n<h2>Qui sommes-nous ?<\/h2>\n<div class=\"et_pb_module et_pb_text et_pb_text_4 et_pb_bg_layout_light et_pb_text_align_left et_had_animation\">\n<div class=\"et_pb_text_inner\">\n<p><span>Notre site Internet est : http:\/\/europackwine.fr.<\/span><\/p>\n<\/div>\n<\/div>\n<p>[\/et_pb_text][et_pb_text _builder_version=\u00a0\u00bb4.16&Prime; _module_preset=\u00a0\u00bbdefault\u00a0\u00bb header_2_text_color=\u00a0\u00bbgcid-fd36f63e-9408-4d0a-9f19-0bd5209dc9bd\u00a0\u00bb global_colors_info=\u00a0\u00bb{%22gcid-fd36f63e-9408-4d0a-9f19-0bd5209dc9bd%22:%91%22header_2_text_color%22%93}\u00a0\u00bb]<\/p>\n<h2>Qu&rsquo;est ce que les Cookies ?<\/h2>\n<div class=\"et_pb_module et_pb_text et_pb_text_4 et_pb_bg_layout_light et_pb_text_align_left et_had_animation\">\n<div class=\"et_pb_text_inner\">\n<p style=\"text-align: justify;\"><span>Lorsque vous consultez notre site europackwine.fr, des cookies sont d\u00e9pos\u00e9s sur votre ordinateur, votre mobile ou votre tablette pour permettre un chargement plus rapide du site, vous identifier, acc\u00e9der \u00e0 votre compte.<\/span><br \/><span>Plus pr\u00e9cis\u00e9ment, si on prends la d\u00e9finition mot pour mot, il s\u2019agit de : \u201cPetits fichiers d\u00e9pos\u00e9s sur le disque dur \u00e0 l\u2019insu de l\u2019internaute, lors de la consultation de certains sites web, et qui conservent des informations en vue d\u2019une connexion ult\u00e9rieure.\u201d.<\/span><\/p>\n<\/div>\n<\/div>\n<p>[\/et_pb_text][et_pb_text _builder_version=\u00a0\u00bb4.16&Prime; _module_preset=\u00a0\u00bbdefault\u00a0\u00bb header_2_text_color=\u00a0\u00bbgcid-fd36f63e-9408-4d0a-9f19-0bd5209dc9bd\u00a0\u00bb global_colors_info=\u00a0\u00bb{%22gcid-fd36f63e-9408-4d0a-9f19-0bd5209dc9bd%22:%91%22header_2_text_color%22%93}\u00a0\u00bb]<\/p>\n<h2>Utilisation des cookies<\/h2>\n<div class=\"et_pb_module et_pb_text et_pb_text_4 et_pb_bg_layout_light et_pb_text_align_left et_had_animation\">\n<div class=\"et_pb_text_inner\">\n<p>Ces cookies sont requis pour permettre la visite de notre site web ou l\u2019utilisation de certaines parties de ceux-ci.<br \/>Ils permettent de :<\/p>\n<ul class=\"list-icons\">\n<li class=\"object-non-visible animated object-visible fadeInUpSmall\" data-animation-effect=\"fadeInUpSmall\"><i class=\"fa fa-check\"><\/i>\u00a0naviguer entre les diff\u00e9rentes rubriques du site web<\/li>\n<li class=\"object-non-visible animated object-visible fadeInUpSmall\" data-animation-effect=\"fadeInUpSmall\" data-effect-delay=\"100\"><i class=\"fa fa-check\"><\/i>\u00a0compl\u00e9ter des formulaires<\/li>\n<li class=\"object-non-visible animated object-visible fadeInUpSmall\" data-animation-effect=\"fadeInUpSmall\" data-effect-delay=\"150\"><i class=\"fa fa-check\"><\/i>\u00a0v\u00e9rifier de mani\u00e8re s\u00fbre votre identit\u00e9 avant d\u2019accorder l\u2019acc\u00e8s \u00e0 vos informations personnelles lorsqu\u2019un compte personnel a \u00e9t\u00e9 cr\u00e9\u00e9.<\/li>\n<\/ul>\n<p>Si vous refusez ces cookies, le fonctionnement de certaines rubriques du site web sera alt\u00e9r\u00e9 ou arr\u00eat\u00e9.<\/p>\n<\/div>\n<\/div>\n<p>[\/et_pb_text][et_pb_text _builder_version=\u00a0\u00bb4.16&Prime; _module_preset=\u00a0\u00bbdefault\u00a0\u00bb header_2_text_color=\u00a0\u00bbgcid-fd36f63e-9408-4d0a-9f19-0bd5209dc9bd\u00a0\u00bb global_colors_info=\u00a0\u00bb{%22gcid-fd36f63e-9408-4d0a-9f19-0bd5209dc9bd%22:%91%22header_2_text_color%22%93}\u00a0\u00bb]<\/p>\n<h2>S\u00e9curit\u00e9 du site<\/h2>\n<div class=\"et_pb_module et_pb_text et_pb_text_4 et_pb_bg_layout_light et_pb_text_align_left et_had_animation\">\n<div class=\"et_pb_text_inner\">\n<p>Vous pouvez voir dans l\u2019url de notre site que toutes les pages sont en HTTPS. Cela signifie que vos donn\u00e9es sont chiffr\u00e9es sur toutes les pages du site, pas seulement lors du paiement.<\/p>\n<p>Le site b\u00e9n\u00e9ficie \u00e9galement d\u2019un cryptage des donn\u00e9es SSL.<\/p>\n<p>Les serveurs sont h\u00e9berg\u00e9s par OVH qui garantit la s\u00e9curit\u00e9 des serveurs de Europackwine<\/p>\n<\/div>\n<\/div>\n<p>[\/et_pb_text][et_pb_text _builder_version=\u00a0\u00bb4.16&Prime; _module_preset=\u00a0\u00bbdefault\u00a0\u00bb header_2_text_color=\u00a0\u00bbgcid-fd36f63e-9408-4d0a-9f19-0bd5209dc9bd\u00a0\u00bb global_colors_info=\u00a0\u00bb{%22gcid-fd36f63e-9408-4d0a-9f19-0bd5209dc9bd%22:%91%22header_2_text_color%22%93}\u00a0\u00bb]<\/p>\n<h2 style=\"text-align: justify;\">Protection des donn\u00e9es priv\u00e9es collect\u00e9es<\/h2>\n<div class=\"et_pb_module et_pb_text et_pb_text_4 et_pb_bg_layout_light et_pb_text_align_left et_had_animation\">\n<div class=\"et_pb_text_inner\">\n<p style=\"text-align: justify;\">Les informations recueillies dans le cadre d\u2019une vente en ligne sont n\u00e9cessaires \u00e0 la prise en compte de votre livraison.<\/p>\n<p style=\"text-align: justify;\">Ces informations sont uniquement destin\u00e9es \u00e0 Europackwine.fr, responsable du traitement, aux fins de gestion de votre commande et pour l\u2019acheminement de vos produits.<\/p>\n<p style=\"text-align: justify;\">Conform\u00e9ment \u00e0 la loi europ\u00e9enne sur la protection des donn\u00e9es priv\u00e9es, vous disposez d\u2019un droit d\u2019acc\u00e8s, de modification, de rectification et de suppression des donn\u00e9es vous concernant. Si vous souhaitez modifier ces donn\u00e9es, il vous suffit de vous connecter \u00e0 votre espace client et vous pouvez modifier les donn\u00e9es de livraison et de facturation. Si vous souhaitez supprimer votre compte, vous pouvez nous \u00e9crire \u00e0<span>\u00a0<\/span><strong>approdiffusion@hotmail.fr<\/strong><span>\u00a0<\/span>en nous joignant une photo de votre carte d\u2019identit\u00e9. Les noms et pr\u00e9noms de la carte d\u2019identit\u00e9 doivent correspondre \u00e0 ceux du compte que vous souhaitez supprimer. Pour faire cette demande, vous devez nous \u00e9crire avec l\u2019adresse mail de votre compte client, nous vous demanderons alors de remplir un formulaire de demande de suppression du compte.<\/p>\n<\/div>\n<\/div>\n<p>[\/et_pb_text][et_pb_text _builder_version=\u00a0\u00bb4.16&Prime; _module_preset=\u00a0\u00bbdefault\u00a0\u00bb header_2_text_color=\u00a0\u00bbgcid-fd36f63e-9408-4d0a-9f19-0bd5209dc9bd\u00a0\u00bb global_colors_info=\u00a0\u00bb{%22gcid-fd36f63e-9408-4d0a-9f19-0bd5209dc9bd%22:%91%22header_2_text_color%22%93}\u00a0\u00bb]<\/p>\n<h2>Conservation des donn\u00e9es<\/h2>\n<div class=\"et_pb_module et_pb_text et_pb_text_4 et_pb_bg_layout_light et_pb_text_align_left et_had_animation\">\n<div class=\"et_pb_text_inner\">\n<p style=\"text-align: justify;\"><span>Les donn\u00e9es sont conserv\u00e9es sans limite de temps. Elles seront effac\u00e9es \u00e0 chaque changement de votre part sur votre compte, ou si vous en demandez la suppression.<\/span><br \/><span>Europackwine se r\u00e9serve le droit de supprimer un compte lorsque celui-ci est inactif depuis trop longtemps.<\/span><br \/><span>Europackwine ne conserve pas les donn\u00e9es relatives au paiement, celle-ci sont trait\u00e9es par Paypal. Europackwine ne conserve que les donn\u00e9es relatives \u00e0 la facturation et \u00e0 l\u2019envoie de vos commandes.<\/span><br \/><span>Vos diff\u00e9rentes commandes sont sauvegard\u00e9es sur votre espace client.<\/span><\/p>\n<\/div>\n<\/div>\n<p>[\/et_pb_text][\/et_pb_column][\/et_pb_row][\/et_pb_section]<\/p>\n","protected":false},"excerpt":{"rendered":"<p>Le site Europackwine se veut respecter votre vie priv\u00e9e et \u00eatre le plus s\u00e9curis\u00e9 possible. A cet effet, nous mettons tout en oeuvre pour respecter les r\u00e8gles de s\u00e9curit\u00e9. Mise \u00e0 jour le 4 Octobre 2021Qui sommes-nous ? Notre site Internet est : http:\/\/europackwine.fr. Qu&rsquo;est ce que les Cookies ? Lorsque vous consultez notre site [&hellip;]<\/p>\n","protected":false},"author":4,"featured_media":0,"parent":0,"menu_order":0,"comment_status":"closed","ping_status":"closed","template":"","meta":{"_et_pb_use_builder":"on","_et_pb_old_content":"","_et_gb_content_width":"","footnotes":""},"dipi_cpt_category":[],"class_list":["post-1886","page","type-page","status-publish","hentry"],"_links":{"self":[{"href":"https:\/\/europackwine.fr\/fr_fr\/wp-json\/wp\/v2\/pages\/1886","targetHints":{"allow":["GET"]}}],"collection":[{"href":"https:\/\/europackwine.fr\/fr_fr\/wp-json\/wp\/v2\/pages"}],"about":[{"href":"https:\/\/europackwine.fr\/fr_fr\/wp-json\/wp\/v2\/types\/page"}],"author":[{"embeddable":true,"href":"https:\/\/europackwine.fr\/fr_fr\/wp-json\/wp\/v2\/users\/4"}],"replies":[{"embeddable":true,"href":"https:\/\/europackwine.fr\/fr_fr\/wp-json\/wp\/v2\/comments?post=1886"}],"version-history":[{"count":0,"href":"https:\/\/europackwine.fr\/fr_fr\/wp-json\/wp\/v2\/pages\/1886\/revisions"}],"wp:attachment":[{"href":"https:\/\/europackwine.fr\/fr_fr\/wp-json\/wp\/v2\/media?parent=1886"}],"wp:term":[{"taxonomy":"dipi_cpt_category","embeddable":true,"href":"https:\/\/europackwine.fr\/fr_fr\/wp-json\/wp\/v2\/dipi_cpt_category?post=1886"}],"curies":[{"name":"wp","href":"https:\/\/api.w.org\/{rel}","templated":true}]}}