{"id":1878,"date":"2021-10-04T21:13:39","date_gmt":"2021-10-04T21:13:39","guid":{"rendered":"http:\/\/europackwine.fr\/?page_id=1878"},"modified":"2026-02-02T09:34:11","modified_gmt":"2026-02-02T09:34:11","slug":"livraisons","status":"publish","type":"page","link":"https:\/\/europackwine.fr\/fr_fr\/livraisons\/","title":{"rendered":"Livraisons"},"content":{"rendered":"<p>[et_pb_section fb_built=\u00a0\u00bb1&Prime; fullwidth=\u00a0\u00bbon\u00a0\u00bb _builder_version=\u00a0\u00bb4.16&Prime; _module_preset=\u00a0\u00bbdefault\u00a0\u00bb background_color=\u00a0\u00bb#FFFFFF\u00a0\u00bb background_image=\u00a0\u00bbhttp:\/\/europackwine.fr\/wp-content\/uploads\/2021\/10\/Bannie\u0300re-administratif-europackwine.png\u00a0\u00bb z_index=\u00a0\u00bb0&Prime; global_colors_info=\u00a0\u00bb{}\u00a0\u00bb][et_pb_fullwidth_header title=\u00a0\u00bbLivraisons\u00a0\u00bb text_orientation=\u00a0\u00bbcenter\u00a0\u00bb _builder_version=\u00a0\u00bb4.16&Prime; _module_preset=\u00a0\u00bbdefault\u00a0\u00bb title_font=\u00a0\u00bb|800|||||||\u00a0\u00bb title_font_size=\u00a0\u00bb40px\u00a0\u00bb content_font=\u00a0\u00bb|600|||||||\u00a0\u00bb content_font_size=\u00a0\u00bb20px\u00a0\u00bb background_color=\u00a0\u00bbrgba(0,0,0,0.44)\u00a0\u00bb background_enable_image=\u00a0\u00bboff\u00a0\u00bb background_position=\u00a0\u00bbtop_left\u00a0\u00bb custom_padding=\u00a0\u00bb150px||150px||false|false\u00a0\u00bb global_colors_info=\u00a0\u00bb{}\u00a0\u00bb]<\/p>\n<p>&nbsp;<\/p>\n<p><strong>Mise \u00e0 jour le 15 mars 2021<\/strong><\/p>\n<p>[\/et_pb_fullwidth_header][\/et_pb_section][et_pb_section fb_built=\u00a0\u00bb1&Prime; _builder_version=\u00a0\u00bb4.16&Prime; _module_preset=\u00a0\u00bbdefault\u00a0\u00bb background_color=\u00a0\u00bb#FFFFFF\u00a0\u00bb custom_padding=\u00a0\u00bb2px|||||\u00a0\u00bb global_colors_info=\u00a0\u00bb{}\u00a0\u00bb][et_pb_row column_structure=\u00a0\u00bb1_3,1_3,1_3&Prime; use_custom_gutter=\u00a0\u00bbon\u00a0\u00bb gutter_width=\u00a0\u00bb2&Prime; make_equal=\u00a0\u00bbon\u00a0\u00bb custom_padding_last_edited=\u00a0\u00bbon|phone\u00a0\u00bb _builder_version=\u00a0\u00bb4.16&Prime; _module_preset=\u00a0\u00bbdefault\u00a0\u00bb background_color=\u00a0\u00bbRGBA(0,0,0,0)\u00a0\u00bb width_tablet=\u00a0\u00bb90%\u00a0\u00bb width_phone=\u00a0\u00bb100%\u00a0\u00bb width_last_edited=\u00a0\u00bboff|desktop\u00a0\u00bb module_alignment=\u00a0\u00bbcenter\u00a0\u00bb custom_margin=\u00a0\u00bb-100px||||false|false\u00a0\u00bb custom_margin_tablet=\u00a0\u00bb\u00a0\u00bb custom_margin_phone=\u00a0\u00bb\u00a0\u00bb custom_margin_last_edited=\u00a0\u00bbon|tablet\u00a0\u00bb custom_padding_tablet=\u00a0\u00bb0px||0px||false|false\u00a0\u00bb custom_padding_phone=\u00a0\u00bb\u00a0\u00bb animation_style=\u00a0\u00bbslide\u00a0\u00bb animation_direction=\u00a0\u00bbbottom\u00a0\u00bb animation_duration=\u00a0\u00bb2000ms\u00a0\u00bb animation_delay=\u00a0\u00bb200ms\u00a0\u00bb animation_intensity_slide=\u00a0\u00bb2%\u00a0\u00bb animation_starting_opacity=\u00a0\u00bb100%\u00a0\u00bb global_colors_info=\u00a0\u00bb{}\u00a0\u00bb][et_pb_column type=\u00a0\u00bb1_3&Prime; _builder_version=\u00a0\u00bb4.16&Prime; _module_preset=\u00a0\u00bbdefault\u00a0\u00bb global_colors_info=\u00a0\u00bb{}\u00a0\u00bb][et_pb_blurb title=\u00a0\u00bbCGV\u00a0\u00bb url=\u00a0\u00bb\/cgv\u00a0\u00bb use_icon=\u00a0\u00bbon\u00a0\u00bb font_icon=\u00a0\u00bb&#xe086;||divi||400&Prime; icon_color=\u00a0\u00bb#FFFFFF\u00a0\u00bb image_icon_width=\u00a0\u00bb71px\u00a0\u00bb _builder_version=\u00a0\u00bb4.16&Prime; _module_preset=\u00a0\u00bbdefault\u00a0\u00bb header_font=\u00a0\u00bb|700|||||||\u00a0\u00bb header_text_color=\u00a0\u00bb#FFFFFF\u00a0\u00bb header_font_size=\u00a0\u00bb23px\u00a0\u00bb background_color=\u00a0\u00bbgcid-fd36f63e-9408-4d0a-9f19-0bd5209dc9bd\u00a0\u00bb text_orientation=\u00a0\u00bbcenter\u00a0\u00bb background_layout=\u00a0\u00bbdark\u00a0\u00bb custom_margin=\u00a0\u00bb||1px|||\u00a0\u00bb custom_padding=\u00a0\u00bb20px|20px|20px|20px|false|false\u00a0\u00bb border_radii=\u00a0\u00bbon|14px|14px|14px|14px\u00a0\u00bb border_width_all=\u00a0\u00bb5px\u00a0\u00bb border_color_all=\u00a0\u00bbgcid-fd36f63e-9408-4d0a-9f19-0bd5209dc9bd\u00a0\u00bb box_shadow_style=\u00a0\u00bbpreset6&Prime; icon_font_size=\u00a0\u00bb71px\u00a0\u00bb global_colors_info=\u00a0\u00bb{%22gcid-fd36f63e-9408-4d0a-9f19-0bd5209dc9bd%22:%91%22background_color%22,%22border_color_all%22%93,%22gcid-2d6eafff-7982-471f-86f7-508420bf5d88%22:%91%22background_color__hover%22,%22border_color_all__hover%22%93}\u00a0\u00bb background__hover_enabled=\u00a0\u00bbon|hover\u00a0\u00bb background_color__hover=\u00a0\u00bb#688320&Prime; background_enable_color__hover=\u00a0\u00bbon\u00a0\u00bb border_color_all__hover_enabled=\u00a0\u00bbon|hover\u00a0\u00bb border_color_all__hover=\u00a0\u00bb#688320&Prime;][\/et_pb_blurb][\/et_pb_column][et_pb_column type=\u00a0\u00bb1_3&Prime; _builder_version=\u00a0\u00bb4.16&Prime; _module_preset=\u00a0\u00bbdefault\u00a0\u00bb global_colors_info=\u00a0\u00bb{}\u00a0\u00bb][et_pb_blurb title=\u00a0\u00bbS\u00e9curit\u00e9\u00a0\u00bb url=\u00a0\u00bb\/politique-de-confidentialite\/\u00a0\u00bb use_icon=\u00a0\u00bbon\u00a0\u00bb font_icon=\u00a0\u00bb&#xe0d9;||divi||400&Prime; icon_color=\u00a0\u00bb#FFFFFF\u00a0\u00bb image_icon_width=\u00a0\u00bb71px\u00a0\u00bb _builder_version=\u00a0\u00bb4.16&Prime; _module_preset=\u00a0\u00bbdefault\u00a0\u00bb header_font=\u00a0\u00bb|700|||||||\u00a0\u00bb header_text_color=\u00a0\u00bb#FFFFFF\u00a0\u00bb header_font_size=\u00a0\u00bb23px\u00a0\u00bb background_color=\u00a0\u00bbgcid-fd36f63e-9408-4d0a-9f19-0bd5209dc9bd\u00a0\u00bb text_orientation=\u00a0\u00bbcenter\u00a0\u00bb background_layout=\u00a0\u00bbdark\u00a0\u00bb custom_padding=\u00a0\u00bb20px|20px|20px|20px|false|false\u00a0\u00bb border_radii=\u00a0\u00bbon|14px|14px|14px|14px\u00a0\u00bb border_width_all=\u00a0\u00bb5px\u00a0\u00bb border_color_all=\u00a0\u00bbgcid-fd36f63e-9408-4d0a-9f19-0bd5209dc9bd\u00a0\u00bb box_shadow_style=\u00a0\u00bbpreset6&Prime; icon_font_size=\u00a0\u00bb71px\u00a0\u00bb global_colors_info=\u00a0\u00bb{%22gcid-fd36f63e-9408-4d0a-9f19-0bd5209dc9bd%22:%91%22background_color%22,%22border_color_all%22%93,%22gcid-2d6eafff-7982-471f-86f7-508420bf5d88%22:%91%22background_color__hover%22,%22border_color_all__hover%22%93}\u00a0\u00bb background__hover_enabled=\u00a0\u00bbon|hover\u00a0\u00bb background_color__hover=\u00a0\u00bb#688320&Prime; background_enable_color__hover=\u00a0\u00bbon\u00a0\u00bb border_color_all__hover_enabled=\u00a0\u00bbon|hover\u00a0\u00bb border_color_all__hover=\u00a0\u00bb#688320&Prime;][\/et_pb_blurb][\/et_pb_column][et_pb_column type=\u00a0\u00bb1_3&Prime; _builder_version=\u00a0\u00bb4.16&Prime; _module_preset=\u00a0\u00bbdefault\u00a0\u00bb global_colors_info=\u00a0\u00bb{}\u00a0\u00bb][et_pb_blurb title=\u00a0\u00bbMentions l\u00e9gales\u00a0\u00bb url=\u00a0\u00bb\/Mentions-legales\u00a0\u00bb use_icon=\u00a0\u00bbon\u00a0\u00bb font_icon=\u00a0\u00bb&#xe08b;||divi||400&Prime; icon_color=\u00a0\u00bb#FFFFFF\u00a0\u00bb image_icon_width=\u00a0\u00bb71px\u00a0\u00bb _builder_version=\u00a0\u00bb4.16&Prime; _module_preset=\u00a0\u00bbdefault\u00a0\u00bb header_font=\u00a0\u00bb|700|||||||\u00a0\u00bb header_text_align=\u00a0\u00bbcenter\u00a0\u00bb header_text_color=\u00a0\u00bb#FFFFFF\u00a0\u00bb header_font_size=\u00a0\u00bb23px\u00a0\u00bb background_color=\u00a0\u00bbgcid-fd36f63e-9408-4d0a-9f19-0bd5209dc9bd\u00a0\u00bb background_layout=\u00a0\u00bbdark\u00a0\u00bb custom_padding=\u00a0\u00bb20px|20px|20px|20px|false|false\u00a0\u00bb border_radii=\u00a0\u00bbon|14px|14px|14px|14px\u00a0\u00bb border_width_all=\u00a0\u00bb5px\u00a0\u00bb border_color_all=\u00a0\u00bbgcid-fd36f63e-9408-4d0a-9f19-0bd5209dc9bd\u00a0\u00bb box_shadow_style=\u00a0\u00bbpreset6&Prime; icon_font_size=\u00a0\u00bb71px\u00a0\u00bb global_colors_info=\u00a0\u00bb{%22gcid-fd36f63e-9408-4d0a-9f19-0bd5209dc9bd%22:%91%22background_color%22,%22border_color_all%22%93,%22gcid-2d6eafff-7982-471f-86f7-508420bf5d88%22:%91%22background_color__hover%22,%22border_color_all__hover%22%93}\u00a0\u00bb background__hover_enabled=\u00a0\u00bbon|hover\u00a0\u00bb background_color__hover=\u00a0\u00bb#688320&Prime; background_enable_color__hover=\u00a0\u00bbon\u00a0\u00bb border_color_all__hover_enabled=\u00a0\u00bbon|hover\u00a0\u00bb border_color_all__hover=\u00a0\u00bb#688320&Prime;][\/et_pb_blurb][\/et_pb_column][\/et_pb_row][\/et_pb_section][et_pb_section fb_built=\u00a0\u00bb1&Prime; _builder_version=\u00a0\u00bb4.16&Prime; _module_preset=\u00a0\u00bbdefault\u00a0\u00bb global_colors_info=\u00a0\u00bb{}\u00a0\u00bb][et_pb_row _builder_version=\u00a0\u00bb4.16&Prime; _module_preset=\u00a0\u00bbdefault\u00a0\u00bb global_colors_info=\u00a0\u00bb{}\u00a0\u00bb][et_pb_column type=\u00a0\u00bb4_4&Prime; _builder_version=\u00a0\u00bb4.16&Prime; _module_preset=\u00a0\u00bbdefault\u00a0\u00bb global_colors_info=\u00a0\u00bb{}\u00a0\u00bb][et_pb_text _builder_version=\u00a0\u00bb4.16&Prime; _module_preset=\u00a0\u00bbdefault\u00a0\u00bb header_2_text_color=\u00a0\u00bbgcid-fd36f63e-9408-4d0a-9f19-0bd5209dc9bd\u00a0\u00bb global_colors_info=\u00a0\u00bb{%22gcid-fd36f63e-9408-4d0a-9f19-0bd5209dc9bd%22:%91%22header_2_text_color%22%93}\u00a0\u00bb]<\/p>\n<h2 style=\"text-align: justify;\">Livraison de la Commande<\/h2>\n<div class=\"et_pb_module et_pb_text et_pb_text_4 et_pb_bg_layout_light et_pb_text_align_left et_had_animation\">\n<div class=\"et_pb_text_inner\">\n<ol>\n<li>Les dates de livraison ne sont donn\u00e9es qu\u2019\u00e0 titre indicatif. Aucune annulation ni indemnit\u00e9 ne peut \u00eatre r\u00e9clam\u00e9e<br \/>pour retard de Livraison. Le Client pourra toutefois demander l\u2019annulation de sa commande et le remboursement des acomptes vers\u00e9s si la marchandise ne peut \u00eatre livr\u00e9e dans les trois mois suivant la validation de la commande.<\/li>\n<li>\u00a0Le Client devra imp\u00e9rativement v\u00e9rifier, au moment de la livraison, le nombre et la qualit\u00e9 de la marchandise livr\u00e9e et s\u2019assurer qu\u2019ils correspondent bien \u00e0 celles command\u00e9es.<\/li>\n<li>En cas d\u2019avarie ou de manque constat\u00e9s \u00e0 la livraison, il incombe au destinataire d\u2019en faire mention pr\u00e9cise sur le bon de transport et d\u2019exercer tout recours contre le transporteur, par lettre recommand\u00e9e avec accus\u00e9 r\u00e9ception dans les 3 jours, \u00e0 peine de forclusion, conform\u00e9ment aux articles 105 et 106 du Code du Commerce.<\/li>\n<li>Les r\u00e9clamations \u00e9ventuelles devront nous \u00eatre adress\u00e9es par \u00e9crit dans les huit jours suivant la r\u00e9ception de la marchandise, et avant son utilisation.<\/li>\n<li>En cas de retour de la marchandise, celui-ci se fera apr\u00e8s notre accord, aux frais et risques du Client. Le retour d\u2019un produit ne donnera lieu qu\u2019\u00e0 \u00e9change ou \u00e9tablissement d\u2019un avoir.<\/li>\n<\/ol>\n<\/div>\n<\/div>\n<p>[\/et_pb_text][et_pb_text _builder_version=\u00a0\u00bb4.27.5&Prime; _module_preset=\u00a0\u00bbdefault\u00a0\u00bb header_2_text_color=\u00a0\u00bbgcid-fd36f63e-9408-4d0a-9f19-0bd5209dc9bd\u00a0\u00bb hover_enabled=\u00a0\u00bb0&Prime; global_colors_info=\u00a0\u00bb{%22gcid-fd36f63e-9408-4d0a-9f19-0bd5209dc9bd%22:%91%22header_2_text_color%22%93}\u00a0\u00bb sticky_enabled=\u00a0\u00bb0&Prime;]<\/p>\n<h2>Lieu de livraison et Montant des Frais de Livraison<\/h2>\n<p>En France :<\/p>\n<p>Limitrophe d\u00e9partement &#8211; 21, 71 : Frais de port offert<\/p>\n<ul>\n<li>Standard &#8211;\u00a0 01, 02, 03, 07, 10, 11, 12, 15, 16, 18, 19, 23, 24, 25, 26, 28, 30, 33, 34, 36, 37, 38, 39, 41, 42, 43, 45, 46, 47, 48, 49, 51, 54, 55, 58, 60, 63, 67, 68, 69, 70, 79, 81, 83, 84, 86, 87, 88, 89, 90 : Livraison 12% de la commande avec un minimum de 60 euros de Frais de port | Livraison gratuite \u00e0 partir de 1400\u20ac HT.<\/li>\n<li>Paris et \u00eele de France &#8211; 75, 77, 78, 91, 92, 93, 94, 95 : Livraison 12% de la commande avec un minimum de 100 euros de Frais de port | Livraison gratuite \u00e0 partir de 1400\u20ac HT.<\/li>\n<li>Eloign\u00e9 &#8211; 04, 05, 06, 08, 13, 14, 17, 27, 31, 32, 40, 44, 53, 57, 61, 72, 73, 74, 76, 80, 82, 83, 85 : Livraison 16% de la commande avec un minimum de 65 euros de Frais de port\u00a0 Livraison gratuite\u00a0 \u00e0 partir de 1600\u20ac HT.<\/li>\n<li>Tr\u00e8s \u00e9loign\u00e9 &#8211; 09, 22, 20, 29, 35, 50, 56, 59, 62, 64, 66, 65* : Livraison 24% de la commande avec un minimum de 75 euros de Frais de port | Livraison gratuite \u00e0 partir de 1600\u20ac HT.<\/li>\n<\/ul>\n<p>Autres destinations\u00a0: Frais de livraison &amp; d\u00e9lais, sur devis.<\/p>\n<p>[\/et_pb_text][et_pb_text _builder_version=\u00a0\u00bb4.16&Prime; _module_preset=\u00a0\u00bbdefault\u00a0\u00bb header_2_text_color=\u00a0\u00bbgcid-fd36f63e-9408-4d0a-9f19-0bd5209dc9bd\u00a0\u00bb global_colors_info=\u00a0\u00bb{%22gcid-fd36f63e-9408-4d0a-9f19-0bd5209dc9bd%22:%91%22header_2_text_color%22%93}\u00a0\u00bb]<\/p>\n<h2>D\u00e9lais de Livraison<\/h2>\n<div class=\"et_pb_module et_pb_text et_pb_text_4 et_pb_bg_layout_light et_pb_text_align_left et_had_animation\">\n<div class=\"et_pb_text_inner\">\n<ol>\n<li style=\"text-align: justify;\">Les livraisons sont effectu\u00e9es dans un d\u00e9lai de DIX (10) jours en fonction du d\u00e9partement en France. Les D\u00e9lais de Livraison s\u2019entendent en jours ouvr\u00e9s et correspondent aux d\u00e9lais moyens de pr\u00e9paration et d\u2019acheminement de la Commande. Ces d\u00e9lais indicatifs ne concernent que les livraisons effectu\u00e9es en France M\u00e9tropolitaine. Pour toutes les livraisons \u00e0 l\u2019\u00e9tranger, les d\u00e9lais peuvent varier en fonction du pays concern\u00e9<\/li>\n<li style=\"text-align: justify;\">V\u00e9rification de la Commande \u00e0 son arriv\u00e9e. Le Client est tenu de v\u00e9rifier l\u2019\u00e9tat du colis ainsi que des produits lors de la livraison. Il appartient au Client d\u2019\u00e9mettre les r\u00e9serves et les r\u00e9clamations qu\u2019il estime n\u00e9cessaires voire de refuser le colis. Lorsque le colis est manifestement endommag\u00e9 \u00e0 la Livraison. Lesr\u00e9clamations doivent \u00eatre adress\u00e9es au transporteur par Lettre Recommand\u00e9e avec demande d\u2019avis de r\u00e9ception dans les TROIS (3) jours ouvrables, non compris les jours f\u00e9ri\u00e9s, qui suivent la date de livraison des biens Le Client doit par ailleurs faire parvenir une copie de cette lettre au Vendeur Le d\u00e9faut de r\u00e9clamation dans le d\u00e9lai susmentionn\u00e9 ou dans les conditions pr\u00e9cit\u00e9es \u00e9teint toute action contre le transporteur conform\u00e9ment \u00e0 l\u2019article L.133-3 du code du commerce<\/li>\n<\/ol>\n<\/div>\n<\/div>\n<p>[\/et_pb_text][\/et_pb_column][\/et_pb_row][\/et_pb_section]<\/p>\n","protected":false},"excerpt":{"rendered":"<p>&nbsp; Mise \u00e0 jour le 15 mars 2021Livraison de la Commande Les dates de livraison ne sont donn\u00e9es qu\u2019\u00e0 titre indicatif. Aucune annulation ni indemnit\u00e9 ne peut \u00eatre r\u00e9clam\u00e9epour retard de Livraison. Le Client pourra toutefois demander l\u2019annulation de sa commande et le remboursement des acomptes vers\u00e9s si la marchandise ne peut \u00eatre livr\u00e9e dans [&hellip;]<\/p>\n","protected":false},"author":4,"featured_media":0,"parent":0,"menu_order":0,"comment_status":"closed","ping_status":"closed","template":"","meta":{"_et_pb_use_builder":"on","_et_pb_old_content":"","_et_gb_content_width":"","footnotes":""},"dipi_cpt_category":[],"class_list":["post-1878","page","type-page","status-publish","hentry"],"_links":{"self":[{"href":"https:\/\/europackwine.fr\/fr_fr\/wp-json\/wp\/v2\/pages\/1878","targetHints":{"allow":["GET"]}}],"collection":[{"href":"https:\/\/europackwine.fr\/fr_fr\/wp-json\/wp\/v2\/pages"}],"about":[{"href":"https:\/\/europackwine.fr\/fr_fr\/wp-json\/wp\/v2\/types\/page"}],"author":[{"embeddable":true,"href":"https:\/\/europackwine.fr\/fr_fr\/wp-json\/wp\/v2\/users\/4"}],"replies":[{"embeddable":true,"href":"https:\/\/europackwine.fr\/fr_fr\/wp-json\/wp\/v2\/comments?post=1878"}],"version-history":[{"count":3,"href":"https:\/\/europackwine.fr\/fr_fr\/wp-json\/wp\/v2\/pages\/1878\/revisions"}],"predecessor-version":[{"id":19161577,"href":"https:\/\/europackwine.fr\/fr_fr\/wp-json\/wp\/v2\/pages\/1878\/revisions\/19161577"}],"wp:attachment":[{"href":"https:\/\/europackwine.fr\/fr_fr\/wp-json\/wp\/v2\/media?parent=1878"}],"wp:term":[{"taxonomy":"dipi_cpt_category","embeddable":true,"href":"https:\/\/europackwine.fr\/fr_fr\/wp-json\/wp\/v2\/dipi_cpt_category?post=1878"}],"curies":[{"name":"wp","href":"https:\/\/api.w.org\/{rel}","templated":true}]}}