{"id":942,"date":"2021-04-13T10:34:12","date_gmt":"2021-04-13T10:34:12","guid":{"rendered":"https:\/\/europackwine.staging-lab.co\/?post_type=product&#038;p=942"},"modified":"2026-03-31T08:54:30","modified_gmt":"2026-03-31T08:54:30","slug":"emballage-vin-1-magnum","status":"publish","type":"product","link":"https:\/\/europackwine.fr\/es\/producto\/emballage-vin-1-magnum\/","title":{"rendered":"EURO MA - 1 paquete de vino Magnum"},"content":{"rendered":"<p data-sourcepos=\"1:1-1:80\"><strong>EURO MA - 1 paquete de vino Magnum<\/strong><\/p>\n<p data-sourcepos=\"1:1-1:93\"><strong>Env\u00ede sus botellas de vino con total seguridad gracias a nuestro completo y resistente embalaje<\/strong><\/p>\n<p data-sourcepos=\"3:1-3:350\">Proporcione a sus preciadas a\u00f1adas la protecci\u00f3n que merecen durante el transporte con nuestra innovadora soluci\u00f3n de embalaje. Este kit completo, compuesto por una caja de cart\u00f3n resistente y un estuche de poliestireno expandido (EPS) de alta densidad, garantiza una seguridad \u00f3ptima para sus botellas de vino, incluso durante los viajes m\u00e1s largos y dif\u00edciles.<\/p>\n<p data-sourcepos=\"5:1-5:285\"><strong>La caja exterior<\/strong> est\u00e1 fabricada con cart\u00f3n ondulado, que ofrece una resistencia excepcional a los golpes y las vibraciones. Sus gruesas paredes y su ingeniosa estructura protegen eficazmente la botella contra los golpes, la presi\u00f3n y la manipulaci\u00f3n brusca.<\/p>\n<p data-sourcepos=\"7:1-7:287\"><strong>La caja universal de poliestireno<\/strong> <strong>Envase de vino 1 Magnum<\/strong><strong>\u00a0<\/strong>Se amolda perfectamente a la forma de la botella, manteni\u00e9ndola firmemente en su sitio y absorbiendo golpes y vibraciones. Su dise\u00f1o de EPS de alta densidad garantiza un aislamiento \u00f3ptimo, preservando la temperatura ideal del vino durante el transporte.<\/p>\n<p data-sourcepos=\"9:1-9:262\"><strong>Dise\u00f1ado para facilitar su uso y comodidad<\/strong>, Este paquete completo es f\u00e1cil de montar y no requiere herramientas. La caja tiene un sistema de cierre seguro que mantiene la botella en su sitio y evita que se mueva durante el transporte.<\/p>\n<p data-sourcepos=\"11:1-11:134\"><strong>Vers\u00e1til y adaptable<\/strong>, Este envase es compatible con una amplia gama de botellas de vino de formas y tama\u00f1os est\u00e1ndar.<\/p>\n<p data-sourcepos=\"13:1-13:167\"><strong>Respetuoso con el medio ambiente<\/strong>, El cart\u00f3n es reciclable y el EPS es 100% biodegradable, lo que minimiza el impacto medioambiental de su env\u00edo.<\/p>\n<p data-sourcepos=\"15:1-15:218\"><strong>Al elegir nuestro Embalaje de vino 1 Magnum, tiene la garant\u00eda de que llegar\u00e1n a su destino con total seguridad y en perfecto estado, listas para ser disfrutadas por sus clientes.<\/strong><\/p>","protected":false},"excerpt":{"rendered":"<p data-sourcepos=\"5:1-5:20\"><strong>Este kit de env\u00edo contiene :<\/strong><\/p>\n<ul>\n<li data-sourcepos=\"8:1-9:0\">1 caja de env\u00edo (16 x 16 x 46 cm)<\/li>\n<li data-sourcepos=\"8:1-9:0\">1 caja 1 botella de poliestireno expandido (EPS)<\/li>\n<li data-sourcepos=\"37:1-37:15\">Peso: 320 g<\/li>\n<li data-sourcepos=\"38:1-39:0\">Embalaje : Bolsa de 25<\/li>\n<\/ul>\n<hr \/>\n<table class=\"size-table price-table table-technical-information\" style=\"width: 500px;\" data-v-33004ae6=\"\">\n<thead id=\"table-head-product-batch\" data-v-33004ae6=\"\">\n<tr data-v-33004ae6=\"\">\n<th class=\"column-pack table-price-right pt-1 pb-2\" style=\"text-align: center;\" data-v-33004ae6=\"\"><span data-v-33004ae6=\"\">25 cajas<\/span><\/th>\n<th class=\"column-box pt-1 pb-2\" style=\"text-align: center;\" data-v-33004ae6=\"\">150 cajas<\/th>\n<th class=\"column-size pt-1 pb-2\" style=\"text-align: center;\" data-v-33004ae6=\"\"><span data-v-33004ae6=\"\">250 cajas<\/span><\/th>\n<th class=\"column-size-box pt-1 pb-2\" style=\"text-align: center;\" data-v-33004ae6=\"\">450 cajas<\/th>\n<\/tr>\n<\/thead>\n<tbody class=\"table-hover\" data-v-33004ae6=\"\">\n<tr data-v-33004ae6=\"\">\n<td class=\"pl-0 pr-0\" style=\"text-align: center;\" data-v-33004ae6=\"\">4,82\u20ac\/u<\/td>\n<td class=\"pl-0 pr-0\" style=\"text-align: center;\" data-v-33004ae6=\"\">4,65\u20ac\/u<\/td>\n<td class=\"pl-0 pr-0\" style=\"text-align: center;\" data-v-33004ae6=\"\">4,60\u20ac\/u<\/td>\n<td class=\"pl-0 pr-0\" style=\"text-align: center;\" data-v-33004ae6=\"\">4,38\u20ac\/u<\/td>\n<\/tr>\n<\/tbody>\n<\/table>","protected":false},"featured_media":8411,"comment_status":"open","ping_status":"closed","template":"","meta":{"_et_pb_use_builder":"off","_et_pb_old_content":"<p data-sourcepos=\"1:1-1:80\"><strong>EURO MA - Emballage vin 1 Magnum<\/strong><\/p>\r\n<p data-sourcepos=\"1:1-1:93\"><strong>Exp\u00e9diez vos bouteilles de vin en toute s\u00e9curit\u00e9 avec notre emballage complet et r\u00e9sistant<\/strong><\/p>\r\n<p data-sourcepos=\"3:1-3:350\">Offrez \u00e0 vos pr\u00e9cieux crus la protection qu'ils m\u00e9ritent lors de l'exp\u00e9dition avec notre solution d'emballage innovante. Ce kit complet, compos\u00e9 d'un carton robuste et d'un coffret en polystyr\u00e8ne expans\u00e9 (PSE) haute densit\u00e9, garantit une s\u00e9curit\u00e9 optimale pour vos bouteilles de vin, m\u00eame pendant les transports les plus longs et les plus difficiles.<\/p>\r\n<p data-sourcepos=\"5:1-5:285\"><strong>Le carton ext\u00e9rieur<\/strong> est fabriqu\u00e9 en carton ondul\u00e9, offrant une r\u00e9sistance exceptionnelle aux chocs et aux vibrations. Ses parois \u00e9paisses et sa structure ing\u00e9nieuse prot\u00e8gent efficacement la bouteille contre les chocs, les pressions et les manipulations brutales.<\/p>\r\n<p data-sourcepos=\"7:1-7:287\"><strong>Le coffret en polystyr\u00e8ne universel<\/strong> <strong>Emballage vin 1 Magnum<\/strong><strong>\u00a0<\/strong>\u00e9pouse parfaitement la forme de la bouteille, la maintenant fermement en place et absorbant les chocs et les vibrations. Sa conception en PSE haute densit\u00e9 garantit une isolation optimale, pr\u00e9servant ainsi la temp\u00e9rature id\u00e9ale du vin pendant son transport.<\/p>\r\n<p data-sourcepos=\"9:1-9:262\"><strong>Con\u00e7u pour une utilisation facile et pratique<\/strong>, cet emballage complet est facile \u00e0 assembler et ne n\u00e9cessite aucun outil. Le carton est dot\u00e9 d'un syst\u00e8me de fermeture s\u00e9curis\u00e9 qui maintient la bouteille en place et emp\u00eache tout mouvement pendant le transport.<\/p>\r\n<p data-sourcepos=\"11:1-11:134\"><strong>Polyvalent et adaptable<\/strong>, cet emballage est compatible avec une large gamme de bouteilles de vin de formes et de tailles standard.<\/p>\r\n<p data-sourcepos=\"13:1-13:167\"><strong>Respectueux de l'environnement<\/strong>, le carton est recyclable et le PSE est 100% biod\u00e9gradable, ce qui permet de minimiser l'impact environnemental de votre exp\u00e9dition.<\/p>\r\n<p data-sourcepos=\"15:1-15:218\"><strong>En choisissant notre Emballage vin 1 Magnum pour vos bouteilles, vous avez l'assurance qu'elles arriveront \u00e0 destination en toute s\u00e9curit\u00e9 et en parfait \u00e9tat, pr\u00eates \u00e0 \u00eatre savour\u00e9es par vos clients.<\/strong><\/p>","_et_gb_content_width":""},"product_brand":[],"product_cat":[298],"product_tag":[],"class_list":{"0":"post-942","1":"product","2":"type-product","3":"status-publish","4":"has-post-thumbnail","6":"product_cat-solutions-completes","8":"first","9":"instock","10":"taxable","11":"shipping-taxable","12":"purchasable","13":"product-type-simple"},"_links":{"self":[{"href":"https:\/\/europackwine.fr\/es\/wp-json\/wp\/v2\/product\/942","targetHints":{"allow":["GET"]}}],"collection":[{"href":"https:\/\/europackwine.fr\/es\/wp-json\/wp\/v2\/product"}],"about":[{"href":"https:\/\/europackwine.fr\/es\/wp-json\/wp\/v2\/types\/product"}],"replies":[{"embeddable":true,"href":"https:\/\/europackwine.fr\/es\/wp-json\/wp\/v2\/comments?post=942"}],"wp:featuredmedia":[{"embeddable":true,"href":"https:\/\/europackwine.fr\/es\/wp-json\/wp\/v2\/media\/8411"}],"wp:attachment":[{"href":"https:\/\/europackwine.fr\/es\/wp-json\/wp\/v2\/media?parent=942"}],"wp:term":[{"taxonomy":"product_brand","embeddable":true,"href":"https:\/\/europackwine.fr\/es\/wp-json\/wp\/v2\/product_brand?post=942"},{"taxonomy":"product_cat","embeddable":true,"href":"https:\/\/europackwine.fr\/es\/wp-json\/wp\/v2\/product_cat?post=942"},{"taxonomy":"product_tag","embeddable":true,"href":"https:\/\/europackwine.fr\/es\/wp-json\/wp\/v2\/product_tag?post=942"}],"curies":[{"name":"wp","href":"https:\/\/api.w.org\/{rel}","templated":true}]}}