{"id":866,"date":"2021-04-13T10:09:13","date_gmt":"2021-04-13T10:09:13","guid":{"rendered":"https:\/\/europackwine.staging-lab.co\/?post_type=product&#038;p=866"},"modified":"2026-03-31T08:39:35","modified_gmt":"2026-03-31T08:39:35","slug":"emballage-vin-9-bouteilles","status":"publish","type":"product","link":"https:\/\/europackwine.fr\/es\/producto\/emballage-vin-9-bouteilles\/","title":{"rendered":"EURO 09 - Envasado de 9 botellas de vino"},"content":{"rendered":"<p data-sourcepos=\"1:1-1:80\"><strong>EURO 09 - Envasado de 9 botellas de vino<\/strong><\/p>\n<p data-sourcepos=\"1:1-1:93\"><strong>Env\u00ede sus botellas de vino con total seguridad gracias a nuestro completo y resistente embalaje<\/strong><\/p>\n<p data-sourcepos=\"3:1-3:350\">Proporcione a sus preciadas a\u00f1adas la protecci\u00f3n que merecen durante el transporte con nuestra innovadora soluci\u00f3n de embalaje. Este kit completo, compuesto por una caja de cart\u00f3n resistente y un estuche de poliestireno expandido (EPS) de alta densidad, garantiza una seguridad \u00f3ptima para sus botellas de vino, incluso durante los viajes m\u00e1s largos y dif\u00edciles.<\/p>\n<p data-sourcepos=\"5:1-5:285\"><strong>La caja exterior<\/strong> est\u00e1 fabricada con cart\u00f3n ondulado (disponible en doble flauta a partir de 6 botellas), que ofrece una resistencia excepcional a los golpes y las vibraciones. Sus gruesas paredes y su ingeniosa estructura protegen eficazmente la botella contra los golpes, la presi\u00f3n y la manipulaci\u00f3n brusca.<\/p>\n<p data-sourcepos=\"7:1-7:287\"><strong>La caja universal de poliestireno<\/strong> <strong>Envase reforzado para 9 botellas de vino <\/strong>Se amolda perfectamente a la forma de la botella, manteni\u00e9ndola firmemente en su sitio y absorbiendo golpes y vibraciones. Su dise\u00f1o de EPS de alta densidad garantiza un aislamiento \u00f3ptimo, preservando la temperatura ideal del vino durante el transporte.<\/p>\n<p data-sourcepos=\"9:1-9:262\"><strong>Dise\u00f1ado para facilitar su uso y comodidad<\/strong>, Este paquete completo es f\u00e1cil de montar y no requiere herramientas. La caja tiene un sistema de cierre seguro que mantiene la botella en su sitio y evita que se mueva durante el transporte.<\/p>\n<p data-sourcepos=\"11:1-11:134\"><strong>Vers\u00e1til y adaptable<\/strong>, Este envase es compatible con una amplia gama de botellas de vino de formas y tama\u00f1os est\u00e1ndar.<\/p>\n<p data-sourcepos=\"13:1-13:167\"><strong>Respetuoso con el medio ambiente<\/strong>, El cart\u00f3n es reciclable y el EPS es 100% biodegradable, lo que minimiza el impacto medioambiental de su env\u00edo.<\/p>\n<p data-sourcepos=\"15:1-15:218\"><strong>Al elegir nuestros envases para 9 botellas de vino, puede estar seguro de que llegar\u00e1n a su destino seguras y en perfectas condiciones, listas para ser disfrutadas por sus clientes.<\/strong><\/p>","protected":false},"excerpt":{"rendered":"<p data-sourcepos=\"5:1-5:20\"><strong>Este kit de env\u00edo contiene :<\/strong><\/p>\n<ul>\n<li data-sourcepos=\"8:1-9:0\">1 caja de env\u00edo (37 x 28 x 33 cm)<\/li>\n<li data-sourcepos=\"8:1-9:0\">1 caja de 3 botellas y 2 separadores PSE de 3 botellas<\/li>\n<li data-sourcepos=\"38:1-39:0\">Embalaje : Caja de 30<\/li>\n<\/ul>\n<hr \/>\n<table class=\"size-table price-table table-technical-information\" style=\"width: 500px;\" data-v-33004ae6=\"\">\n<thead id=\"table-head-product-batch\" data-v-33004ae6=\"\">\n<tr data-v-33004ae6=\"\">\n<th class=\"column-pack table-price-right pt-1 pb-2\" style=\"text-align: center;\" data-v-33004ae6=\"\"><span data-v-33004ae6=\"\">30 cajas<\/span><\/th>\n<th class=\"column-box pt-1 pb-2\" style=\"text-align: center;\" data-v-33004ae6=\"\">90 cajas<\/th>\n<th class=\"column-size pt-1 pb-2\" style=\"text-align: center;\" data-v-33004ae6=\"\"><span data-v-33004ae6=\"\">180 cajas<\/span><\/th>\n<th class=\"column-size-box pt-1 pb-2\" style=\"text-align: center;\" data-v-33004ae6=\"\">330 cajas<\/th>\n<\/tr>\n<\/thead>\n<tbody class=\"table-hover\" data-v-33004ae6=\"\">\n<tr data-v-33004ae6=\"\">\n<td class=\"pl-0 pr-0\" style=\"text-align: center;\" data-v-33004ae6=\"\">11,17\u20ac\/u<\/td>\n<td class=\"pl-0 pr-0\" style=\"text-align: center;\" data-v-33004ae6=\"\">10,80\u20ac\/u<\/td>\n<td class=\"pl-0 pr-0\" style=\"text-align: center;\" data-v-33004ae6=\"\">10,53\u20ac\/u<\/td>\n<td class=\"pl-0 pr-0\" style=\"text-align: center;\" data-v-33004ae6=\"\">10,11\u20ac\/u<\/td>\n<\/tr>\n<\/tbody>\n<\/table>","protected":false},"featured_media":7733,"comment_status":"open","ping_status":"closed","template":"","meta":{"_et_pb_use_builder":"","_et_pb_old_content":"","_et_gb_content_width":""},"product_brand":[],"product_cat":[298],"product_tag":[],"class_list":{"0":"post-866","1":"product","2":"type-product","3":"status-publish","4":"has-post-thumbnail","6":"product_cat-solutions-completes","8":"first","9":"instock","10":"taxable","11":"shipping-taxable","12":"purchasable","13":"product-type-simple"},"_links":{"self":[{"href":"https:\/\/europackwine.fr\/es\/wp-json\/wp\/v2\/product\/866","targetHints":{"allow":["GET"]}}],"collection":[{"href":"https:\/\/europackwine.fr\/es\/wp-json\/wp\/v2\/product"}],"about":[{"href":"https:\/\/europackwine.fr\/es\/wp-json\/wp\/v2\/types\/product"}],"replies":[{"embeddable":true,"href":"https:\/\/europackwine.fr\/es\/wp-json\/wp\/v2\/comments?post=866"}],"wp:featuredmedia":[{"embeddable":true,"href":"https:\/\/europackwine.fr\/es\/wp-json\/wp\/v2\/media\/7733"}],"wp:attachment":[{"href":"https:\/\/europackwine.fr\/es\/wp-json\/wp\/v2\/media?parent=866"}],"wp:term":[{"taxonomy":"product_brand","embeddable":true,"href":"https:\/\/europackwine.fr\/es\/wp-json\/wp\/v2\/product_brand?post=866"},{"taxonomy":"product_cat","embeddable":true,"href":"https:\/\/europackwine.fr\/es\/wp-json\/wp\/v2\/product_cat?post=866"},{"taxonomy":"product_tag","embeddable":true,"href":"https:\/\/europackwine.fr\/es\/wp-json\/wp\/v2\/product_tag?post=866"}],"curies":[{"name":"wp","href":"https:\/\/api.w.org\/{rel}","templated":true}]}}