{"id":1316,"date":"2021-04-19T15:14:56","date_gmt":"2021-04-19T15:14:56","guid":{"rendered":"https:\/\/europackwine.staging-lab.co\/?post_type=product&#038;p=1316"},"modified":"2026-03-31T09:34:18","modified_gmt":"2026-03-31T09:34:18","slug":"capa-12-carton-37-x-33-x-46-cm","status":"publish","type":"product","link":"https:\/\/europackwine.fr\/es\/producto\/capa-12-carton-37-x-33-x-46-cm\/","title":{"rendered":"Capa 12 - Cart\u00f3n 37 x 33 x 46 cm"},"content":{"rendered":"<p data-sourcepos=\"1:1-1:65\"><strong>CAPA 12: la caja de cart\u00f3n de 37 x 33 x 46 cm para mantener tus cajas de poliestireno de 12 botellas.<\/strong><\/p>\n<p data-sourcepos=\"3:1-3:273\"><strong>CAPA 12<\/strong> Es un cart\u00f3n de una sola onda para sobreembalaje que funciona con las cajas de poliestireno EUPA03 e INPA03 para proteger 12 botellas de vino. Es ideal para el transporte y almacenamiento de tus botellas, y su robusta construcci\u00f3n garantiza una protecci\u00f3n \u00f3ptima contra golpes y vibraciones.<\/p>\n<p data-sourcepos=\"5:1-5:22\"><strong>Caracter\u00edsticas :<\/strong><\/p>\n<ul data-sourcepos=\"7:1-11:0\">\n<li data-sourcepos=\"7:1-7:87\"><strong>Adecuado para 1 caja de poliestireno EUPA 03 y 3 separadores de poliestireno INPA 03<\/strong><\/li>\n<li data-sourcepos=\"8:1-8:34\"><strong>Dimensiones: 37 x 33 x 46 cm<\/strong><\/li>\n<li data-sourcepos=\"9:1-9:19\"><strong>Peso: 440 g<\/strong><\/li>\n<li data-sourcepos=\"10:1-11:0\"><strong>Se env\u00edan en bolsas de 20 unidades<\/strong><\/li>\n<\/ul>\n<p data-sourcepos=\"12:1-12:15\"><strong>Ventajas :<\/strong><\/p>\n<ul data-sourcepos=\"14:1-18:0\">\n<li data-sourcepos=\"14:1-14:52\"><strong>Protecci\u00f3n \u00f3ptima<\/strong>\u00a0para sus botellas de vino<\/li>\n<li data-sourcepos=\"15:1-15:46\"><strong>Construcci\u00f3n robusta<\/strong>\u00a0flauta \u00fanica<\/li>\n<li data-sourcepos=\"16:1-16:38\"><strong>F\u00e1cil de montar y utilizar<\/strong><\/li>\n<li data-sourcepos=\"17:1-18:0\"><strong>Soluci\u00f3n de envasado rentable<\/strong><\/li>\n<\/ul>\n<p data-sourcepos=\"21:1-21:32\"><strong>Para una soluci\u00f3n completa :<\/strong><\/p>\n<p data-sourcepos=\"23:1-23:351\">Si no est\u00e1 familiarizado con nuestra soluci\u00f3n de envasado, le recomendamos que pida directamente la soluci\u00f3n completa. <strong>Euro 12 (<a href=\"http:\/\/europackwine.fr\/es\/producto\/emballage-vin-12-bouteilles\/\">ver producto<\/a>)<\/strong>. Esta soluci\u00f3n incluye todos los elementos necesarios para embalar y proteger sus botellas de vino, incluyendo la caja de cart\u00f3n CAPA 12, las cajas de poliestireno EUPA 03 y los separadores de poliestireno INPA 03.<\/p>\n<p data-sourcepos=\"25:1-25:92\"><strong>Pida hoy mismo su CAPA 12 y disfrute de total tranquilidad.<\/strong><\/p>\n<p data-sourcepos=\"50:1-50:34\"><strong>M\u00e1s informaci\u00f3n:<\/strong><\/p>\n<ul data-sourcepos=\"52:1-54:0\">\n<li data-sourcepos=\"52:1-52:137\">El tablero CAPA 12 cuenta con la certificaci\u00f3n FSC, que garantiza que est\u00e1 fabricado con materiales procedentes de bosques gestionados de forma sostenible.<\/li>\n<li data-sourcepos=\"53:1-54:0\">El cart\u00f3n tambi\u00e9n es reciclable, lo que reduce su impacto ambiental.<\/li>\n<\/ul>\n<p><strong>No dude en ponerse en contacto con nosotros para obtener m\u00e1s informaci\u00f3n o realizar un pedido.<\/strong><\/p>\n<p data-sourcepos=\"57:1-57:18\"><strong>Enlaces \u00fatiles :<\/strong><\/p>\n<ul data-sourcepos=\"59:1-61:92\">\n<li data-sourcepos=\"59:1-59:64\">Soluci\u00f3n completa EURO 12: <a href=\"http:\/\/europackwine.fr\/es\/producto\/emballage-vin-12-bouteilles\/\"><strong>ver producto<\/strong><\/a><\/li>\n<li data-sourcepos=\"60:1-60:80\">Caja de poliestireno referencia EUPA 03: <a href=\"http:\/\/europackwine.fr\/es\/producto\/coffret-polystyrene-1-bouteille\/\"><strong>ver producto<\/strong><\/a><\/li>\n<li data-sourcepos=\"61:1-61:92\">Espaciador de poliestireno referencia INPA 03: <a href=\"http:\/\/europackwine.fr\/es\/producto\/intercalaire-polystyrene-3-bouteilles\/\"><strong>ver producto<\/strong><\/a><\/li>\n<\/ul>\n<p data-sourcepos=\"27:1-27:103\">","protected":false},"excerpt":{"rendered":"<p><strong>CAPA 12 : Cart\u00f3n 37 x 33 x 46 cm <\/strong>para Cajas de Poliestireno Universales<strong><br \/>\n<\/strong>Proteja sus botellas de vino de forma eficaz con los envases CAPA 12.<br \/>\nEmbalaje : Caja de 20 unidades<br \/>\n<strong>Se adapta a 9 botellas gracias a un sistema de \u00abplegado\u00bb.<\/strong><\/p>\n<p>&nbsp;<\/p>\n<table class=\"size-table price-table table-technical-information\" data-v-33004ae6=\"\">\n<thead id=\"table-head-product-batch\" data-v-33004ae6=\"\">\n<tr data-v-33004ae6=\"\">\n<th class=\"column-pack table-price-right pt-1 pb-2\" style=\"text-align: center;\" data-v-33004ae6=\"\"><span data-v-33004ae6=\"\">20 cajas<\/span><\/th>\n<th class=\"column-box pt-1 pb-2\" style=\"text-align: center;\" data-v-33004ae6=\"\">\u00a080 cajas<\/th>\n<th class=\"column-size pt-1 pb-2\" style=\"text-align: center;\" data-v-33004ae6=\"\"><span data-v-33004ae6=\"\">\u00a0180 cartones<\/span><\/th>\n<th class=\"column-size-box pt-1 pb-2\" style=\"text-align: center;\" data-v-33004ae6=\"\">320 cajas<\/th>\n<\/tr>\n<\/thead>\n<tbody class=\"table-hover\" data-v-33004ae6=\"\">\n<tr data-v-33004ae6=\"\">\n<td class=\"pl-0 pr-0\" style=\"text-align: center;\" data-v-33004ae6=\"\">2,39\u20ac\/u<\/td>\n<td class=\"pl-0 pr-0\" style=\"text-align: center;\" data-v-33004ae6=\"\">2,32\u20ac\/u<\/td>\n<td class=\"pl-0 pr-0\" style=\"text-align: center;\" data-v-33004ae6=\"\">2,28\u20ac\/u<\/td>\n<td class=\"pl-0 pr-0\" style=\"text-align: center;\" data-v-33004ae6=\"\">2,22\u20ac\/u<\/td>\n<\/tr>\n<\/tbody>\n<\/table>","protected":false},"featured_media":7581,"comment_status":"open","ping_status":"closed","template":"","meta":{"_et_pb_use_builder":"","_et_pb_old_content":"","_et_gb_content_width":""},"product_brand":[],"product_cat":[296],"product_tag":[],"class_list":{"0":"post-1316","1":"product","2":"type-product","3":"status-publish","4":"has-post-thumbnail","6":"product_cat-cartons","8":"first","9":"instock","10":"taxable","11":"shipping-taxable","12":"purchasable","13":"product-type-simple"},"_links":{"self":[{"href":"https:\/\/europackwine.fr\/es\/wp-json\/wp\/v2\/product\/1316","targetHints":{"allow":["GET"]}}],"collection":[{"href":"https:\/\/europackwine.fr\/es\/wp-json\/wp\/v2\/product"}],"about":[{"href":"https:\/\/europackwine.fr\/es\/wp-json\/wp\/v2\/types\/product"}],"replies":[{"embeddable":true,"href":"https:\/\/europackwine.fr\/es\/wp-json\/wp\/v2\/comments?post=1316"}],"wp:featuredmedia":[{"embeddable":true,"href":"https:\/\/europackwine.fr\/es\/wp-json\/wp\/v2\/media\/7581"}],"wp:attachment":[{"href":"https:\/\/europackwine.fr\/es\/wp-json\/wp\/v2\/media?parent=1316"}],"wp:term":[{"taxonomy":"product_brand","embeddable":true,"href":"https:\/\/europackwine.fr\/es\/wp-json\/wp\/v2\/product_brand?post=1316"},{"taxonomy":"product_cat","embeddable":true,"href":"https:\/\/europackwine.fr\/es\/wp-json\/wp\/v2\/product_cat?post=1316"},{"taxonomy":"product_tag","embeddable":true,"href":"https:\/\/europackwine.fr\/es\/wp-json\/wp\/v2\/product_tag?post=1316"}],"curies":[{"name":"wp","href":"https:\/\/api.w.org\/{rel}","templated":true}]}}