{"id":1147,"date":"2021-04-19T12:50:22","date_gmt":"2021-04-19T12:50:22","guid":{"rendered":"https:\/\/europackwine.staging-lab.co\/?post_type=product&#038;p=1147"},"modified":"2026-03-31T09:03:20","modified_gmt":"2026-03-31T09:03:20","slug":"carton-13-x-12-x-37-cm","status":"publish","type":"product","link":"https:\/\/europackwine.fr\/es\/producto\/carton-13-x-12-x-37-cm\/","title":{"rendered":"CAPA 01 - Cart\u00f3n 13 x 12 x 37 cm"},"content":{"rendered":"<p data-sourcepos=\"1:1-1:91\"><strong>CAPA 01 \u2013 Cart\u00f3n 13 x 12 x 37 cm Cart\u00f3n para estuche de 1 botella.<br \/>\n<\/strong>Le <strong>CAPA 01<\/strong> Es una caja de embalaje de canal simple dise\u00f1ada para sujetar y proteger 1 caja de poliestireno (EUPA 01) durante el transporte. Perfectamente adaptado para el env\u00edo de una botella, ofreci\u00e9ndole as\u00ed una protecci\u00f3n \u00f3ptima para sus botellas. S\u00f3lido y elegante, es ideal para el transporte y almacenamiento de sus preciosos vinos.<\/p>\n<p data-sourcepos=\"17:1-17:28\"><strong>Pr\u00e1ctico y econ\u00f3mico:<\/strong><\/p>\n<p data-sourcepos=\"17:1-17:28\">Nuestro producto se entrega en cajas de 25 unidades para facilitar su almacenamiento y manipulaci\u00f3n. Se apilan f\u00e1cilmente para ahorrar peso y pesan solo 120 g para reducir los gastos de env\u00edo.<\/p>\n<p data-sourcepos=\"25:1-25:23\"><strong>Soluci\u00f3n completa :<\/strong><\/p>\n<p>Si no conoce nuestra soluci\u00f3n de envasado, le recomendamos que pida directamente la soluci\u00f3n completa EURO 01 (<a href=\"http:\/\/europackwine.fr\/es\/producto\/emballage-vin-1-bouteille\/\"><strong>ver producto<\/strong><\/a>) que contiene todos los elementos :<\/p>\n<ul>\n<li>1 caja CAPA 01<\/li>\n<li>1 caja de poliestireno referencia EUPA 01 : <a href=\"http:\/\/europackwine.fr\/es\/producto\/coffret-polystyrene-1-bouteille\/\"><strong>ver producto<\/strong><\/a><\/li>\n<\/ul>\n<p data-sourcepos=\"40:1-40:15\"><strong>Ventajas :<\/strong><\/p>\n<ul data-sourcepos=\"42:1-47:0\">\n<li data-sourcepos=\"42:1-42:22\">Robusto y resistente<\/li>\n<li data-sourcepos=\"43:1-43:57\">Perfectamente adaptado a las cajas universales de poliestireno<\/li>\n<li data-sourcepos=\"44:1-44:24\">Pr\u00e1ctico y econ\u00f3mico<\/li>\n<li data-sourcepos=\"45:1-45:20\">Ligero y apilable<\/li>\n<li data-sourcepos=\"46:1-47:0\">Calidad superior<\/li>\n<\/ul>","protected":false},"excerpt":{"rendered":"<p data-sourcepos=\"1:1-1:91\"><strong>CAPA 01 - Cart\u00f3n 13 x 12 x 37 cm, <\/strong>la soluci\u00f3n ideal para los profesionales del vino que buscan un envase de alta calidad para sus botellas.<br \/>\nEmbalaje : Caja de 25 unidades<\/p>\n<hr \/>\n<table class=\"size-table price-table table-technical-information\" style=\"width: 500px;\" data-v-33004ae6=\"\">\n<thead id=\"table-head-product-batch\" data-v-33004ae6=\"\">\n<tr data-v-33004ae6=\"\">\n<th class=\"column-pack table-price-right pt-1 pb-2\" style=\"text-align: center;\" data-v-33004ae6=\"\"><span data-v-33004ae6=\"\">25 cajas<\/span><\/th>\n<th class=\"column-box pt-1 pb-2\" style=\"text-align: center;\" data-v-33004ae6=\"\">125 cajas<\/th>\n<th class=\"column-size pt-1 pb-2\" style=\"text-align: center;\" data-v-33004ae6=\"\"><span data-v-33004ae6=\"\">225 cajas<\/span><\/th>\n<th class=\"column-size-box pt-1 pb-2\" style=\"text-align: center;\" data-v-33004ae6=\"\">425 cartones<\/th>\n<\/tr>\n<\/thead>\n<tbody class=\"table-hover\" data-v-33004ae6=\"\">\n<tr data-v-33004ae6=\"\">\n<td class=\"pl-0 pr-0\" style=\"text-align: center;\" data-v-33004ae6=\"\">0,76\u20ac\/u<\/td>\n<td class=\"pl-0 pr-0\" style=\"text-align: center;\" data-v-33004ae6=\"\">0,73\u20ac\/u<\/td>\n<td class=\"pl-0 pr-0\" style=\"text-align: center;\" data-v-33004ae6=\"\">0,69\u20ac\/u<\/td>\n<td class=\"pl-0 pr-0\" style=\"text-align: center;\" data-v-33004ae6=\"\">0,66\u20ac\/u<\/td>\n<\/tr>\n<\/tbody>\n<\/table>","protected":false},"featured_media":7663,"comment_status":"open","ping_status":"closed","template":"","meta":{"_et_pb_use_builder":"","_et_pb_old_content":"","_et_gb_content_width":""},"product_brand":[],"product_cat":[296],"product_tag":[],"class_list":{"0":"post-1147","1":"product","2":"type-product","3":"status-publish","4":"has-post-thumbnail","6":"product_cat-cartons","8":"first","9":"instock","10":"taxable","11":"shipping-taxable","12":"purchasable","13":"product-type-simple"},"_links":{"self":[{"href":"https:\/\/europackwine.fr\/es\/wp-json\/wp\/v2\/product\/1147","targetHints":{"allow":["GET"]}}],"collection":[{"href":"https:\/\/europackwine.fr\/es\/wp-json\/wp\/v2\/product"}],"about":[{"href":"https:\/\/europackwine.fr\/es\/wp-json\/wp\/v2\/types\/product"}],"replies":[{"embeddable":true,"href":"https:\/\/europackwine.fr\/es\/wp-json\/wp\/v2\/comments?post=1147"}],"wp:featuredmedia":[{"embeddable":true,"href":"https:\/\/europackwine.fr\/es\/wp-json\/wp\/v2\/media\/7663"}],"wp:attachment":[{"href":"https:\/\/europackwine.fr\/es\/wp-json\/wp\/v2\/media?parent=1147"}],"wp:term":[{"taxonomy":"product_brand","embeddable":true,"href":"https:\/\/europackwine.fr\/es\/wp-json\/wp\/v2\/product_brand?post=1147"},{"taxonomy":"product_cat","embeddable":true,"href":"https:\/\/europackwine.fr\/es\/wp-json\/wp\/v2\/product_cat?post=1147"},{"taxonomy":"product_tag","embeddable":true,"href":"https:\/\/europackwine.fr\/es\/wp-json\/wp\/v2\/product_tag?post=1147"}],"curies":[{"name":"wp","href":"https:\/\/api.w.org\/{rel}","templated":true}]}}