{"id":1053,"date":"2021-04-19T07:08:21","date_gmt":"2021-04-19T07:08:21","guid":{"rendered":"https:\/\/europackwine.staging-lab.co\/?post_type=product&#038;p=1053"},"modified":"2026-03-31T07:59:46","modified_gmt":"2026-03-31T07:59:46","slug":"intercalaire-polystyrene-3-bouteilles","status":"publish","type":"product","link":"https:\/\/europackwine.fr\/es\/producto\/intercalaire-polystyrene-3-bouteilles\/","title":{"rendered":"INPA 03 - Espaciador de poliestireno 3 botellas"},"content":{"rendered":"<p data-sourcepos=\"1:1-1:80\"><strong>INPA 03 - Espaciador de poliestireno 3 botellas<\/strong><\/p>\n<p data-sourcepos=\"1:1-1:80\"><strong>Si necesita a\u00f1adir botellas a su paquete, utilice nuestro divisor universal.<\/strong><\/p>\n<p>Al igual que nuestras cajas de poliestireno expandido (EPS), el separador est\u00e1 dise\u00f1ado para proporcionar una protecci\u00f3n \u00f3ptima y universal a sus botellas de vino durante el env\u00edo.<\/p>\n<p data-sourcepos=\"17:1-17:28\"><strong>Pr\u00e1ctico y econ\u00f3mico:<\/strong><\/p>\n<p data-sourcepos=\"17:1-17:28\">Nuestro producto se entrega en una bolsa de 30 cm para facilitar su almacenamiento y manipulaci\u00f3n. F\u00e1cilmente apilable para ahorrar peso y con un peso de solo 145 g para reducir sus gastos de env\u00edo.<\/p>\n<p data-sourcepos=\"20:1-20:15\"><strong>Informaci\u00f3n importante:<\/strong><\/p>\n<p data-sourcepos=\"22:1-22:143\">El inserto de poliestireno de 3 botellas act\u00faa como un coj\u00edn intermedio y requiere una sobrecaja y una caja de poliestireno para mantenerlo en su sitio y garantizar su integridad durante el env\u00edo.<\/p>\n<p data-sourcepos=\"22:1-22:143\"><strong>Ventajas :\u00a0<\/strong><\/p>\n<ul data-sourcepos=\"5:1-8:0\">\n<li data-sourcepos=\"5:1-6:52\">Protecci\u00f3n: el poliestireno es un material protector hecho de espuma de poliestireno expandido (EPS) que protege el vino de golpes y vibraciones durante el transporte y la manipulaci\u00f3n.<\/li>\n<li data-sourcepos=\"5:1-5:272\">Aislamiento<strong>\u00a0:<\/strong> El EPS tambi\u00e9n es un buen aislante, que mantiene las botellas de vino a una temperatura constante durante el transporte y el almacenamiento.<\/li>\n<li data-sourcepos=\"16:1-16:106\">Ligereza: el poliestireno es un material ligero, lo que facilita el transporte y la manipulaci\u00f3n de las cajas de vino. Tambi\u00e9n es bueno para el medio ambiente, ya que reduce las emisiones de carbono.<\/li>\n<li data-sourcepos=\"16:1-16:106\">Reciclable: tanto las cajas como los separadores de poliestireno son reciclables y pueden convertirse en nuevos productos, como cojines, envases alimentarios, etc.<\/li>\n<\/ul>\n<p data-sourcepos=\"25:1-25:23\"><strong>Soluci\u00f3n completa :<\/strong><\/p>\n<p>Si no est\u00e1 familiarizado con nuestra soluci\u00f3n de envasado, le recomendamos que pida directamente un <strong>soluci\u00f3n completa<\/strong> en funci\u00f3n del n\u00famero de botellas que desee enviar:<\/p>\n<ul>\n<li>Para 6 botellas: contiene cart\u00f3n + caja de 3 botellas + separador de 3 botellas\n<ul>\n<li>EURO 06 (flauta \u00fanica) : <strong><a href=\"http:\/\/europackwine.fr\/es\/producto\/emballage-vin-6-bouteilles\/\">ver producto<\/a><\/strong><\/li>\n<li>EURO 06 DC (flauta doble) : <strong><a href=\"http:\/\/europackwine.fr\/es\/producto\/emballage-vin-6-bouteilles-renforce\/\">ver producto<\/a><\/strong><\/li>\n<\/ul>\n<\/li>\n<li>Para 12 botellas: contiene cart\u00f3n + caja de 6 botellas + separador de 6 botellas\n<ul>\n<li>EURO 12 (una flauta) : <strong><a href=\"http:\/\/europackwine.fr\/es\/producto\/emballage-vin-12-bouteilles\/\">ver producto<\/a><\/strong><\/li>\n<li>EURO 12 DC (flauta doble) : <strong><a href=\"http:\/\/europackwine.fr\/es\/producto\/emballage-vin-12-bouteilles-renforce\/\">ver producto<\/a><\/strong><\/li>\n<\/ul>\n<\/li>\n<\/ul>","protected":false},"excerpt":{"rendered":"<p data-sourcepos=\"1:1-1:91\"><strong>INPA 03 - Separador de 3 botellas de poliestireno, <\/strong>la soluci\u00f3n ideal para los profesionales del vino que desean enviar m\u00e1s de 6, 9 \u00f3 12 botellas en un solo paquete.<strong><br \/>\n<\/strong>Embalaje : Caja de 30<\/p>\n<hr \/>\n<table class=\"size-table price-table table-technical-information\" style=\"height: 57px; width: 554px;\" data-v-33004ae6=\"\">\n<thead id=\"table-head-product-batch\" data-v-33004ae6=\"\">\n<tr style=\"height: 46px;\" data-v-33004ae6=\"\">\n<th class=\"column-pack table-price-right pt-1 pb-2\" style=\"width: 88.9375px; height: 42px; text-align: center;\" data-v-33004ae6=\"\"><span data-v-33004ae6=\"\">30 cajas<\/span><\/th>\n<th class=\"column-box pt-1 pb-2\" style=\"width: 114.852px; height: 42px; text-align: center;\" data-v-33004ae6=\"\">90 cajas<\/th>\n<th class=\"column-size pt-1 pb-2\" style=\"width: 145.797px; height: 42px; text-align: center;\" data-v-33004ae6=\"\"><span data-v-33004ae6=\"\">180 cajas<\/span><\/th>\n<th class=\"column-size-box pt-1 pb-2\" style=\"width: 176.414px; height: 42px; text-align: center;\" data-v-33004ae6=\"\">330 cajas<\/th>\n<\/tr>\n<\/thead>\n<tbody class=\"table-hover\" data-v-33004ae6=\"\">\n<tr style=\"height: 15px;\" data-v-33004ae6=\"\">\n<td class=\"pl-0 pr-0\" style=\"width: 88.9375px; height: 15px; text-align: center;\" data-v-33004ae6=\"\">2,49\u20ac\/u<\/td>\n<td class=\"pl-0 pr-0\" style=\"width: 114.852px; height: 15px; text-align: center;\" data-v-33004ae6=\"\">2,42\u20ac\/u<\/td>\n<td class=\"pl-0 pr-0\" style=\"width: 145.797px; height: 15px; text-align: center;\" data-v-33004ae6=\"\">2,35\u20ac\/u<\/td>\n<td class=\"pl-0 pr-0\" style=\"width: 176.414px; height: 15px; text-align: center;\" data-v-33004ae6=\"\">2,23\u20ac\/u<\/td>\n<\/tr>\n<\/tbody>\n<\/table>\n<p>&nbsp;<\/p>","protected":false},"featured_media":7583,"comment_status":"open","ping_status":"closed","template":"","meta":{"_et_pb_use_builder":"","_et_pb_old_content":"","_et_gb_content_width":""},"product_brand":[],"product_cat":[295],"product_tag":[],"class_list":{"0":"post-1053","1":"product","2":"type-product","3":"status-publish","4":"has-post-thumbnail","6":"product_cat-coffrets","8":"first","9":"instock","10":"taxable","11":"shipping-taxable","12":"purchasable","13":"product-type-simple"},"_links":{"self":[{"href":"https:\/\/europackwine.fr\/es\/wp-json\/wp\/v2\/product\/1053","targetHints":{"allow":["GET"]}}],"collection":[{"href":"https:\/\/europackwine.fr\/es\/wp-json\/wp\/v2\/product"}],"about":[{"href":"https:\/\/europackwine.fr\/es\/wp-json\/wp\/v2\/types\/product"}],"replies":[{"embeddable":true,"href":"https:\/\/europackwine.fr\/es\/wp-json\/wp\/v2\/comments?post=1053"}],"wp:featuredmedia":[{"embeddable":true,"href":"https:\/\/europackwine.fr\/es\/wp-json\/wp\/v2\/media\/7583"}],"wp:attachment":[{"href":"https:\/\/europackwine.fr\/es\/wp-json\/wp\/v2\/media?parent=1053"}],"wp:term":[{"taxonomy":"product_brand","embeddable":true,"href":"https:\/\/europackwine.fr\/es\/wp-json\/wp\/v2\/product_brand?post=1053"},{"taxonomy":"product_cat","embeddable":true,"href":"https:\/\/europackwine.fr\/es\/wp-json\/wp\/v2\/product_cat?post=1053"},{"taxonomy":"product_tag","embeddable":true,"href":"https:\/\/europackwine.fr\/es\/wp-json\/wp\/v2\/product_tag?post=1053"}],"curies":[{"name":"wp","href":"https:\/\/api.w.org\/{rel}","templated":true}]}}