{"id":8182,"date":"2024-02-29T14:41:33","date_gmt":"2024-02-29T14:41:33","guid":{"rendered":"http:\/\/europackwine.fr\/?post_type=product&#038;p=8182"},"modified":"2026-03-31T09:40:48","modified_gmt":"2026-03-31T09:40:48","slug":"carton-48-x-16-x-46-cm","status":"publish","type":"product","link":"https:\/\/europackwine.fr\/en\/product\/carton-48-x-16-x-46-cm\/","title":{"rendered":"CAPA 03MA - Cardboard 48 x 16 x 46 cm"},"content":{"rendered":"<p data-sourcepos=\"1:1-1:91\"><strong>CAPA 03MA: Carton 48 x 16 x 46 cm\u00a0 <\/strong><\/p>\n<p data-sourcepos=\"1:1-1:91\">Visit <strong>CAPA 03MA<\/strong> is a single-wave corrugated outer box for magnums designed to hold and protect 3 polystyrene magnum (EUPAMA) cases during transport. Perfectly suited for shipping 3 magnums, offering you optimal protection. Sturdy and elegant, it is ideal for the transport and storage of your precious vintages.<\/p>\n<p data-sourcepos=\"17:1-17:28\"><strong>Practical and economical:<\/strong><\/p>\n<p data-sourcepos=\"17:1-17:28\">Our product is delivered in a case of 25 cartons for easy storage and handling. Easily stackable for weight savings and lightweight at 350g to reduce your shipping costs.<\/p>\n<p data-sourcepos=\"25:1-25:23\"><strong>Complete solution :<\/strong><\/p>\n<p>If you are not familiar with our packaging solution, we recommend that you order the complete EURO 03MA solution directly (<strong><a href=\"http:\/\/europackwine.fr\/en\/product\/emballage-vin-3-magnum\/\">view product<\/a><\/strong>) which contains all :<\/p>\n<ul>\n<li>1 carton CAPA03MA<\/li>\n<li>3 polystyrene boxes reference EUPAMA : <strong><a href=\"http:\/\/europackwine.fr\/en\/product\/coffret-polystyrene-1-magnum\/\">view product<\/a><\/strong><\/li>\n<\/ul>\n<p data-sourcepos=\"40:1-40:15\"><strong>Advantages :<\/strong><\/p>\n<ul data-sourcepos=\"42:1-47:0\">\n<li data-sourcepos=\"42:1-42:22\">Robust and durable<\/li>\n<li data-sourcepos=\"43:1-43:57\">Ideal for universal polystyrene boxes<\/li>\n<li data-sourcepos=\"44:1-44:24\">Practical and economical<\/li>\n<li data-sourcepos=\"45:1-45:20\">Lightweight and stackable<\/li>\n<li data-sourcepos=\"46:1-47:0\">Superior quality<\/li>\n<\/ul>","protected":false},"excerpt":{"rendered":"<p data-sourcepos=\"1:1-1:91\"><strong>CAPA 03MA: Cardboard 48 x 16 x 46 cm, <\/strong>the ideal solution for wine professionals looking for superior quality packaging for their magnums.<strong><br \/>\n<\/strong>Packaging: 25-carton case<\/p>\n<hr \/>\n<table class=\"size-table price-table table-technical-information\" style=\"width: 500px;\" data-v-33004ae6=\"\">\n<thead id=\"table-head-product-batch\" data-v-33004ae6=\"\">\n<tr data-v-33004ae6=\"\">\n<th class=\"column-pack table-price-right pt-1 pb-2\" data-v-33004ae6=\"\"><span data-v-33004ae6=\"\">25 cartons<\/span><\/th>\n<th class=\"column-box pt-1 pb-2\" data-v-33004ae6=\"\">125 cartons<\/th>\n<th class=\"column-size pt-1 pb-2\" data-v-33004ae6=\"\"><span data-v-33004ae6=\"\">225 cartons<\/span><\/th>\n<th class=\"column-size-box pt-1 pb-2\" data-v-33004ae6=\"\">425 cartons<\/th>\n<\/tr>\n<\/thead>\n<tbody class=\"table-hover\" data-v-33004ae6=\"\">\n<tr data-v-33004ae6=\"\">\n<td class=\"pl-0 pr-0\" data-v-33004ae6=\"\">2,38\u20ac\/u<\/td>\n<td class=\"pl-0 pr-0\" data-v-33004ae6=\"\">2,34\u20ac\/u<\/td>\n<td class=\"pl-0 pr-0\" data-v-33004ae6=\"\">2,29\u20ac\/u<\/td>\n<td class=\"pl-0 pr-0\" data-v-33004ae6=\"\">2,23\u20ac\/u<\/td>\n<\/tr>\n<\/tbody>\n<\/table>","protected":false},"featured_media":2204,"comment_status":"open","ping_status":"closed","template":"","meta":{"_et_pb_use_builder":"off","_et_pb_old_content":"<p data-sourcepos=\"1:1-1:91\"><strong>CAPA 03MA : Carton 48 x 16 x 46 cm Coffrets Polystyr\u00e8ne Universels Europackwine pour magnum. <\/strong>Le <strong>CAPA 03MA<\/strong> est un carton de sur-emballage pour magnum simple cannelure con\u00e7u pour maintenir et prot\u00e9ger 3 coffrets (EUPAMA) pour magnum en polystyr\u00e8ne lors du transport. Parfaitement adapt\u00e9 pour l'exp\u00e9dition de 3 bouteilles de magnum, et ainsi vous offrir une protection optimale \u00e0 vos bouteilles. Solide et \u00e9l\u00e9gant, il est id\u00e9al pour le transport et le stockage de vos pr\u00e9cieux crus.<\/p>\r\n<p data-sourcepos=\"17:1-17:28\"><strong>Pratique et \u00e9conomique :<\/strong><\/p>\r\n<p data-sourcepos=\"17:1-17:28\">Notre produit est livr\u00e9 par housse de 20 cartons pour un stockage et une manipulation ais\u00e9e. Empilable facilement pour un gain de poids et l\u00e9ger de 350g pour r\u00e9duire vos frais d'exp\u00e9ditions.<\/p>\r\n<p data-sourcepos=\"25:1-25:23\"><strong>Solution compl\u00e8te :<\/strong><\/p>\r\nSi vous n'\u00eates pas familier avec notre solution d'emballage, nous vous recommandons de commander directement la solution compl\u00e8te EURO 03MA (<strong><a href=\"http:\/\/europackwine.fr\/produit\/emballage-vin-3-magnum\/\">voir produit<\/a><\/strong>)\u00a0 qui contient tous les \u00e9l\u00e9ments :\r\n<ul>\r\n \t<li>1 carton CAPA 03MA<\/li>\r\n \t<li>3 coffrets polystyr\u00e8ne r\u00e9f\u00e9rence EUPAMA : <strong><a href=\"http:\/\/europackwine.fr\/produit\/coffret-polystyrene-1-magnum\/\">voir produit<\/a><\/strong><\/li>\r\n<\/ul>\r\n<p data-sourcepos=\"40:1-40:15\"><strong>Avantages :<\/strong><\/p>\r\n\r\n<ul data-sourcepos=\"42:1-47:0\">\r\n \t<li data-sourcepos=\"42:1-42:22\">Robuste et r\u00e9sistant<\/li>\r\n \t<li data-sourcepos=\"43:1-43:57\">Parfaitement adapt\u00e9 aux coffrets polystyr\u00e8ne universels<\/li>\r\n \t<li data-sourcepos=\"44:1-44:24\">Pratique et \u00e9conomique<\/li>\r\n \t<li data-sourcepos=\"45:1-45:20\">L\u00e9ger et empilable<\/li>\r\n \t<li data-sourcepos=\"46:1-47:0\">Qualit\u00e9 sup\u00e9rieure<\/li>\r\n<\/ul>","_et_gb_content_width":""},"product_brand":[],"product_cat":[296],"product_tag":[],"class_list":{"0":"post-8182","1":"product","2":"type-product","3":"status-publish","4":"has-post-thumbnail","6":"product_cat-cartons","8":"first","9":"instock","10":"taxable","11":"shipping-taxable","12":"purchasable","13":"product-type-simple"},"_links":{"self":[{"href":"https:\/\/europackwine.fr\/en\/wp-json\/wp\/v2\/product\/8182","targetHints":{"allow":["GET"]}}],"collection":[{"href":"https:\/\/europackwine.fr\/en\/wp-json\/wp\/v2\/product"}],"about":[{"href":"https:\/\/europackwine.fr\/en\/wp-json\/wp\/v2\/types\/product"}],"replies":[{"embeddable":true,"href":"https:\/\/europackwine.fr\/en\/wp-json\/wp\/v2\/comments?post=8182"}],"wp:featuredmedia":[{"embeddable":true,"href":"https:\/\/europackwine.fr\/en\/wp-json\/wp\/v2\/media\/2204"}],"wp:attachment":[{"href":"https:\/\/europackwine.fr\/en\/wp-json\/wp\/v2\/media?parent=8182"}],"wp:term":[{"taxonomy":"product_brand","embeddable":true,"href":"https:\/\/europackwine.fr\/en\/wp-json\/wp\/v2\/product_brand?post=8182"},{"taxonomy":"product_cat","embeddable":true,"href":"https:\/\/europackwine.fr\/en\/wp-json\/wp\/v2\/product_cat?post=8182"},{"taxonomy":"product_tag","embeddable":true,"href":"https:\/\/europackwine.fr\/en\/wp-json\/wp\/v2\/product_tag?post=8182"}],"curies":[{"name":"wp","href":"https:\/\/api.w.org\/{rel}","templated":true}]}}