{"id":1027,"date":"2021-04-14T10:01:00","date_gmt":"2021-04-14T10:01:00","guid":{"rendered":"https:\/\/europackwine.staging-lab.co\/?post_type=product&#038;p=1027"},"modified":"2026-03-30T08:43:59","modified_gmt":"2026-03-30T08:43:59","slug":"coffret-polystyrene-3-bouteilles","status":"publish","type":"product","link":"https:\/\/europackwine.fr\/en\/product\/coffret-polystyrene-3-bouteilles\/","title":{"rendered":"EUPA 03 - Polystyrene box 3 bottles"},"content":{"rendered":"<p data-sourcepos=\"1:1-1:80\"><strong>EUPA 03: Polystyrene box 3 bottles<\/strong><\/p>\n<p data-sourcepos=\"1:1-1:80\"><strong>Protect your wine bottles in complete safety with our universal protective case!<\/strong><\/p>\n<p>This expanded polystyrene (EPS) box is designed to provide universal, optimal protection for your wine bottles during shipping.<\/p>\n<p data-sourcepos=\"17:1-17:28\"><strong>Practical and economical:<\/strong><\/p>\n<p data-sourcepos=\"17:1-17:28\">Our product is delivered in a case of 30 boxes for easy storage and handling. Easily stackable to save weight, and weighing just 210g to reduce shipping costs.<\/p>\n<p data-sourcepos=\"20:1-20:15\"><strong>Important information:<\/strong><\/p>\n<p data-sourcepos=\"22:1-22:143\">The 3-bottle polystyrene box works like a cushion and requires an over-carton to hold it in place and guarantee its integrity during shipping.<\/p>\n<p data-sourcepos=\"22:1-22:143\"><strong>Advantages :\u00a0<\/strong><\/p>\n<ul data-sourcepos=\"5:1-8:0\">\n<li data-sourcepos=\"5:1-6:52\">Protection: polystyrene is a protective material made from expanded polystyrene foam (EPS) that protects wine from shocks and vibrations during transport and handling.<\/li>\n<li data-sourcepos=\"5:1-5:272\">Insulation<strong>\u00a0:<\/strong> EPS is also a good insulator, keeping wine bottles at a constant temperature during transport and storage.<\/li>\n<li data-sourcepos=\"16:1-16:106\">Lightweight: Polystyrene is a lightweight material, making it easy to transport and handle wine crates. It also benefits the environment by reducing carbon emissions.<\/li>\n<li data-sourcepos=\"16:1-16:106\">Recyclable: polystyrene boxes are recyclable, and can be recycled into new products, such as padding, food packaging, etc.<\/li>\n<\/ul>\n<p data-sourcepos=\"25:1-25:23\"><strong>Complete solution :<\/strong><\/p>\n<p>If you are unfamiliar with our packaging solution, we recommend that you order directly a <strong>complete solution<\/strong> depending on the number of bottles you wish to ship:<\/p>\n<ul>\n<li>For 3 bottles :\n<ul>\n<li>EURO 03 : <strong><a href=\"http:\/\/europackwine.fr\/en\/product\/emballage-vin-3-bouteilles\/\">view product<\/a><\/strong><\/li>\n<\/ul>\n<\/li>\n<li>For 6 bottles :\n<ul>\n<li>EURO 06 (single-flute) : <strong><a href=\"http:\/\/europackwine.fr\/en\/product\/emballage-vin-6-bouteilles\/\">view product<\/a><\/strong><\/li>\n<li>EURO 06 DC (double-flute) : <strong><a href=\"http:\/\/europackwine.fr\/en\/product\/emballage-vin-6-bouteilles-renforce\/\">view product<\/a><\/strong><\/li>\n<\/ul>\n<\/li>\n<li>For 9 bottles :\n<ul>\n<li>EURO 09 (single-flute) : <strong><a href=\"http:\/\/europackwine.fr\/en\/product\/emballage-vin-9-bouteilles\/\">view product<\/a><\/strong><\/li>\n<li>EURO 09 DC (double-flute) : <strong><a href=\"http:\/\/europackwine.fr\/en\/product\/emballage-vin-9-bouteilles-renforce\/\">view product<\/a><\/strong><\/li>\n<\/ul>\n<\/li>\n<li>For 12 bottles :\n<ul>\n<li>EURO 12 (single-flute) : <strong><a href=\"http:\/\/europackwine.fr\/en\/product\/emballage-vin-12-bouteilles\/\">view product<\/a><\/strong><\/li>\n<li>EURO 12 DC (double-flute) : <strong><a href=\"http:\/\/europackwine.fr\/en\/product\/emballage-vin-12-bouteilles-renforce\/\">view product<\/a><\/strong><\/li>\n<\/ul>\n<\/li>\n<\/ul>","protected":false},"excerpt":{"rendered":"<p data-sourcepos=\"1:1-1:91\"><strong>EUPA 03 - 3-bottle polystyrene case, <\/strong>the ideal solution for wine professionals looking for top-quality packaging for their bottles.<br \/>\nPackaging: Case of 30<\/p>\n<hr \/>\n<table class=\"size-table price-table table-technical-information\" style=\"height: 46px; width: 500px;\" data-v-33004ae6=\"\">\n<thead id=\"table-head-product-batch\" data-v-33004ae6=\"\">\n<tr style=\"height: 23px;\" data-v-33004ae6=\"\">\n<th class=\"column-pack table-price-right pt-1 pb-2\" style=\"height: 23px; width: 70.8125px;\" data-v-33004ae6=\"\"><span data-v-33004ae6=\"\">30 boxes<\/span><\/th>\n<th class=\"column-box pt-1 pb-2\" style=\"height: 23px; width: 70.8125px;\" data-v-33004ae6=\"\">90 boxes<\/th>\n<th class=\"column-size pt-1 pb-2\" style=\"height: 23px; width: 78.5938px;\" data-v-33004ae6=\"\"><span data-v-33004ae6=\"\">180 boxes<\/span><\/th>\n<th class=\"column-size-box pt-1 pb-2\" style=\"height: 23px; width: 78.5938px;\" data-v-33004ae6=\"\">330 boxes<\/th>\n<\/tr>\n<\/thead>\n<tbody class=\"table-hover\" data-v-33004ae6=\"\">\n<tr style=\"height: 23px;\" data-v-33004ae6=\"\">\n<td class=\"pl-0 pr-0\" style=\"height: 23px; width: 70.8125px;\" data-v-33004ae6=\"\">3,80\u20ac\/u<\/td>\n<td class=\"pl-0 pr-0\" style=\"height: 23px; width: 70.8125px;\" data-v-33004ae6=\"\">3,65\u20ac\/u<\/td>\n<td class=\"pl-0 pr-0\" style=\"height: 23px; width: 78.5938px;\" data-v-33004ae6=\"\">3,55\u20ac\/u<\/td>\n<td class=\"pl-0 pr-0\" style=\"height: 23px; width: 78.5938px;\" data-v-33004ae6=\"\">3,44\u20ac\/u<\/td>\n<\/tr>\n<\/tbody>\n<\/table>","protected":false},"featured_media":1815,"comment_status":"open","ping_status":"closed","template":"","meta":{"_et_pb_use_builder":"off","_et_pb_old_content":"<p data-sourcepos=\"1:1-1:80\"><strong>EUPA 03 : Coffret polystyrene 3 bouteilles<\/strong><\/p>\r\n<p data-sourcepos=\"1:1-1:80\"><strong>Prot\u00e9gez vos bouteilles de vin en toute s\u00e9curit\u00e9 avec notre coffret de protection universel !<\/strong><\/p>\r\nCe coffret en polystyr\u00e8ne expans\u00e9 (PSE) est con\u00e7u pour offrir une protection universelle et optimale \u00e0 vos bouteilles de vin lors de l'exp\u00e9dition.\r\n<p data-sourcepos=\"17:1-17:28\"><strong>Pratique et \u00e9conomique :<\/strong><\/p>\r\n<p data-sourcepos=\"17:1-17:28\">Notre produit est livr\u00e9 par housse de 30 coffrets pour un stockage et une manipulation ais\u00e9e. Empilable facilement pour un gain de poids et l\u00e9ger de 210g pour r\u00e9duire vos frais d'exp\u00e9ditions.<\/p>\r\n<p data-sourcepos=\"20:1-20:15\"><strong>Important :<\/strong><\/p>\r\n<p data-sourcepos=\"22:1-22:143\">Le coffret Coffret polystyrene 3 bouteilles fonctionne comme un rembourrage et n\u00e9cessite un sur-carton pour le maintenir et garantir son int\u00e9grit\u00e9 lors de l'exp\u00e9dition.<\/p>\r\n<p data-sourcepos=\"22:1-22:143\"><strong>Avantages :\u00a0<\/strong><\/p>\r\n\r\n<ul data-sourcepos=\"5:1-8:0\">\r\n \t<li data-sourcepos=\"5:1-6:52\">Protection : le polystyr\u00e8ne est un mat\u00e9riau de protection fabriqu\u00e9 \u00e0 partir de mousse de polystyr\u00e8ne expans\u00e9 (EPS) qui prot\u00e8ge le vin des chocs et des vibrations pendant le transport et la manutention.<\/li>\r\n \t<li data-sourcepos=\"5:1-5:272\">Isolation<strong>\u00a0:<\/strong> le PSE est \u00e9galement un bon isolant et permet de maintenir les bouteilles de vin \u00e0 une temp\u00e9rature constante pendant le transport et le stockage.<\/li>\r\n \t<li data-sourcepos=\"16:1-16:106\">L\u00e9g\u00e8ret\u00e9 : Le polystyr\u00e8ne est un mat\u00e9riau l\u00e9ger, ce qui facilite le transport et la manutention des caisses de vin. Ainsi, il est un\u00a0avantage pour l'environnement, car il r\u00e9duit les \u00e9missions de carbone.<\/li>\r\n \t<li data-sourcepos=\"16:1-16:106\">Recyclable : les coffrets polystyr\u00e8nes sont recyclables, et peuvent \u00eatre recycl\u00e9s en de nouveaux produits, tels que des produits de rembourrage, d'emballage alimentaires, etc<\/li>\r\n<\/ul>\r\n<p data-sourcepos=\"25:1-25:23\"><strong>Solution compl\u00e8te :<\/strong><\/p>\r\nSi vous n'\u00eates pas familier avec notre solution d'emballage, nous vous recommandons de commander directement une <strong>solution compl\u00e8te<\/strong> selon la quantit\u00e9 de bouteilles que vous souhaitez exp\u00e9dier :\r\n<ul>\r\n \t<li>Pour 3 bouteilles :\r\n<ul>\r\n \t<li>EURO 03 : <strong><a href=\"http:\/\/europackwine.fr\/produit\/emballage-vin-3-bouteilles\/\">voir produit<\/a><\/strong><\/li>\r\n<\/ul>\r\n<\/li>\r\n \t<li>Pour 6 bouteilles :\r\n<ul>\r\n \t<li>EURO 06 (simple cannelure) : <strong><a href=\"http:\/\/europackwine.fr\/produit\/emballage-vin-6-bouteilles\/\">voir produit<\/a><\/strong><\/li>\r\n \t<li>EURO 06 DC (double cannelure) : <strong><a href=\"http:\/\/europackwine.fr\/produit\/emballage-vin-6-bouteilles-renforce\/\">voir produit<\/a><\/strong><\/li>\r\n<\/ul>\r\n<\/li>\r\n \t<li>Pour 9 bouteilles :\r\n<ul>\r\n \t<li>EURO 09 (simple cannelure) : <strong><a href=\"http:\/\/europackwine.fr\/produit\/emballage-vin-9-bouteilles\/\">voir produit<\/a><\/strong><\/li>\r\n \t<li>EURO 09 DC (double cannelure) : <strong><a href=\"http:\/\/europackwine.fr\/produit\/emballage-vin-9-bouteilles-renforce\/\">voir produit<\/a><\/strong><\/li>\r\n<\/ul>\r\n<\/li>\r\n \t<li>Pour 12 bouteilles :\r\n<ul>\r\n \t<li>EURO 12 (simple cannelure) : <strong><a href=\"http:\/\/europackwine.fr\/produit\/emballage-vin-12-bouteilles\/\">voir produit<\/a><\/strong><\/li>\r\n \t<li>EURO 12 DC (double cannelure) : <strong><a href=\"http:\/\/europackwine.fr\/produit\/emballage-vin-12-bouteilles-renforce\/\">voir produit<\/a><\/strong><\/li>\r\n<\/ul>\r\n<\/li>\r\n<\/ul>","_et_gb_content_width":""},"product_brand":[],"product_cat":[295],"product_tag":[],"class_list":{"0":"post-1027","1":"product","2":"type-product","3":"status-publish","4":"has-post-thumbnail","6":"product_cat-coffrets","8":"first","9":"instock","10":"taxable","11":"shipping-taxable","12":"purchasable","13":"product-type-simple"},"_links":{"self":[{"href":"https:\/\/europackwine.fr\/en\/wp-json\/wp\/v2\/product\/1027","targetHints":{"allow":["GET"]}}],"collection":[{"href":"https:\/\/europackwine.fr\/en\/wp-json\/wp\/v2\/product"}],"about":[{"href":"https:\/\/europackwine.fr\/en\/wp-json\/wp\/v2\/types\/product"}],"replies":[{"embeddable":true,"href":"https:\/\/europackwine.fr\/en\/wp-json\/wp\/v2\/comments?post=1027"}],"wp:featuredmedia":[{"embeddable":true,"href":"https:\/\/europackwine.fr\/en\/wp-json\/wp\/v2\/media\/1815"}],"wp:attachment":[{"href":"https:\/\/europackwine.fr\/en\/wp-json\/wp\/v2\/media?parent=1027"}],"wp:term":[{"taxonomy":"product_brand","embeddable":true,"href":"https:\/\/europackwine.fr\/en\/wp-json\/wp\/v2\/product_brand?post=1027"},{"taxonomy":"product_cat","embeddable":true,"href":"https:\/\/europackwine.fr\/en\/wp-json\/wp\/v2\/product_cat?post=1027"},{"taxonomy":"product_tag","embeddable":true,"href":"https:\/\/europackwine.fr\/en\/wp-json\/wp\/v2\/product_tag?post=1027"}],"curies":[{"name":"wp","href":"https:\/\/api.w.org\/{rel}","templated":true}]}}