{"id":989,"date":"2021-04-13T12:29:41","date_gmt":"2021-04-13T12:29:41","guid":{"rendered":"https:\/\/europackwine.staging-lab.co\/?post_type=product&#038;p=989"},"modified":"2026-03-31T08:58:45","modified_gmt":"2026-03-31T08:58:45","slug":"emballage-de-vin-1-jeroboam","status":"publish","type":"product","link":"https:\/\/europackwine.fr\/de\/produkt\/emballage-de-vin-1-jeroboam\/","title":{"rendered":"EURO JERO - Weinverpackung 1 Jeroboam"},"content":{"rendered":"<p data-sourcepos=\"1:1-1:80\"><strong>EURO JERO - Weinverpackung 1 Jeroboam<\/strong><\/p>\n<p data-sourcepos=\"1:1-1:93\"><strong>Verschicken Sie Ihre Weinflaschen sicher mit unserer kompletten und robusten Verpackung.<\/strong><\/p>\n<p data-sourcepos=\"3:1-3:350\">Bieten Sie Ihren kostbaren Tropfen den Schutz, den sie beim Versand verdienen, mit unserer innovativen Verpackungsl\u00f6sung. Dieses Komplettset, bestehend aus einem stabilen Karton und einer Box aus hochdichtem expandiertem Polystyrol (EPS), garantiert optimale Sicherheit f\u00fcr Ihre Weinflaschen, selbst bei den l\u00e4ngsten und schwierigsten Transporten.<\/p>\n<p data-sourcepos=\"5:1-5:285\"><strong>Der \u00e4u\u00dfere Karton<\/strong> wird aus Wellpappe hergestellt, die eine au\u00dfergew\u00f6hnliche Widerstandsf\u00e4higkeit gegen St\u00f6\u00dfe und Ersch\u00fctterungen bietet. Die dicken W\u00e4nde und die ausgekl\u00fcgelte Struktur sch\u00fctzen die Flasche wirksam vor St\u00f6\u00dfen, Druck und grober Handhabung.<\/p>\n<p data-sourcepos=\"7:1-7:287\"><strong>Die universelle Styroporbox<\/strong> <strong>Weinverpackung 1 Jeroboam <\/strong>passt sich perfekt der Form der Flasche an, h\u00e4lt sie fest an ihrem Platz und absorbiert St\u00f6\u00dfe und Vibrationen. Sein Design aus hochdichtem EPS garantiert eine optimale Isolierung und bewahrt so die ideale Temperatur des Weins w\u00e4hrend des Transports.<\/p>\n<p data-sourcepos=\"9:1-9:262\"><strong>Entwickelt f\u00fcr eine einfache und praktische Verwendung<\/strong>, Diese komplette Verpackung ist einfach zusammenzusetzen und erfordert keine Werkzeuge. Der Karton verf\u00fcgt \u00fcber einen sicheren Verschluss, der die Flasche an Ort und Stelle h\u00e4lt und verhindert, dass sie sich w\u00e4hrend des Transports bewegt.<\/p>\n<p data-sourcepos=\"11:1-11:134\"><strong>Vielseitig und anpassungsf\u00e4hig<\/strong>, Diese Verpackung ist mit einer breiten Palette von Weinflaschen in Standardformen und -gr\u00f6\u00dfen kompatibel.<\/p>\n<p data-sourcepos=\"13:1-13:167\"><strong>Umweltfreundlich<\/strong>, Der Karton ist recycelbar und das EPS ist 100% biologisch abbaubar, wodurch die Umweltauswirkungen Ihrer Sendung minimiert werden.<\/p>\n<p data-sourcepos=\"15:1-15:218\"><strong>Wenn Sie sich f\u00fcr unsere 1-J\u00e9roboam-Weinverpackung entscheiden, k\u00f6nnen Sie sicher sein, dass Ihre Flaschen sicher und in einwandfreiem Zustand ihr Ziel erreichen und bereit sind, von Ihren Kunden genossen zu werden.<\/strong><\/p>","protected":false},"excerpt":{"rendered":"<p data-sourcepos=\"5:1-5:20\"><strong>Dieses Versandpaket enth\u00e4lt :<\/strong><\/p>\n<ul>\n<li data-sourcepos=\"8:1-9:0\">1 Versandkarton (55 x 19 x 19 cm)<\/li>\n<li data-sourcepos=\"8:1-9:0\">1 Box 1 Flasche in EPS<\/li>\n<li data-sourcepos=\"8:1-9:0\">Verpackung: H\u00fclle von 1<\/li>\n<\/ul>\n<hr \/>\n<table class=\"size-table price-table table-technical-information\" style=\"width: 492px;\" data-v-33004ae6=\"\">\n<thead id=\"table-head-product-batch\" data-v-33004ae6=\"\">\n<tr data-v-33004ae6=\"\">\n<th class=\"column-pack table-price-right pt-1 pb-2\" style=\"text-align: center; width: 224.508px;\" data-v-33004ae6=\"\"><span data-v-33004ae6=\"\">5 Sets<\/span><\/th>\n<th class=\"column-box pt-1 pb-2\" style=\"text-align: center; width: 251.492px;\" data-v-33004ae6=\"\">10 Sets<\/th>\n<\/tr>\n<\/thead>\n<tbody class=\"table-hover\" data-v-33004ae6=\"\">\n<tr data-v-33004ae6=\"\">\n<td class=\"pl-0 pr-0\" style=\"text-align: center; width: 224.508px;\" data-v-33004ae6=\"\">18,11\u20ac\/u<\/td>\n<td class=\"pl-0 pr-0\" style=\"text-align: center; width: 251.492px;\" data-v-33004ae6=\"\">16,77\u20ac\/u<\/td>\n<\/tr>\n<\/tbody>\n<\/table>","protected":false},"featured_media":7696,"comment_status":"open","ping_status":"closed","template":"","meta":{"_et_pb_use_builder":"","_et_pb_old_content":"","_et_gb_content_width":""},"product_brand":[],"product_cat":[298],"product_tag":[],"class_list":{"0":"post-989","1":"product","2":"type-product","3":"status-publish","4":"has-post-thumbnail","6":"product_cat-solutions-completes","8":"first","9":"instock","10":"taxable","11":"shipping-taxable","12":"purchasable","13":"product-type-simple"},"_links":{"self":[{"href":"https:\/\/europackwine.fr\/de\/wp-json\/wp\/v2\/product\/989","targetHints":{"allow":["GET"]}}],"collection":[{"href":"https:\/\/europackwine.fr\/de\/wp-json\/wp\/v2\/product"}],"about":[{"href":"https:\/\/europackwine.fr\/de\/wp-json\/wp\/v2\/types\/product"}],"replies":[{"embeddable":true,"href":"https:\/\/europackwine.fr\/de\/wp-json\/wp\/v2\/comments?post=989"}],"wp:featuredmedia":[{"embeddable":true,"href":"https:\/\/europackwine.fr\/de\/wp-json\/wp\/v2\/media\/7696"}],"wp:attachment":[{"href":"https:\/\/europackwine.fr\/de\/wp-json\/wp\/v2\/media?parent=989"}],"wp:term":[{"taxonomy":"product_brand","embeddable":true,"href":"https:\/\/europackwine.fr\/de\/wp-json\/wp\/v2\/product_brand?post=989"},{"taxonomy":"product_cat","embeddable":true,"href":"https:\/\/europackwine.fr\/de\/wp-json\/wp\/v2\/product_cat?post=989"},{"taxonomy":"product_tag","embeddable":true,"href":"https:\/\/europackwine.fr\/de\/wp-json\/wp\/v2\/product_tag?post=989"}],"curies":[{"name":"wp","href":"https:\/\/api.w.org\/{rel}","templated":true}]}}