{"id":921,"date":"2021-04-13T10:30:02","date_gmt":"2021-04-13T10:30:02","guid":{"rendered":"https:\/\/europackwine.staging-lab.co\/?post_type=product&#038;p=921"},"modified":"2026-03-31T08:44:41","modified_gmt":"2026-03-31T08:44:41","slug":"emballage-vin-12-bouteilles-renforce","status":"publish","type":"product","link":"https:\/\/europackwine.fr\/de\/produkt\/emballage-vin-12-bouteilles-renforce\/","title":{"rendered":"EURO 12DC - Verst\u00e4rkte Weinverpackung f\u00fcr 12 Flaschen"},"content":{"rendered":"<p data-sourcepos=\"1:1-1:80\"><strong>EURO 12DC - Weinverpackung 12 Flaschen verst\u00e4rkt Doppelwellig<\/strong><\/p>\n<p data-sourcepos=\"1:1-1:93\"><strong>Verschicken Sie Ihre Weinflaschen sicher mit unserer kompletten und robusten Verpackung.<\/strong><\/p>\n<p data-sourcepos=\"3:1-3:350\">Bieten Sie Ihren kostbaren Tropfen den Schutz, den sie beim Versand verdienen, mit unserer innovativen Verpackungsl\u00f6sung. Dieses Komplettset, bestehend aus einem stabilen Karton und einer Box aus hochdichtem expandiertem Polystyrol (EPS), garantiert optimale Sicherheit f\u00fcr Ihre Weinflaschen, selbst bei den l\u00e4ngsten und schwierigsten Transporten.<\/p>\n<p data-sourcepos=\"5:1-5:285\"><strong>Der \u00e4u\u00dfere Karton<\/strong> wird aus zweiwelliger Wellpappe hergestellt, die eine au\u00dfergew\u00f6hnliche Widerstandsf\u00e4higkeit gegen St\u00f6\u00dfe und Ersch\u00fctterungen bietet. Die dicken W\u00e4nde und die ausgekl\u00fcgelte Struktur sch\u00fctzen die Flasche wirksam vor St\u00f6\u00dfen, Druck und grober Handhabung.<\/p>\n<p data-sourcepos=\"7:1-7:287\"><strong>Die universelle Styroporbox<\/strong> <strong>Verst\u00e4rkte Weinverpackung 12 Flaschen\u00a0<\/strong>passt sich perfekt der Form der Flasche an, h\u00e4lt sie fest an ihrem Platz und absorbiert St\u00f6\u00dfe und Vibrationen. Sein Design aus hochdichtem EPS garantiert eine optimale Isolierung und bewahrt so die ideale Temperatur des Weins w\u00e4hrend des Transports.<\/p>\n<p data-sourcepos=\"9:1-9:262\"><strong>Entwickelt f\u00fcr eine einfache und praktische Verwendung<\/strong>, Diese komplette Verpackung ist einfach zusammenzusetzen und erfordert keine Werkzeuge. Der Karton verf\u00fcgt \u00fcber einen sicheren Verschluss, der die Flasche an Ort und Stelle h\u00e4lt und verhindert, dass sie sich w\u00e4hrend des Transports bewegt.<\/p>\n<p data-sourcepos=\"11:1-11:134\"><strong>Vielseitig und anpassungsf\u00e4hig<\/strong>, Diese Verpackung ist mit einer breiten Palette von Weinflaschen in Standardformen und -gr\u00f6\u00dfen kompatibel.<\/p>\n<p data-sourcepos=\"13:1-13:167\"><strong>Umweltfreundlich<\/strong>, Der Karton ist recycelbar und das EPS ist 100% biologisch abbaubar, wodurch die Umweltauswirkungen Ihrer Sendung minimiert werden.<\/p>\n<p data-sourcepos=\"15:1-15:218\"><strong>Wenn Sie sich f\u00fcr unsere verst\u00e4rkte Weinverpackung f\u00fcr 12 Flaschen entscheiden, k\u00f6nnen Sie sicher sein, dass sie sicher und in perfektem Zustand an ihrem Bestimmungsort ankommen und bereit sind, von Ihren Kunden genossen zu werden.<\/strong><\/p>","protected":false},"excerpt":{"rendered":"<p data-sourcepos=\"5:1-5:20\"><strong>Dieses Versandpaket enth\u00e4lt :<\/strong><\/p>\n<ul>\n<li data-sourcepos=\"8:1-9:0\">1 doppelwelliger Versandkarton (37 x 33 x 46 cm)<\/li>\n<li data-sourcepos=\"8:1-9:0\">1 Kiste mit 3 Flaschen + 3 Zwischenlagen f\u00fcr 3 Flaschen aus EPS<\/li>\n<li data-sourcepos=\"38:1-39:0\">Verpackung: H\u00fclle mit 30<\/li>\n<\/ul>\n<p>&nbsp;<\/p>\n<hr \/>\n<table class=\"size-table price-table table-technical-information\" style=\"width: 500px;\" data-v-33004ae6=\"\">\n<thead id=\"table-head-product-batch\" data-v-33004ae6=\"\">\n<tr data-v-33004ae6=\"\">\n<th class=\"column-pack table-price-right pt-1 pb-2\" style=\"text-align: center;\" data-v-33004ae6=\"\"><span data-v-33004ae6=\"\">30 Sets<\/span><\/th>\n<th class=\"column-box pt-1 pb-2\" style=\"text-align: center;\" data-v-33004ae6=\"\">90 Sets<\/th>\n<th class=\"column-size pt-1 pb-2\" style=\"text-align: center;\" data-v-33004ae6=\"\"><span data-v-33004ae6=\"\">180 Sets<\/span><\/th>\n<th class=\"column-size-box pt-1 pb-2\" style=\"text-align: center;\" data-v-33004ae6=\"\">330 K\u00e4sten<\/th>\n<\/tr>\n<\/thead>\n<tbody class=\"table-hover\" data-v-33004ae6=\"\">\n<tr data-v-33004ae6=\"\">\n<td class=\"pl-0 pr-0\" style=\"text-align: center;\" data-v-33004ae6=\"\">14,06\u20ac\/u<\/td>\n<td class=\"pl-0 pr-0\" style=\"text-align: center;\" data-v-33004ae6=\"\">13,65\u20ac\/Stk<\/td>\n<td class=\"pl-0 pr-0\" style=\"text-align: center;\" data-v-33004ae6=\"\">13,31\u20ac\/u<\/td>\n<td class=\"pl-0 pr-0\" style=\"text-align: center;\" data-v-33004ae6=\"\">12,76\u20ac\/u<\/td>\n<\/tr>\n<\/tbody>\n<\/table>","protected":false},"featured_media":7732,"comment_status":"open","ping_status":"closed","template":"","meta":{"_et_pb_use_builder":"","_et_pb_old_content":"","_et_gb_content_width":""},"product_brand":[],"product_cat":[298],"product_tag":[],"class_list":{"0":"post-921","1":"product","2":"type-product","3":"status-publish","4":"has-post-thumbnail","6":"product_cat-solutions-completes","8":"first","9":"instock","10":"taxable","11":"shipping-taxable","12":"purchasable","13":"product-type-simple"},"_links":{"self":[{"href":"https:\/\/europackwine.fr\/de\/wp-json\/wp\/v2\/product\/921","targetHints":{"allow":["GET"]}}],"collection":[{"href":"https:\/\/europackwine.fr\/de\/wp-json\/wp\/v2\/product"}],"about":[{"href":"https:\/\/europackwine.fr\/de\/wp-json\/wp\/v2\/types\/product"}],"replies":[{"embeddable":true,"href":"https:\/\/europackwine.fr\/de\/wp-json\/wp\/v2\/comments?post=921"}],"wp:featuredmedia":[{"embeddable":true,"href":"https:\/\/europackwine.fr\/de\/wp-json\/wp\/v2\/media\/7732"}],"wp:attachment":[{"href":"https:\/\/europackwine.fr\/de\/wp-json\/wp\/v2\/media?parent=921"}],"wp:term":[{"taxonomy":"product_brand","embeddable":true,"href":"https:\/\/europackwine.fr\/de\/wp-json\/wp\/v2\/product_brand?post=921"},{"taxonomy":"product_cat","embeddable":true,"href":"https:\/\/europackwine.fr\/de\/wp-json\/wp\/v2\/product_cat?post=921"},{"taxonomy":"product_tag","embeddable":true,"href":"https:\/\/europackwine.fr\/de\/wp-json\/wp\/v2\/product_tag?post=921"}],"curies":[{"name":"wp","href":"https:\/\/api.w.org\/{rel}","templated":true}]}}