{"id":8396,"date":"2024-03-07T14:52:44","date_gmt":"2024-03-07T14:52:44","guid":{"rendered":"http:\/\/europackwine.fr\/?post_type=product&#038;p=8396"},"modified":"2026-03-31T08:57:20","modified_gmt":"2026-03-31T08:57:20","slug":"emballage-vin-6-magnum","status":"publish","type":"product","link":"https:\/\/europackwine.fr\/de\/produkt\/emballage-vin-6-magnum\/","title":{"rendered":"EURO 06MA - Weinverpackung 6 Magnum"},"content":{"rendered":"<p data-sourcepos=\"1:1-1:80\"><strong>EURO06MA \u2013 Weinverpackung 6 Magnums<\/strong><\/p>\n<p data-sourcepos=\"1:1-1:93\"><strong>Versenden Sie Ihre Magnums sicher mit unserer vollst\u00e4ndigen und robusten Verpackung<\/strong><\/p>\n<p data-sourcepos=\"3:1-3:350\">Bieten Sie Ihren kostbaren Tropfen den Schutz, den sie beim Versand verdienen, mit unserer innovativen Verpackungsl\u00f6sung. Dieses Komplettset, bestehend aus einem stabilen Karton und einer Box aus hochdichtem expandiertem Polystyrol (EPS), garantiert optimale Sicherheit f\u00fcr Ihre Weinflaschen, selbst bei den l\u00e4ngsten und schwierigsten Transporten.<\/p>\n<p data-sourcepos=\"5:1-5:285\"><strong>Der \u00e4u\u00dfere Karton<\/strong> wird aus Wellpappe hergestellt (ab 6 Flaschen auch als Doppelwellpappe erh\u00e4ltlich), die eine au\u00dfergew\u00f6hnliche Sto\u00df- und Vibrationsfestigkeit bietet. Die dicken W\u00e4nde und die ausgekl\u00fcgelte Struktur sch\u00fctzen die Flasche wirksam vor St\u00f6\u00dfen, Druck und grober Handhabung.<\/p>\n<p data-sourcepos=\"7:1-7:287\"><strong>Die universelle Styroporbox<\/strong> <strong>Weinverpackung f\u00fcr 6 Magnums<\/strong><strong>\u00a0<\/strong>passt sich perfekt der Form der Flasche an, h\u00e4lt sie fest an ihrem Platz und absorbiert St\u00f6\u00dfe und Vibrationen. Sein Design aus hochdichtem EPS garantiert eine optimale Isolierung und bewahrt so die ideale Temperatur des Weins w\u00e4hrend des Transports.<\/p>\n<p data-sourcepos=\"9:1-9:262\"><strong>Entwickelt f\u00fcr eine einfache und praktische Verwendung<\/strong>, Diese komplette Verpackung ist einfach zusammenzusetzen und erfordert keine Werkzeuge. Der Karton verf\u00fcgt \u00fcber einen sicheren Verschluss, der die Flasche an Ort und Stelle h\u00e4lt und verhindert, dass sie sich w\u00e4hrend des Transports bewegt.<\/p>\n<p data-sourcepos=\"11:1-11:134\"><strong>Vielseitig und anpassungsf\u00e4hig<\/strong>, Diese Verpackung ist mit einer breiten Palette von Weinflaschen in Standardformen und -gr\u00f6\u00dfen kompatibel.<\/p>\n<p data-sourcepos=\"13:1-13:167\"><strong>Umweltfreundlich<\/strong>, Der Karton ist recycelbar und das EPS ist 100% biologisch abbaubar, wodurch die Umweltauswirkungen Ihrer Sendung minimiert werden.<\/p>\n<p data-sourcepos=\"15:1-15:218\"><strong>Mit unserer Weinverpackung f\u00fcr 6 Magnums stellen Sie sicher, dass Ihre Flaschen sicher und in einwandfreiem Zustand an ihr Ziel gelangen, bereit, von Ihren Kunden genossen zu werden.<\/strong><\/p>","protected":false},"excerpt":{"rendered":"<p data-sourcepos=\"1:1-1:91\"><strong>EURO06MA \u2013 Weinverpackung f\u00fcr 6 Magnumflaschen, die ideale Premium-L\u00f6sung f\u00fcr Weinprofis.<\/strong><\/p>\n<p data-sourcepos=\"5:1-5:20\"><strong>Dieses Versandpaket enth\u00e4lt :<\/strong><\/p>\n<ul>\n<li data-sourcepos=\"8:1-9:0\">1 Versandkarton<\/li>\n<li data-sourcepos=\"8:1-9:0\">6 Kartons 1 Magnum aus expandiertem Polystyrol (EPS)<\/li>\n<li data-sourcepos=\"8:1-9:0\">Abmessungen: Karton 33 x 48 x 46<\/li>\n<li data-sourcepos=\"8:1-9:0\">Gewicht: 1443 g<\/li>\n<li data-sourcepos=\"8:1-9:0\">Verpackung: H\u00fclle mit 25<\/li>\n<\/ul>\n<hr \/>\n<table class=\"size-table price-table table-technical-information\" style=\"width: 500px;\" data-v-33004ae6=\"\">\n<thead id=\"table-head-product-batch\" data-v-33004ae6=\"\">\n<tr data-v-33004ae6=\"\">\n<th class=\"column-pack table-price-right pt-1 pb-2\" data-v-33004ae6=\"\"><span data-v-33004ae6=\"\">25 Sets<\/span><\/th>\n<th class=\"column-box pt-1 pb-2\" data-v-33004ae6=\"\">150 Sets<\/th>\n<th class=\"column-size pt-1 pb-2\" data-v-33004ae6=\"\"><span data-v-33004ae6=\"\">250 K\u00e4sten<\/span><\/th>\n<th class=\"column-size-box pt-1 pb-2\" data-v-33004ae6=\"\">450 Sets<\/th>\n<\/tr>\n<\/thead>\n<tbody class=\"table-hover\" data-v-33004ae6=\"\">\n<tr data-v-33004ae6=\"\">\n<td class=\"pl-0 pr-0\" style=\"text-align: center;\" data-v-33004ae6=\"\">24,02\u20ac\/u<\/td>\n<td class=\"pl-0 pr-0\" style=\"text-align: center;\" data-v-33004ae6=\"\">23,05\u20ac\/u<\/td>\n<td class=\"pl-0 pr-0\" style=\"text-align: center;\" data-v-33004ae6=\"\">22,76\u20ac\/u<\/td>\n<td class=\"pl-0 pr-0\" style=\"text-align: center;\" data-v-33004ae6=\"\">21,69\u20ac\/u<\/td>\n<\/tr>\n<\/tbody>\n<\/table>\n<p>&nbsp;<\/p>","protected":false},"featured_media":1012,"comment_status":"open","ping_status":"closed","template":"","meta":{"_et_pb_use_builder":"off","_et_pb_old_content":"<p data-sourcepos=\"1:1-1:80\"><strong>EURO 06MA - Emballage vin 6 Magnum<\/strong><\/p>\r\n<p data-sourcepos=\"1:1-1:93\"><strong>Exp\u00e9diez vos bouteilles de vin en toute s\u00e9curit\u00e9 avec notre emballage complet et r\u00e9sistant<\/strong><\/p>\r\n<p data-sourcepos=\"3:1-3:350\">Offrez \u00e0 vos pr\u00e9cieux crus la protection qu'ils m\u00e9ritent lors de l'exp\u00e9dition avec notre solution d'emballage innovante. Ce kit complet, compos\u00e9 d'un carton robuste et d'un coffret en polystyr\u00e8ne expans\u00e9 (PSE) haute densit\u00e9, garantit une s\u00e9curit\u00e9 optimale pour vos bouteilles de vin, m\u00eame pendant les transports les plus longs et les plus difficiles.<\/p>\r\n<p data-sourcepos=\"5:1-5:285\"><strong>Le carton ext\u00e9rieur<\/strong> est fabriqu\u00e9 en carton ondul\u00e9 (existe aussi en double cannelure \u00e0 partir de 6 bouteilles), offrant une r\u00e9sistance exceptionnelle aux chocs et aux vibrations. Ses parois \u00e9paisses et sa structure ing\u00e9nieuse prot\u00e8gent efficacement la bouteille contre les chocs, les pressions et les manipulations brutales.<\/p>\r\n<p data-sourcepos=\"7:1-7:287\"><strong>Le coffret en polystyr\u00e8ne universel<\/strong> <strong>Emballage de vin 6 Magnum<\/strong><strong>\u00a0<\/strong>\u00e9pouse parfaitement la forme de la bouteille, la maintenant fermement en place et absorbant les chocs et les vibrations. Sa conception en PSE haute densit\u00e9 garantit une isolation optimale, pr\u00e9servant ainsi la temp\u00e9rature id\u00e9ale du vin pendant son transport.<\/p>\r\n<p data-sourcepos=\"9:1-9:262\"><strong>Con\u00e7u pour une utilisation facile et pratique<\/strong>, cet emballage complet est facile \u00e0 assembler et ne n\u00e9cessite aucun outil. Le carton est dot\u00e9 d'un syst\u00e8me de fermeture s\u00e9curis\u00e9 qui maintient la bouteille en place et emp\u00eache tout mouvement pendant le transport.<\/p>\r\n<p data-sourcepos=\"11:1-11:134\"><strong>Polyvalent et adaptable<\/strong>, cet emballage est compatible avec une large gamme de bouteilles de vin de formes et de tailles standard.<\/p>\r\n<p data-sourcepos=\"13:1-13:167\"><strong>Respectueux de l'environnement<\/strong>, le carton est recyclable et le PSE est 100% biod\u00e9gradable, ce qui permet de minimiser l'impact environnemental de votre exp\u00e9dition.<\/p>\r\n<p data-sourcepos=\"15:1-15:218\"><strong>En choisissant notre Emballage vin 6 Magnum pour vos bouteilles, vous avez l'assurance qu'elles arriveront \u00e0 destination en toute s\u00e9curit\u00e9 et en parfait \u00e9tat, pr\u00eates \u00e0 \u00eatre savour\u00e9es par vos clients.<\/strong><\/p>","_et_gb_content_width":""},"product_brand":[],"product_cat":[298],"product_tag":[],"class_list":{"0":"post-8396","1":"product","2":"type-product","3":"status-publish","4":"has-post-thumbnail","6":"product_cat-solutions-completes","8":"first","9":"instock","10":"taxable","11":"shipping-taxable","12":"purchasable","13":"product-type-simple"},"_links":{"self":[{"href":"https:\/\/europackwine.fr\/de\/wp-json\/wp\/v2\/product\/8396","targetHints":{"allow":["GET"]}}],"collection":[{"href":"https:\/\/europackwine.fr\/de\/wp-json\/wp\/v2\/product"}],"about":[{"href":"https:\/\/europackwine.fr\/de\/wp-json\/wp\/v2\/types\/product"}],"replies":[{"embeddable":true,"href":"https:\/\/europackwine.fr\/de\/wp-json\/wp\/v2\/comments?post=8396"}],"wp:featuredmedia":[{"embeddable":true,"href":"https:\/\/europackwine.fr\/de\/wp-json\/wp\/v2\/media\/1012"}],"wp:attachment":[{"href":"https:\/\/europackwine.fr\/de\/wp-json\/wp\/v2\/media?parent=8396"}],"wp:term":[{"taxonomy":"product_brand","embeddable":true,"href":"https:\/\/europackwine.fr\/de\/wp-json\/wp\/v2\/product_brand?post=8396"},{"taxonomy":"product_cat","embeddable":true,"href":"https:\/\/europackwine.fr\/de\/wp-json\/wp\/v2\/product_cat?post=8396"},{"taxonomy":"product_tag","embeddable":true,"href":"https:\/\/europackwine.fr\/de\/wp-json\/wp\/v2\/product_tag?post=8396"}],"curies":[{"name":"wp","href":"https:\/\/api.w.org\/{rel}","templated":true}]}}