{"id":8240,"date":"2024-03-01T11:07:27","date_gmt":"2024-03-01T11:07:27","guid":{"rendered":"http:\/\/europackwine.fr\/?post_type=product&#038;p=8240"},"modified":"2026-03-31T09:25:52","modified_gmt":"2026-03-31T09:25:52","slug":"carton-38-x-13-x-34-cm","status":"publish","type":"product","link":"https:\/\/europackwine.fr\/de\/produkt\/carton-38-x-13-x-34-cm\/","title":{"rendered":"CAPA 03 - Karton 38 x 13 x 34 cm"},"content":{"rendered":"<p data-sourcepos=\"1:1-1:91\"><b>CAPA03 \u2013 Karton 38 x 13 x 34 cm. <\/b><\/p>\n<p data-sourcepos=\"1:1-1:91\">Die <strong>CAPA 03<\/strong> ist ein einfach gerippter Versandkarton, der dazu dient, eine Styroporbox (EUPA 03) beim Transport zu halten und zu sch\u00fctzen. Perfekt geeignet f\u00fcr den Versand einer Flasche, um Ihnen so optimalen Schutz f\u00fcr Ihre Flaschen zu bieten. Stabil und elegant, ideal f\u00fcr den Transport und die Lagerung Ihrer wertvollen Weine.<\/p>\n<p data-sourcepos=\"17:1-17:28\"><strong>Praktisch und preiswert :<\/strong><\/p>\n<p data-sourcepos=\"17:1-17:28\">Unser Produkt wird in Horden zu je 30 Kartons geliefert, um die Lagerung und Handhabung zu erleichtern. Einfach stapelbar zur Gewichtseinsparung und leicht mit 206 g zur Reduzierung Ihrer Versandkosten.<\/p>\n<p data-sourcepos=\"25:1-25:23\"><strong>Komplettl\u00f6sung :<\/strong><\/p>\n<p>Wenn Sie mit unserer Verpackungsl\u00f6sung nicht vertraut sind, empfehlen wir Ihnen, die Komplettl\u00f6sung EURO 03 direkt zu bestellen (<strong><a href=\"http:\/\/europackwine.fr\/de\/produkt\/emballage-vin-4-bouteilles\/\">siehe Produkt<\/a><\/strong>), die alle Elemente enth\u00e4lt:<\/p>\n<ul>\n<li style=\"list-style-type: none\">\n<ul>\n<li>1 Karton CAPA 03: <a href=\"http:\/\/europackwine.fr\/de\/produkt\/carton-38-x-13-x-34-cm\/\"><strong>siehe Produkt<\/strong><\/a><\/li>\n<li>1 Polystyrol-Koffer Referenz EUPA 03 : <a href=\"http:\/\/europackwine.fr\/de\/produkt\/coffret-polystyrene-3-bouteilles\/\"><strong>siehe Produkt<\/strong><\/a><\/li>\n<\/ul>\n<\/li>\n<\/ul>\n<p>&nbsp;<\/p>\n<p data-sourcepos=\"40:1-40:15\"><strong>Vorteile :<\/strong><\/p>\n<ul data-sourcepos=\"42:1-47:0\">\n<li data-sourcepos=\"42:1-42:22\">Robust und widerstandsf\u00e4hig<\/li>\n<li data-sourcepos=\"43:1-43:57\">Perfekt geeignet f\u00fcr universelle Styroporboxen<\/li>\n<li data-sourcepos=\"44:1-44:24\">Praktisch und kosteng\u00fcnstig<\/li>\n<li data-sourcepos=\"45:1-45:20\">Leicht und stapelbar<\/li>\n<li data-sourcepos=\"46:1-47:0\">H\u00f6chste Qualit\u00e4t<\/li>\n<\/ul>","protected":false},"excerpt":{"rendered":"<p data-sourcepos=\"1:1-1:91\"><strong>CAPA 03 - Karton 38 x 13 x 34 cm, <\/strong>die ideale L\u00f6sung f\u00fcr Weinfachleute, die eine hochwertige Verpackung f\u00fcr ihre Flaschen suchen.<strong><br \/>\n<\/strong>Verpackung: H\u00fclle mit 30 Kartons<\/p>\n<hr \/>\n<table class=\"size-table price-table table-technical-information\" style=\"width: 500px;\" data-v-33004ae6=\"\">\n<thead id=\"table-head-product-batch\" data-v-33004ae6=\"\">\n<tr data-v-33004ae6=\"\">\n<th class=\"column-pack table-price-right pt-1 pb-2\" data-v-33004ae6=\"\"><span data-v-33004ae6=\"\">30 Kartons<\/span><\/th>\n<th class=\"column-box pt-1 pb-2\" data-v-33004ae6=\"\">90 Kartons<\/th>\n<th class=\"column-size pt-1 pb-2\" data-v-33004ae6=\"\"><span data-v-33004ae6=\"\">180 Kartons<\/span><\/th>\n<th class=\"column-size-box pt-1 pb-2\" data-v-33004ae6=\"\">330 Kartons<\/th>\n<\/tr>\n<\/thead>\n<tbody class=\"table-hover\" data-v-33004ae6=\"\">\n<tr data-v-33004ae6=\"\">\n<td class=\"pl-0 pr-0\" data-v-33004ae6=\"\">1,70\u20ac\/u<\/td>\n<td class=\"pl-0 pr-0\" data-v-33004ae6=\"\">1,66\u20ac\/u<\/td>\n<td class=\"pl-0 pr-0\" data-v-33004ae6=\"\">1,52\u20ac\/u<\/td>\n<td class=\"pl-0 pr-0\" data-v-33004ae6=\"\">1,47\u20ac\/u<\/td>\n<\/tr>\n<\/tbody>\n<\/table>","protected":false},"featured_media":7664,"comment_status":"open","ping_status":"closed","template":"","meta":{"_et_pb_use_builder":"off","_et_pb_old_content":"<p data-sourcepos=\"1:1-1:91\"><b>CAPA 03 - Carton 38 x 13 x 34 cm <strong>Coffrets Polystyr\u00e8ne<\/strong> Universels Europackwine.<\/b>\r\nLe <strong>CAPA 03<\/strong> est un carton de sur-emballage simple cannelure con\u00e7u pour maintenir et prot\u00e9ger 1 coffret (EUPA 03) en polystyr\u00e8ne lors du transport. Parfaitement adapt\u00e9 pour l'exp\u00e9dition d'une bouteille, et ainsi vous offrir une protection optimale \u00e0 vos bouteilles. Solide et \u00e9l\u00e9gant, il est id\u00e9al pour le transport et le stockage de vos pr\u00e9cieux crus.<\/p>\r\n<p data-sourcepos=\"17:1-17:28\"><strong>Pratique et \u00e9conomique :<\/strong><\/p>\r\n<p data-sourcepos=\"17:1-17:28\">Notre produit est livr\u00e9 par housse de 25 cartons pour un stockage et une manipulation ais\u00e9e. Empilable facilement pour un gain de poids et l\u00e9ger de 206g pour r\u00e9duire vos frais d'exp\u00e9ditions.<\/p>\r\n<p data-sourcepos=\"25:1-25:23\"><strong>Solution compl\u00e8te :<\/strong><\/p>\r\nSi vous n'\u00eates pas familier avec notre solution d'emballage, nous vous recommandons de commander directement la solution compl\u00e8te EURO 03 (<strong><a href=\"http:\/\/europackwine.fr\/produit\/emballage-vin-4-bouteilles\/\">voir produit<\/a><\/strong>)\u00a0 qui contient tous les \u00e9l\u00e9ments :\r\n<ul>\r\n \t<li>1 carton CAPA 03: <a href=\"http:\/\/europackwine.fr\/produit\/carton-38-x-13-x-34-cm\/\"><strong>voir produit<\/strong><\/a><\/li>\r\n \t<li>1 coffret polystyr\u00e8ne r\u00e9f\u00e9rence EUPA 03 : <a href=\"http:\/\/europackwine.fr\/produit\/coffret-polystyrene-3-bouteilles\/\"><strong>voir produit<\/strong><\/a><\/li>\r\n \t<li>Intercalaire polystyr\u00e8ne r\u00e9f\u00e9rence IMPA 03: <a href=\"http:\/\/europackwine.fr\/produit\/intercalaire-polystyrene-3-bouteilles\/\"><strong>voir produit<\/strong><\/a><\/li>\r\n<\/ul>\r\n<p data-sourcepos=\"40:1-40:15\"><strong>Avantages :<\/strong><\/p>\r\n\r\n<ul data-sourcepos=\"42:1-47:0\">\r\n \t<li data-sourcepos=\"42:1-42:22\">Robuste et r\u00e9sistant<\/li>\r\n \t<li data-sourcepos=\"43:1-43:57\">Parfaitement adapt\u00e9 aux coffrets polystyr\u00e8ne universels<\/li>\r\n \t<li data-sourcepos=\"44:1-44:24\">Pratique et \u00e9conomique<\/li>\r\n \t<li data-sourcepos=\"45:1-45:20\">L\u00e9ger et empilable<\/li>\r\n \t<li data-sourcepos=\"46:1-47:0\">Qualit\u00e9 sup\u00e9rieure<\/li>\r\n<\/ul>","_et_gb_content_width":""},"product_brand":[],"product_cat":[296],"product_tag":[],"class_list":{"0":"post-8240","1":"product","2":"type-product","3":"status-publish","4":"has-post-thumbnail","6":"product_cat-cartons","8":"first","9":"instock","10":"taxable","11":"shipping-taxable","12":"purchasable","13":"product-type-simple"},"_links":{"self":[{"href":"https:\/\/europackwine.fr\/de\/wp-json\/wp\/v2\/product\/8240","targetHints":{"allow":["GET"]}}],"collection":[{"href":"https:\/\/europackwine.fr\/de\/wp-json\/wp\/v2\/product"}],"about":[{"href":"https:\/\/europackwine.fr\/de\/wp-json\/wp\/v2\/types\/product"}],"replies":[{"embeddable":true,"href":"https:\/\/europackwine.fr\/de\/wp-json\/wp\/v2\/comments?post=8240"}],"wp:featuredmedia":[{"embeddable":true,"href":"https:\/\/europackwine.fr\/de\/wp-json\/wp\/v2\/media\/7664"}],"wp:attachment":[{"href":"https:\/\/europackwine.fr\/de\/wp-json\/wp\/v2\/media?parent=8240"}],"wp:term":[{"taxonomy":"product_brand","embeddable":true,"href":"https:\/\/europackwine.fr\/de\/wp-json\/wp\/v2\/product_brand?post=8240"},{"taxonomy":"product_cat","embeddable":true,"href":"https:\/\/europackwine.fr\/de\/wp-json\/wp\/v2\/product_cat?post=8240"},{"taxonomy":"product_tag","embeddable":true,"href":"https:\/\/europackwine.fr\/de\/wp-json\/wp\/v2\/product_tag?post=8240"}],"curies":[{"name":"wp","href":"https:\/\/api.w.org\/{rel}","templated":true}]}}