{"id":8223,"date":"2024-03-01T10:12:40","date_gmt":"2024-03-01T10:12:40","guid":{"rendered":"http:\/\/europackwine.fr\/?post_type=product&#038;p=8223"},"modified":"2026-03-31T09:26:45","modified_gmt":"2026-03-31T09:26:45","slug":"carton-26-x-24-x-37-cm","status":"publish","type":"product","link":"https:\/\/europackwine.fr\/de\/produkt\/carton-26-x-24-x-37-cm\/","title":{"rendered":"CAPA 04 - Karton 26 x 24 x 37 cm"},"content":{"rendered":"<p data-sourcepos=\"1:1-1:91\"><strong>CAPA 04 - Karton 26 x 24 x 37 cm<br \/>\n<\/strong>Die <strong>CAPA 04<\/strong> ist ein einfacher Wellpappe-Umkarton, der zum Halt und Schutz von 4 Polystyrol-Boxen (EUPA 01) w\u00e4hrend des Transports entwickelt wurde. Perfekt geeignet f\u00fcr den Versand einer Flasche und bietet Ihnen somit optimalen Schutz f\u00fcr Ihre Flaschen. Stabil und elegant, ideal f\u00fcr den Transport und die Lagerung Ihrer wertvollen Weine.<\/p>\n<p data-sourcepos=\"17:1-17:28\"><strong>Praktisch und preiswert :<\/strong><\/p>\n<p data-sourcepos=\"17:1-17:28\">Unser Produkt wird in einer H\u00fclle mit 25 Kartons geliefert, um eine einfache Lagerung und Handhabung zu erm\u00f6glichen. Es ist leicht stapelbar, um Gewicht zu sparen, und mit einem Gewicht von 238 g leicht, um Ihre Versandkosten zu senken.<\/p>\n<p data-sourcepos=\"25:1-25:23\"><strong>Komplettl\u00f6sung :<\/strong><\/p>\n<p>Wenn Sie mit unserer Verpackungsl\u00f6sung nicht vertraut sind, empfehlen wir Ihnen, die Komplettl\u00f6sung EURO 04 direkt zu bestellen (<a href=\"http:\/\/europackwine.fr\/de\/produkt\/emballage-vin-4-bouteilles\/\"><strong>siehe Produkt<\/strong><\/a>), die alle Elemente enth\u00e4lt:<\/p>\n<ul>\n<li>1 Karton CAPA04<\/li>\n<li>4 Styroporboxen Referenz EUPA 01 : <a href=\"http:\/\/europackwine.fr\/de\/produkt\/coffret-polystyrene-1-bouteille\/\"><strong>siehe Produkt<\/strong><\/a><\/li>\n<\/ul>\n<p data-sourcepos=\"40:1-40:15\"><strong>Vorteile :<\/strong><\/p>\n<ul data-sourcepos=\"42:1-47:0\">\n<li data-sourcepos=\"42:1-42:22\">Robust und widerstandsf\u00e4hig<\/li>\n<li data-sourcepos=\"43:1-43:57\">Perfekt geeignet f\u00fcr universelle Styroporboxen<\/li>\n<li data-sourcepos=\"44:1-44:24\">Praktisch und kosteng\u00fcnstig<\/li>\n<li data-sourcepos=\"45:1-45:20\">Leicht und stapelbar<\/li>\n<li data-sourcepos=\"46:1-47:0\">H\u00f6chste Qualit\u00e4t<\/li>\n<\/ul>","protected":false},"excerpt":{"rendered":"<p data-sourcepos=\"1:1-1:91\"><strong>CAPA 04 - Karton 26 x 24 x 37 cm, <\/strong>die ideale L\u00f6sung f\u00fcr Weinfachleute, die eine hochwertige Verpackung f\u00fcr ihre Flaschen suchen.<strong><br \/>\n<\/strong>Verpackung: H\u00fclle mit 25 Kartons<\/p>\n<hr \/>\n<table class=\"size-table price-table table-technical-information\" style=\"height: 46px; width: 500px;\" data-v-33004ae6=\"\">\n<thead id=\"table-head-product-batch\" data-v-33004ae6=\"\">\n<tr style=\"height: 23px;\" data-v-33004ae6=\"\">\n<th class=\"column-pack table-price-right pt-1 pb-2\" style=\"text-align: center; height: 23px; width: 70.8125px;\" data-v-33004ae6=\"\"><span data-v-33004ae6=\"\">25 Kartons<\/span><\/th>\n<th class=\"column-box pt-1 pb-2\" style=\"text-align: center; height: 23px; width: 78.5938px;\" data-v-33004ae6=\"\">125 Kartons<\/th>\n<th class=\"column-size pt-1 pb-2\" style=\"text-align: center; height: 23px; width: 74.7031px;\" data-v-33004ae6=\"\"><span data-v-33004ae6=\"\">225 Kartons<\/span><\/th>\n<th class=\"column-size-box pt-1 pb-2\" style=\"text-align: center; height: 23px; width: 78.5938px;\" data-v-33004ae6=\"\">425 Kartons<\/th>\n<\/tr>\n<\/thead>\n<tbody class=\"table-hover\" data-v-33004ae6=\"\">\n<tr style=\"height: 23px;\" data-v-33004ae6=\"\">\n<td class=\"pl-0 pr-0\" style=\"text-align: center; height: 23px; width: 70.8125px;\" data-v-33004ae6=\"\">1,90\u20ac\/u<\/td>\n<td class=\"pl-0 pr-0\" style=\"text-align: center; height: 23px; width: 78.5938px;\" data-v-33004ae6=\"\">1,83\u20ac\/u<\/td>\n<td class=\"pl-0 pr-0\" style=\"text-align: center; height: 23px; width: 74.7031px;\" data-v-33004ae6=\"\">1,73\u20ac\/u<\/td>\n<td class=\"pl-0 pr-0\" style=\"text-align: center; height: 23px; width: 78.5938px;\" data-v-33004ae6=\"\">1,65\u20ac\/u<\/td>\n<\/tr>\n<\/tbody>\n<\/table>","protected":false},"featured_media":1809,"comment_status":"open","ping_status":"closed","template":"","meta":{"_et_pb_use_builder":"","_et_pb_old_content":"","_et_gb_content_width":""},"product_brand":[],"product_cat":[296],"product_tag":[],"class_list":{"0":"post-8223","1":"product","2":"type-product","3":"status-publish","4":"has-post-thumbnail","6":"product_cat-cartons","8":"first","9":"instock","10":"taxable","11":"shipping-taxable","12":"purchasable","13":"product-type-simple"},"_links":{"self":[{"href":"https:\/\/europackwine.fr\/de\/wp-json\/wp\/v2\/product\/8223","targetHints":{"allow":["GET"]}}],"collection":[{"href":"https:\/\/europackwine.fr\/de\/wp-json\/wp\/v2\/product"}],"about":[{"href":"https:\/\/europackwine.fr\/de\/wp-json\/wp\/v2\/types\/product"}],"replies":[{"embeddable":true,"href":"https:\/\/europackwine.fr\/de\/wp-json\/wp\/v2\/comments?post=8223"}],"wp:featuredmedia":[{"embeddable":true,"href":"https:\/\/europackwine.fr\/de\/wp-json\/wp\/v2\/media\/1809"}],"wp:attachment":[{"href":"https:\/\/europackwine.fr\/de\/wp-json\/wp\/v2\/media?parent=8223"}],"wp:term":[{"taxonomy":"product_brand","embeddable":true,"href":"https:\/\/europackwine.fr\/de\/wp-json\/wp\/v2\/product_brand?post=8223"},{"taxonomy":"product_cat","embeddable":true,"href":"https:\/\/europackwine.fr\/de\/wp-json\/wp\/v2\/product_cat?post=8223"},{"taxonomy":"product_tag","embeddable":true,"href":"https:\/\/europackwine.fr\/de\/wp-json\/wp\/v2\/product_tag?post=8223"}],"curies":[{"name":"wp","href":"https:\/\/api.w.org\/{rel}","templated":true}]}}