{"id":8195,"date":"2024-02-29T14:55:40","date_gmt":"2024-02-29T14:55:40","guid":{"rendered":"http:\/\/europackwine.fr\/?post_type=product&#038;p=8195"},"modified":"2026-03-31T09:39:04","modified_gmt":"2026-03-31T09:39:04","slug":"carton-16-x-16-x-46-cm","status":"publish","type":"product","link":"https:\/\/europackwine.fr\/de\/produkt\/carton-16-x-16-x-46-cm\/","title":{"rendered":"CAPA 01MA - Karton 16 x 16 x 46 cm"},"content":{"rendered":"<p data-sourcepos=\"1:1-1:91\"><strong>CAPA 01MA - Karton 16 x 16 x 46 cm<br \/>\n<\/strong>Die <strong>CAPA 01MA<\/strong> ist ein Versandkarton f\u00fcr einfache Wellpappe Magnum, der dazu dient, 1 Polystyrol-Verpackungs-Set (EUPAMA) f\u00fcr Magnum w\u00e4hrend des Transports zu halten und zu sch\u00fctzen. Perfekt geeignet f\u00fcr den Versand von Magnums und bietet Ihnen so optimalen Schutz f\u00fcr Ihre Flaschen. Robust und elegant, ideal f\u00fcr den Transport und die Lagerung Ihrer wertvollen Cru.<\/p>\n<p data-sourcepos=\"17:1-17:28\"><strong>Praktisch und preiswert :<\/strong><\/p>\n<p data-sourcepos=\"17:1-17:28\">Unser Produkt wird in einer H\u00fclle mit 25 Kartons geliefert, um eine einfache Lagerung und Handhabung zu erm\u00f6glichen. Es ist leicht stapelbar, um Gewicht zu sparen, und 175 g leicht, um Ihre Versandkosten zu senken.<\/p>\n<p data-sourcepos=\"25:1-25:23\"><strong>Komplettl\u00f6sung :<\/strong><\/p>\n<p>Wenn Sie mit unserer Verpackungsl\u00f6sung nicht vertraut sind, empfehlen wir Ihnen, direkt die EUROMA-Komplettl\u00f6sung zu bestellen (<strong><a href=\"http:\/\/europackwine.fr\/de\/produkt\/emballage-vin-1-magnum\/\">siehe Produkt<\/a><\/strong>), die alle Elemente enth\u00e4lt:<\/p>\n<ul>\n<li>1 Karton CAPA01MA<\/li>\n<li>1 Styroporbox Referenz EUPAMA : <strong><a href=\"http:\/\/europackwine.fr\/de\/produkt\/coffret-polystyrene-1-magnum\/\">siehe Produkt<\/a><\/strong><\/li>\n<\/ul>\n<p data-sourcepos=\"40:1-40:15\"><strong>Vorteile :<\/strong><\/p>\n<ul data-sourcepos=\"42:1-47:0\">\n<li data-sourcepos=\"42:1-42:22\">Robust und widerstandsf\u00e4hig<\/li>\n<li data-sourcepos=\"43:1-43:57\">Perfekt geeignet f\u00fcr universelle Styroporboxen<\/li>\n<li data-sourcepos=\"44:1-44:24\">Praktisch und kosteng\u00fcnstig<\/li>\n<li data-sourcepos=\"45:1-45:20\">Leicht und stapelbar<\/li>\n<li data-sourcepos=\"46:1-47:0\">H\u00f6chste Qualit\u00e4t<\/li>\n<\/ul>","protected":false},"excerpt":{"rendered":"<p data-sourcepos=\"1:1-1:91\"><strong>CAPA 01MA - Karton 16 x 16 x 46 cm,<\/strong> die ideale L\u00f6sung f\u00fcr Weinfachleute, die eine hochwertige Verpackung f\u00fcr ihre Flaschen suchen.<br \/>\nVerpackung :<strong> H\u00fclle mit 25 Kartons<\/strong><\/p>\n<hr \/>\n<table class=\"size-table price-table table-technical-information\" data-v-33004ae6=\"\">\n<thead id=\"table-head-product-batch\" data-v-33004ae6=\"\">\n<tr data-v-33004ae6=\"\">\n<th class=\"column-pack table-price-right pt-1 pb-2\" style=\"text-align: center;\" data-v-33004ae6=\"\"><span data-v-33004ae6=\"\">25 Kartons<\/span><\/th>\n<th class=\"column-box pt-1 pb-2\" style=\"text-align: center;\" data-v-33004ae6=\"\">125 Kartons<\/th>\n<th class=\"column-size pt-1 pb-2\" style=\"text-align: center;\" data-v-33004ae6=\"\"><span data-v-33004ae6=\"\">225 Kartons<\/span><\/th>\n<th class=\"column-size-box pt-1 pb-2\" style=\"text-align: center;\" data-v-33004ae6=\"\">425 Kartons<\/th>\n<\/tr>\n<\/thead>\n<tbody class=\"table-hover\" data-v-33004ae6=\"\">\n<tr data-v-33004ae6=\"\">\n<td class=\"pl-0 pr-0\" style=\"text-align: center;\" data-v-33004ae6=\"\">1,40\u20ac\/St\u00fcck<\/td>\n<td class=\"pl-0 pr-0\" style=\"text-align: center;\" data-v-33004ae6=\"\">1,38\u20ac\/u<\/td>\n<td class=\"pl-0 pr-0\" style=\"text-align: center;\" data-v-33004ae6=\"\">1,37\u20ac\/St\u00fcck<\/td>\n<td class=\"pl-0 pr-0\" style=\"text-align: center;\" data-v-33004ae6=\"\">1,30\u20ac\/u<\/td>\n<\/tr>\n<\/tbody>\n<\/table>","protected":false},"featured_media":7725,"comment_status":"open","ping_status":"closed","template":"","meta":{"_et_pb_use_builder":"","_et_pb_old_content":"","_et_gb_content_width":""},"product_brand":[],"product_cat":[296],"product_tag":[],"class_list":{"0":"post-8195","1":"product","2":"type-product","3":"status-publish","4":"has-post-thumbnail","6":"product_cat-cartons","8":"first","9":"instock","10":"taxable","11":"shipping-taxable","12":"purchasable","13":"product-type-simple"},"_links":{"self":[{"href":"https:\/\/europackwine.fr\/de\/wp-json\/wp\/v2\/product\/8195","targetHints":{"allow":["GET"]}}],"collection":[{"href":"https:\/\/europackwine.fr\/de\/wp-json\/wp\/v2\/product"}],"about":[{"href":"https:\/\/europackwine.fr\/de\/wp-json\/wp\/v2\/types\/product"}],"replies":[{"embeddable":true,"href":"https:\/\/europackwine.fr\/de\/wp-json\/wp\/v2\/comments?post=8195"}],"wp:featuredmedia":[{"embeddable":true,"href":"https:\/\/europackwine.fr\/de\/wp-json\/wp\/v2\/media\/7725"}],"wp:attachment":[{"href":"https:\/\/europackwine.fr\/de\/wp-json\/wp\/v2\/media?parent=8195"}],"wp:term":[{"taxonomy":"product_brand","embeddable":true,"href":"https:\/\/europackwine.fr\/de\/wp-json\/wp\/v2\/product_brand?post=8195"},{"taxonomy":"product_cat","embeddable":true,"href":"https:\/\/europackwine.fr\/de\/wp-json\/wp\/v2\/product_cat?post=8195"},{"taxonomy":"product_tag","embeddable":true,"href":"https:\/\/europackwine.fr\/de\/wp-json\/wp\/v2\/product_tag?post=8195"}],"curies":[{"name":"wp","href":"https:\/\/api.w.org\/{rel}","templated":true}]}}