{"id":1316,"date":"2021-04-19T15:14:56","date_gmt":"2021-04-19T15:14:56","guid":{"rendered":"https:\/\/europackwine.staging-lab.co\/?post_type=product&#038;p=1316"},"modified":"2026-03-31T09:34:18","modified_gmt":"2026-03-31T09:34:18","slug":"capa-12-carton-37-x-33-x-46-cm","status":"publish","type":"product","link":"https:\/\/europackwine.fr\/de\/produkt\/capa-12-carton-37-x-33-x-46-cm\/","title":{"rendered":"Capa 12 - Karton 37 x 33 x 46 cm"},"content":{"rendered":"<p data-sourcepos=\"1:1-1:65\"><strong>CAPA 12 : Der Karton 37 x 33 x 46 cm zur Aufbewahrung Ihrer Styropor-Boxen f\u00fcr 12 Flaschen.<\/strong><\/p>\n<p data-sourcepos=\"3:1-3:273\"><strong>Der CAPA 12<\/strong> ist ein einwelliger Umkarton f\u00fcr die Verpackung, der mit den Styroporboxen EUPA03 und INPA03 f\u00fcr 12 Weinflaschen verwendet wird. Er ist ideal f\u00fcr den Transport und die Lagerung Ihrer Flaschen, und seine robuste Konstruktion gew\u00e4hrleistet optimalen Schutz vor St\u00f6\u00dfen und Vibrationen.<\/p>\n<p data-sourcepos=\"5:1-5:22\"><strong>Eigenschaften :<\/strong><\/p>\n<ul data-sourcepos=\"7:1-11:0\">\n<li data-sourcepos=\"7:1-7:87\"><strong>Geeignet f\u00fcr 1 Polystyrol-Koffer EUPA 03 und 3 Polystyrol-Eins\u00e4tze INPA 03<\/strong><\/li>\n<li data-sourcepos=\"8:1-8:34\"><strong>Ma\u00dfe: 37 x 33 x 46 cm<\/strong><\/li>\n<li data-sourcepos=\"9:1-9:19\"><strong>Gewicht: 440 g<\/strong><\/li>\n<li data-sourcepos=\"10:1-11:0\"><strong>Versandt in einer H\u00fclle von 20<\/strong><\/li>\n<\/ul>\n<p data-sourcepos=\"12:1-12:15\"><strong>Vorteile :<\/strong><\/p>\n<ul data-sourcepos=\"14:1-18:0\">\n<li data-sourcepos=\"14:1-14:52\"><strong>Optimaler Schutz<\/strong>\u00a0f\u00fcr deine Weinflaschen<\/li>\n<li data-sourcepos=\"15:1-15:46\"><strong>Robuste Konstruktion<\/strong>\u00a0in einwelliger Ausf\u00fchrung<\/li>\n<li data-sourcepos=\"16:1-16:38\"><strong>Einfach zu montieren und zu verwenden<\/strong><\/li>\n<li data-sourcepos=\"17:1-18:0\"><strong>Kosteng\u00fcnstige Verpackungsl\u00f6sung<\/strong><\/li>\n<\/ul>\n<p data-sourcepos=\"21:1-21:32\"><strong>F\u00fcr eine Komplettl\u00f6sung :<\/strong><\/p>\n<p data-sourcepos=\"23:1-23:351\">Wenn Sie mit unserer Verpackungsl\u00f6sung nicht vertraut sind, empfehlen wir Ihnen, die Komplettl\u00f6sung direkt zu bestellen <strong>Euro 12 (<a href=\"http:\/\/europackwine.fr\/de\/produkt\/emballage-vin-12-bouteilles\/\">siehe Produkt<\/a>)<\/strong>. Diese L\u00f6sung umfasst alle notwendigen Elemente zum Verpacken und Sch\u00fctzen Ihrer Weinflaschen, einschlie\u00dflich des Kartons CAPA 12, der Styroporboxen EUPA 03 und der Styroporteiler INPA 03.<\/p>\n<p data-sourcepos=\"25:1-25:92\"><strong>Bestellen Sie Ihren CAPA 12 noch heute und genie\u00dfen Sie absolute Seelenruhe!<\/strong><\/p>\n<p data-sourcepos=\"50:1-50:34\"><strong>Zus\u00e4tzliche Informationen:<\/strong><\/p>\n<ul data-sourcepos=\"52:1-54:0\">\n<li data-sourcepos=\"52:1-52:137\">Der Karton CAPA 12 ist FSC-zertifiziert, was garantiert, dass er aus Materialien hergestellt wurde, die aus nachhaltig bewirtschafteten W\u00e4ldern stammen.<\/li>\n<li data-sourcepos=\"53:1-54:0\">Der Karton ist au\u00dferdem recycelbar, wodurch die Umweltbelastung verringert wird.<\/li>\n<\/ul>\n<p><strong>Bitte kontaktieren Sie uns, um weitere Informationen zu erhalten oder eine Bestellung aufzugeben.<\/strong><\/p>\n<p data-sourcepos=\"57:1-57:18\"><strong>N\u00fctzliche Links :<\/strong><\/p>\n<ul data-sourcepos=\"59:1-61:92\">\n<li data-sourcepos=\"59:1-59:64\">Komplettl\u00f6sung EURO 12: <a href=\"http:\/\/europackwine.fr\/de\/produkt\/emballage-vin-12-bouteilles\/\"><strong>siehe Produkt<\/strong><\/a><\/li>\n<li data-sourcepos=\"60:1-60:80\">Polystyrol-Koffer Referenz EUPA 03: <a href=\"http:\/\/europackwine.fr\/de\/produkt\/coffret-polystyrene-1-bouteille\/\"><strong>siehe Produkt<\/strong><\/a><\/li>\n<li data-sourcepos=\"61:1-61:92\">Polystyrol-Zwischenlage Referenz INPA 03: <a href=\"http:\/\/europackwine.fr\/de\/produkt\/intercalaire-polystyrene-3-bouteilles\/\"><strong>siehe Produkt<\/strong><\/a><\/li>\n<\/ul>\n<p data-sourcepos=\"27:1-27:103\">","protected":false},"excerpt":{"rendered":"<p><strong>CAPA 12 : Der Karton 37 x 33 x 46 cm <\/strong>f\u00fcr Universal-Polystyrol-Boxen<strong><br \/>\n<\/strong>Sch\u00fctzen Sie Ihre Weinflaschen wirksam mit dem Verpackungskarton CAPA 12.<br \/>\nVerpackung: H\u00fclle mit 20 Kartons<br \/>\n<strong>Passt sich durch \u00abStauchung\u00bb \u00abFaltung\u00bb an 9 Flaschen an.<\/strong><\/p>\n<p>&nbsp;<\/p>\n<table class=\"size-table price-table table-technical-information\" data-v-33004ae6=\"\">\n<thead id=\"table-head-product-batch\" data-v-33004ae6=\"\">\n<tr data-v-33004ae6=\"\">\n<th class=\"column-pack table-price-right pt-1 pb-2\" style=\"text-align: center;\" data-v-33004ae6=\"\"><span data-v-33004ae6=\"\">20 Kartons<\/span><\/th>\n<th class=\"column-box pt-1 pb-2\" style=\"text-align: center;\" data-v-33004ae6=\"\">\u00a080 Kartons<\/th>\n<th class=\"column-size pt-1 pb-2\" style=\"text-align: center;\" data-v-33004ae6=\"\"><span data-v-33004ae6=\"\">\u00a0180 Kartons<\/span><\/th>\n<th class=\"column-size-box pt-1 pb-2\" style=\"text-align: center;\" data-v-33004ae6=\"\">320 Kartons<\/th>\n<\/tr>\n<\/thead>\n<tbody class=\"table-hover\" data-v-33004ae6=\"\">\n<tr data-v-33004ae6=\"\">\n<td class=\"pl-0 pr-0\" style=\"text-align: center;\" data-v-33004ae6=\"\">2,39\u20ac\/u<\/td>\n<td class=\"pl-0 pr-0\" style=\"text-align: center;\" data-v-33004ae6=\"\">2,32\u20ac\/u<\/td>\n<td class=\"pl-0 pr-0\" style=\"text-align: center;\" data-v-33004ae6=\"\">2,28\u20ac\/u<\/td>\n<td class=\"pl-0 pr-0\" style=\"text-align: center;\" data-v-33004ae6=\"\">2,22\u20ac\/u<\/td>\n<\/tr>\n<\/tbody>\n<\/table>","protected":false},"featured_media":7581,"comment_status":"open","ping_status":"closed","template":"","meta":{"_et_pb_use_builder":"","_et_pb_old_content":"","_et_gb_content_width":""},"product_brand":[],"product_cat":[296],"product_tag":[],"class_list":{"0":"post-1316","1":"product","2":"type-product","3":"status-publish","4":"has-post-thumbnail","6":"product_cat-cartons","8":"first","9":"instock","10":"taxable","11":"shipping-taxable","12":"purchasable","13":"product-type-simple"},"_links":{"self":[{"href":"https:\/\/europackwine.fr\/de\/wp-json\/wp\/v2\/product\/1316","targetHints":{"allow":["GET"]}}],"collection":[{"href":"https:\/\/europackwine.fr\/de\/wp-json\/wp\/v2\/product"}],"about":[{"href":"https:\/\/europackwine.fr\/de\/wp-json\/wp\/v2\/types\/product"}],"replies":[{"embeddable":true,"href":"https:\/\/europackwine.fr\/de\/wp-json\/wp\/v2\/comments?post=1316"}],"wp:featuredmedia":[{"embeddable":true,"href":"https:\/\/europackwine.fr\/de\/wp-json\/wp\/v2\/media\/7581"}],"wp:attachment":[{"href":"https:\/\/europackwine.fr\/de\/wp-json\/wp\/v2\/media?parent=1316"}],"wp:term":[{"taxonomy":"product_brand","embeddable":true,"href":"https:\/\/europackwine.fr\/de\/wp-json\/wp\/v2\/product_brand?post=1316"},{"taxonomy":"product_cat","embeddable":true,"href":"https:\/\/europackwine.fr\/de\/wp-json\/wp\/v2\/product_cat?post=1316"},{"taxonomy":"product_tag","embeddable":true,"href":"https:\/\/europackwine.fr\/de\/wp-json\/wp\/v2\/product_tag?post=1316"}],"curies":[{"name":"wp","href":"https:\/\/api.w.org\/{rel}","templated":true}]}}