{"id":1163,"date":"2021-04-19T13:05:44","date_gmt":"2021-04-19T13:05:44","guid":{"rendered":"https:\/\/europackwine.staging-lab.co\/?post_type=product&#038;p=1163"},"modified":"2026-03-31T09:04:49","modified_gmt":"2026-03-31T09:04:49","slug":"carton-24-x-13-x-37-cm","status":"publish","type":"product","link":"https:\/\/europackwine.fr\/de\/produkt\/carton-24-x-13-x-37-cm\/","title":{"rendered":"CAPA 02 - Karton 24 x 13 x 37 cm"},"content":{"rendered":"<p data-sourcepos=\"1:1-1:91\"><strong>CAPA 02 - Karton 24 x 13 x 37 cm<br \/>\n<\/strong>Die <strong>CAPA 02<\/strong> ist ein einwelliger Versandkarton, der zum Aufnehmen und Sch\u00fctzen von 2 Polystyrolk\u00e4sten (EUPA 01) beim Transport konzipiert ist. Perfekt geeignet f\u00fcr den Versand von 2 Flaschen, und so bieten wir Ihnen optimalen Schutz. Stabil und elegant, ist er ideal f\u00fcr den Transport und die Lagerung Ihrer wertvollen Jahrg\u00e4nge.<\/p>\n<p data-sourcepos=\"17:1-17:28\"><strong>Praktisch und preiswert :<\/strong><\/p>\n<p data-sourcepos=\"17:1-17:28\">Unser Produkt wird in einer H\u00fclle mit 25 Kartons geliefert, um eine einfache Lagerung und Handhabung zu erm\u00f6glichen. Es ist leicht stapelbar, um Gewicht zu sparen, und 170 g leicht, um Ihre Versandkosten zu senken.<\/p>\n<p data-sourcepos=\"25:1-25:23\"><strong>Komplettl\u00f6sung :<\/strong><\/p>\n<p>Wenn Sie mit unserer Verpackungsl\u00f6sung nicht vertraut sind, empfehlen wir Ihnen, die Komplettl\u00f6sung EURO 02 direkt zu bestellen (<a href=\"http:\/\/europackwine.fr\/de\/produkt\/emballage-vin-2-bouteilles\/\"><strong>siehe Produkt<\/strong><\/a>), die alle Elemente enth\u00e4lt:<\/p>\n<ul>\n<li>1 Karton CAPA 02<\/li>\n<li>2 Styroporboxen Referenz EUPA 01 : <a href=\"http:\/\/europackwine.fr\/de\/produkt\/coffret-polystyrene-1-bouteille\/\"><strong>siehe Produkt<\/strong><\/a><\/li>\n<\/ul>\n<p data-sourcepos=\"40:1-40:15\"><strong>Vorteile :<\/strong><\/p>\n<ul data-sourcepos=\"42:1-47:0\">\n<li data-sourcepos=\"42:1-42:22\">Robust und widerstandsf\u00e4hig<\/li>\n<li data-sourcepos=\"43:1-43:57\">Perfekt geeignet f\u00fcr universelle Styroporboxen<\/li>\n<li data-sourcepos=\"44:1-44:24\">Praktisch und kosteng\u00fcnstig<\/li>\n<li data-sourcepos=\"45:1-45:20\">Leicht und stapelbar<\/li>\n<li data-sourcepos=\"46:1-47:0\">H\u00f6chste Qualit\u00e4t<\/li>\n<\/ul>","protected":false},"excerpt":{"rendered":"<p data-sourcepos=\"1:1-1:91\"><strong>CAPA 02 - Karton 24 x 13 x 37 cm, <\/strong>die ideale L\u00f6sung f\u00fcr Weinfachleute, die eine hochwertige Verpackung f\u00fcr ihre Flaschen suchen.<br \/>\nVerpackung: H\u00fclle mit 25 Kartons<\/p>\n<hr \/>\n<table class=\"size-table price-table table-technical-information\" style=\"width: 500px;\" data-v-33004ae6=\"\">\n<thead id=\"table-head-product-batch\" data-v-33004ae6=\"\">\n<tr data-v-33004ae6=\"\">\n<th class=\"column-pack table-price-right pt-1 pb-2\" style=\"text-align: center;\" data-v-33004ae6=\"\"><span data-v-33004ae6=\"\">25 Kartons<\/span><\/th>\n<th class=\"column-box pt-1 pb-2\" style=\"text-align: center;\" data-v-33004ae6=\"\">125 Kartons<\/th>\n<th class=\"column-size pt-1 pb-2\" style=\"text-align: center;\" data-v-33004ae6=\"\"><span data-v-33004ae6=\"\">225 Kartons<\/span><\/th>\n<th class=\"column-size-box pt-1 pb-2\" style=\"text-align: center;\" data-v-33004ae6=\"\">425 Kartons<\/th>\n<\/tr>\n<\/thead>\n<tbody class=\"table-hover\" data-v-33004ae6=\"\">\n<tr data-v-33004ae6=\"\">\n<td class=\"pl-0 pr-0\" style=\"text-align: center;\" data-v-33004ae6=\"\">1,11\u20ac\/u<\/td>\n<td class=\"pl-0 pr-0\" style=\"text-align: center;\" data-v-33004ae6=\"\">1,07\u20ac\/u<\/td>\n<td class=\"pl-0 pr-0\" style=\"text-align: center;\" data-v-33004ae6=\"\">1,04\u20ac\/u<\/td>\n<td class=\"pl-0 pr-0\" style=\"text-align: center;\" data-v-33004ae6=\"\">1,01\u20ac\/u<\/td>\n<\/tr>\n<\/tbody>\n<\/table>","protected":false},"featured_media":7577,"comment_status":"open","ping_status":"closed","template":"","meta":{"_et_pb_use_builder":"","_et_pb_old_content":"","_et_gb_content_width":""},"product_brand":[],"product_cat":[296],"product_tag":[],"class_list":{"0":"post-1163","1":"product","2":"type-product","3":"status-publish","4":"has-post-thumbnail","6":"product_cat-cartons","8":"first","9":"instock","10":"taxable","11":"shipping-taxable","12":"purchasable","13":"product-type-simple"},"_links":{"self":[{"href":"https:\/\/europackwine.fr\/de\/wp-json\/wp\/v2\/product\/1163","targetHints":{"allow":["GET"]}}],"collection":[{"href":"https:\/\/europackwine.fr\/de\/wp-json\/wp\/v2\/product"}],"about":[{"href":"https:\/\/europackwine.fr\/de\/wp-json\/wp\/v2\/types\/product"}],"replies":[{"embeddable":true,"href":"https:\/\/europackwine.fr\/de\/wp-json\/wp\/v2\/comments?post=1163"}],"wp:featuredmedia":[{"embeddable":true,"href":"https:\/\/europackwine.fr\/de\/wp-json\/wp\/v2\/media\/7577"}],"wp:attachment":[{"href":"https:\/\/europackwine.fr\/de\/wp-json\/wp\/v2\/media?parent=1163"}],"wp:term":[{"taxonomy":"product_brand","embeddable":true,"href":"https:\/\/europackwine.fr\/de\/wp-json\/wp\/v2\/product_brand?post=1163"},{"taxonomy":"product_cat","embeddable":true,"href":"https:\/\/europackwine.fr\/de\/wp-json\/wp\/v2\/product_cat?post=1163"},{"taxonomy":"product_tag","embeddable":true,"href":"https:\/\/europackwine.fr\/de\/wp-json\/wp\/v2\/product_tag?post=1163"}],"curies":[{"name":"wp","href":"https:\/\/api.w.org\/{rel}","templated":true}]}}