{"id":1107,"date":"2021-04-19T08:49:55","date_gmt":"2021-04-19T08:49:55","guid":{"rendered":"https:\/\/europackwine.staging-lab.co\/?post_type=product&#038;p=1107"},"modified":"2026-03-30T08:42:45","modified_gmt":"2026-03-30T08:42:45","slug":"coffret-polystyrene-demi-bouteille","status":"publish","type":"product","link":"https:\/\/europackwine.fr\/de\/produkt\/coffret-polystyrene-demi-bouteille\/","title":{"rendered":"Eupa 00 - Styropork\u00e4stchen halbe Flasche"},"content":{"rendered":"<p data-sourcepos=\"1:1-1:80\"><strong>EUPA 01: Universelle Halbflaschenkiste aus Polystyrol<\/strong><\/p>\n<p data-sourcepos=\"1:1-1:80\"><strong>Sch\u00fctzen Sie Ihre Weinflaschen sicher mit unserer Styroporbox Halbe Flasche.<\/strong><strong>\u00a0!<\/strong><\/p>\n<p>Diese Box aus expandiertem Polystyrol (EPS) wurde entwickelt, um Ihren 37,5-cl-Weinflaschen beim Versand einen universellen und optimalen Schutz zu bieten.<\/p>\n<p data-sourcepos=\"17:1-17:28\"><strong>Praktisch und preiswert :<\/strong><\/p>\n<p data-sourcepos=\"17:1-17:28\">Unser Produkt wird in einer H\u00fclle mit 100 Boxen geliefert, um eine einfache Lagerung und Handhabung zu erm\u00f6glichen. Leicht stapelbar, um Gewicht zu sparen, und 45 g leicht, um Ihre Versandkosten zu senken.<\/p>\n<p data-sourcepos=\"20:1-20:15\"><strong>Wichtig :<\/strong><\/p>\n<p data-sourcepos=\"22:1-22:143\">Die Styroporbox Halbe Flasche funktioniert wie eine Polsterung und ben\u00f6tigt eine \u00dcberkartonage, um sie zu halten und ihre Unversehrtheit beim Versand zu gew\u00e4hrleisten.<\/p>\n<p data-sourcepos=\"22:1-22:143\"><strong>Vorteile :\u00a0<\/strong><\/p>\n<ul data-sourcepos=\"5:1-8:0\">\n<li data-sourcepos=\"5:1-6:52\">Schutz: Polystyrol ist ein Schutzmaterial, das aus expandiertem Polystyrolschaum (EPS) hergestellt wird und den Wein vor St\u00f6\u00dfen und Vibrationen w\u00e4hrend des Transports und der Handhabung sch\u00fctzt.<\/li>\n<li data-sourcepos=\"5:1-5:272\">Isolierung<strong>\u00a0:<\/strong> EPS ist auch ein guter Isolator und h\u00e4lt Weinflaschen w\u00e4hrend des Transports und der Lagerung auf einer konstanten Temperatur.<\/li>\n<li data-sourcepos=\"16:1-16:106\">Leichtgewicht: Polystyrol ist ein leichtes Material, das den Transport und das Handling von Weinkisten erleichtert. Somit ist es ein Vorteil f\u00fcr die Umwelt, da es den Kohlendioxidaussto\u00df reduziert.<\/li>\n<li data-sourcepos=\"16:1-16:106\">Recycelbar: Styroporboxen sind recycelbar und k\u00f6nnen zu neuen Produkten recycelt werden, z. B. zu Polstermaterial, Lebensmittelverpackungen usw.<\/li>\n<\/ul>","protected":false},"excerpt":{"rendered":"<p data-sourcepos=\"1:1-1:91\"><strong>EUPA 00 - -<\/strong> die ideale L\u00f6sung f\u00fcr Weinfachleute, die eine hochwertige Verpackung f\u00fcr ihre halben Flaschen suchen.<br \/>\nVerpackung: H\u00fclle mit 100<\/p>\n<hr \/>\n<table class=\"size-table price-table table-technical-information\" style=\"height: 57px; width: 500px;\" data-v-33004ae6=\"\">\n<thead id=\"table-head-product-batch\" data-v-33004ae6=\"\">\n<tr style=\"height: 46px;\" data-v-33004ae6=\"\">\n<th class=\"column-pack table-price-right pt-1 pb-2\" style=\"width: 114.484px; height: 42px; text-align: center;\" data-v-33004ae6=\"\"><span data-v-33004ae6=\"\">100 Sets<\/span><\/th>\n<th class=\"column-box pt-1 pb-2\" style=\"width: 123.516px; height: 42px; text-align: center;\" data-v-33004ae6=\"\">200 Sets<\/th>\n<th class=\"column-size pt-1 pb-2\" style=\"width: 119.5px; height: 42px; text-align: center;\" data-v-33004ae6=\"\"><span data-v-33004ae6=\"\">300 K\u00e4sten<\/span><\/th>\n<th class=\"column-size-box pt-1 pb-2\" style=\"width: 114.5px; height: 42px; text-align: center;\" data-v-33004ae6=\"\">500 K\u00e4sten<\/th>\n<\/tr>\n<\/thead>\n<tbody class=\"table-hover\" data-v-33004ae6=\"\">\n<tr style=\"height: 15px;\" data-v-33004ae6=\"\">\n<td class=\"pl-0 pr-0\" style=\"width: 114.484px; height: 15px; text-align: center;\" data-v-33004ae6=\"\">1,46\u20ac\/u<\/td>\n<td class=\"pl-0 pr-0\" style=\"width: 123.516px; height: 15px; text-align: center;\" data-v-33004ae6=\"\">1,38\u20ac\/u<\/td>\n<td class=\"pl-0 pr-0\" style=\"width: 119.5px; height: 15px; text-align: center;\" data-v-33004ae6=\"\">1,26\u20ac\/u<\/td>\n<td class=\"pl-0 pr-0\" style=\"width: 114.5px; height: 15px; text-align: center;\" data-v-33004ae6=\"\">1,18\u20ac\/u<\/td>\n<\/tr>\n<\/tbody>\n<\/table>\n<p>&nbsp;<\/p>","protected":false},"featured_media":1834,"comment_status":"open","ping_status":"closed","template":"","meta":{"_et_pb_use_builder":"","_et_pb_old_content":"","_et_gb_content_width":""},"product_brand":[],"product_cat":[295],"product_tag":[],"class_list":{"0":"post-1107","1":"product","2":"type-product","3":"status-publish","4":"has-post-thumbnail","6":"product_cat-coffrets","8":"first","9":"instock","10":"taxable","11":"shipping-taxable","12":"purchasable","13":"product-type-simple"},"_links":{"self":[{"href":"https:\/\/europackwine.fr\/de\/wp-json\/wp\/v2\/product\/1107","targetHints":{"allow":["GET"]}}],"collection":[{"href":"https:\/\/europackwine.fr\/de\/wp-json\/wp\/v2\/product"}],"about":[{"href":"https:\/\/europackwine.fr\/de\/wp-json\/wp\/v2\/types\/product"}],"replies":[{"embeddable":true,"href":"https:\/\/europackwine.fr\/de\/wp-json\/wp\/v2\/comments?post=1107"}],"wp:featuredmedia":[{"embeddable":true,"href":"https:\/\/europackwine.fr\/de\/wp-json\/wp\/v2\/media\/1834"}],"wp:attachment":[{"href":"https:\/\/europackwine.fr\/de\/wp-json\/wp\/v2\/media?parent=1107"}],"wp:term":[{"taxonomy":"product_brand","embeddable":true,"href":"https:\/\/europackwine.fr\/de\/wp-json\/wp\/v2\/product_brand?post=1107"},{"taxonomy":"product_cat","embeddable":true,"href":"https:\/\/europackwine.fr\/de\/wp-json\/wp\/v2\/product_cat?post=1107"},{"taxonomy":"product_tag","embeddable":true,"href":"https:\/\/europackwine.fr\/de\/wp-json\/wp\/v2\/product_tag?post=1107"}],"curies":[{"name":"wp","href":"https:\/\/api.w.org\/{rel}","templated":true}]}}