{"id":1074,"date":"2021-04-19T07:27:25","date_gmt":"2021-04-19T07:27:25","guid":{"rendered":"https:\/\/europackwine.staging-lab.co\/?post_type=product&#038;p=1074"},"modified":"2026-03-31T08:11:33","modified_gmt":"2026-03-31T08:11:33","slug":"coffret-polystyrene-1-magnum","status":"publish","type":"product","link":"https:\/\/europackwine.fr\/de\/produkt\/coffret-polystyrene-1-magnum\/","title":{"rendered":"EUPAMA - Box Polystyrol 1 Magnum"},"content":{"rendered":"<p data-sourcepos=\"1:1-1:80\"><strong>EUPAMA \u2013 Polystyrol-Box 1 Magnum<\/strong><\/p>\n<p data-sourcepos=\"1:1-1:80\"><strong>Sch\u00fctzen Sie Ihre Magnum-Flaschen sicher mit unserer universellen Schutzbox!<\/strong><\/p>\n<p>Diese Box aus expandiertem Polystyrol (EPS) wurde entwickelt, um Ihren Weinflaschen beim Versand einen universellen und optimalen Schutz zu bieten.<\/p>\n<p data-sourcepos=\"17:1-17:28\"><strong>Praktisch und preiswert :<\/strong><\/p>\n<p data-sourcepos=\"17:1-17:28\">Unser Produkt wird in einer H\u00fclle von 25 Kartons geliefert, was eine einfache Lagerung und Handhabung erm\u00f6glicht. Leicht stapelbar f\u00fcr Gewichtsersparnis und mit einem geringen Gewicht von 145 g zur Reduzierung Ihrer Versandkosten.<\/p>\n<p data-sourcepos=\"20:1-20:15\"><strong>Wichtig :<\/strong><\/p>\n<p data-sourcepos=\"22:1-22:143\">Die Styroporbox f\u00fcr 1 Magnum Flasche dient als Polsterung und ben\u00f6tigt eine zus\u00e4tzliche Umverpackung aus Karton, um sie zu stabilisieren und ihre Unversehrtheit w\u00e4hrend des Versands zu gew\u00e4hrleisten.<\/p>\n<p data-sourcepos=\"22:1-22:143\"><strong>Vorteile :\u00a0<\/strong><\/p>\n<ul data-sourcepos=\"5:1-8:0\">\n<li data-sourcepos=\"5:1-6:52\">Schutz: Polystyrol ist ein Schutzmaterial, das aus expandiertem Polystyrolschaum (EPS) hergestellt wird und den Wein vor St\u00f6\u00dfen und Vibrationen w\u00e4hrend des Transports und der Handhabung sch\u00fctzt.<\/li>\n<li data-sourcepos=\"5:1-5:272\">Isolierung<strong>\u00a0:<\/strong> EPS ist auch ein guter Isolator und h\u00e4lt Weinflaschen w\u00e4hrend des Transports und der Lagerung auf einer konstanten Temperatur.<\/li>\n<li data-sourcepos=\"16:1-16:106\">Leichtgewicht: Polystyrol ist ein leichtes Material, das den Transport und das Handling von Weinkisten erleichtert. Somit ist es ein Vorteil f\u00fcr die Umwelt, da es den Kohlendioxidaussto\u00df reduziert.<\/li>\n<li data-sourcepos=\"16:1-16:106\">Recycelbar: Styroporboxen sind recycelbar und k\u00f6nnen zu neuen Produkten recycelt werden, z. B. zu Polstermaterial, Lebensmittelverpackungen usw.<\/li>\n<\/ul>\n<p data-sourcepos=\"25:1-25:23\"><strong>Komplettl\u00f6sung :<\/strong><\/p>\n<p>Wenn Sie mit unserer Verpackungsl\u00f6sung nicht vertraut sind, empfehlen wir Ihnen, direkt eine <strong>Komplettl\u00f6sung<\/strong> je nachdem, wie viele Flaschen Sie versenden m\u00f6chten :<\/p>\n<ul>\n<li>F\u00fcr 1 Flasche :\n<ul>\n<li>EUROMA : <a href=\"http:\/\/europackwine.fr\/de\/produkt\/emballage-vin-1-magnum\/\"><strong>siehe Produkt<\/strong><\/a><\/li>\n<\/ul>\n<\/li>\n<li>F\u00fcr 3 Flaschen :\n<ul>\n<li>EUROMA 03 : <a href=\"http:\/\/europackwine.fr\/de\/produkt\/emballage-vin-3-magnum\/\"><strong>siehe Produkt<\/strong><\/a><\/li>\n<\/ul>\n<\/li>\n<li>F\u00fcr 6 Flaschen :\n<ul>\n<li>EUROMA 06 : <a href=\"http:\/\/europackwine.fr\/de\/produkt\/emballage-vin-6-magnum\/\"><strong>siehe Produkt<\/strong><\/a><\/li>\n<\/ul>\n<\/li>\n<\/ul>","protected":false},"excerpt":{"rendered":"<p data-sourcepos=\"1:1-1:91\"><strong>EUPAMA - Styropork\u00e4stchen 1 Magnum, <\/strong>die ideale L\u00f6sung f\u00fcr Weinprofis, die eine erstklassige Verpackung f\u00fcr ihre Flasche suchen.<br \/>\nVerpackung: H\u00fclle mit 25<\/p>\n<hr \/>\n<table class=\"size-table price-table table-technical-information\" style=\"height: 57px; width: 554px;\" data-v-33004ae6=\"\">\n<thead id=\"table-head-product-batch\" data-v-33004ae6=\"\">\n<tr style=\"height: 46px;\" data-v-33004ae6=\"\">\n<th class=\"column-pack table-price-right pt-1 pb-2\" style=\"width: 88.9375px; height: 42px; text-align: center;\" data-v-33004ae6=\"\"><span data-v-33004ae6=\"\">25 Sets<\/span><\/th>\n<th class=\"column-box pt-1 pb-2\" style=\"width: 114.852px; height: 42px; text-align: center;\" data-v-33004ae6=\"\">125 K\u00e4sten<\/th>\n<th class=\"column-size pt-1 pb-2\" style=\"width: 145.797px; height: 42px; text-align: center;\" data-v-33004ae6=\"\"><span data-v-33004ae6=\"\">225 K\u00e4sten<\/span><\/th>\n<th class=\"column-size-box pt-1 pb-2\" style=\"width: 176.414px; height: 42px; text-align: center;\" data-v-33004ae6=\"\">425 Sets<\/th>\n<\/tr>\n<\/thead>\n<tbody class=\"table-hover\" data-v-33004ae6=\"\">\n<tr style=\"height: 15px;\" data-v-33004ae6=\"\">\n<td class=\"pl-0 pr-0\" style=\"width: 88.9375px; height: 15px; text-align: center;\" data-v-33004ae6=\"\">3,42\u20ac\/u<\/td>\n<td class=\"pl-0 pr-0\" style=\"width: 114.852px; height: 15px; text-align: center;\" data-v-33004ae6=\"\">3,28\u20ac\/u<\/td>\n<td class=\"pl-0 pr-0\" style=\"width: 145.797px; height: 15px; text-align: center;\" data-v-33004ae6=\"\">3,23\u20ac\/u<\/td>\n<td class=\"pl-0 pr-0\" style=\"width: 176.414px; height: 15px; text-align: center;\" data-v-33004ae6=\"\">3,08\u20ac\/u<\/td>\n<\/tr>\n<\/tbody>\n<\/table>\n<p>&nbsp;<\/p>","protected":false},"featured_media":1835,"comment_status":"open","ping_status":"closed","template":"","meta":{"_et_pb_use_builder":"","_et_pb_old_content":"","_et_gb_content_width":""},"product_brand":[],"product_cat":[295],"product_tag":[],"class_list":{"0":"post-1074","1":"product","2":"type-product","3":"status-publish","4":"has-post-thumbnail","6":"product_cat-coffrets","8":"first","9":"instock","10":"taxable","11":"shipping-taxable","12":"purchasable","13":"product-type-simple"},"_links":{"self":[{"href":"https:\/\/europackwine.fr\/de\/wp-json\/wp\/v2\/product\/1074","targetHints":{"allow":["GET"]}}],"collection":[{"href":"https:\/\/europackwine.fr\/de\/wp-json\/wp\/v2\/product"}],"about":[{"href":"https:\/\/europackwine.fr\/de\/wp-json\/wp\/v2\/types\/product"}],"replies":[{"embeddable":true,"href":"https:\/\/europackwine.fr\/de\/wp-json\/wp\/v2\/comments?post=1074"}],"wp:featuredmedia":[{"embeddable":true,"href":"https:\/\/europackwine.fr\/de\/wp-json\/wp\/v2\/media\/1835"}],"wp:attachment":[{"href":"https:\/\/europackwine.fr\/de\/wp-json\/wp\/v2\/media?parent=1074"}],"wp:term":[{"taxonomy":"product_brand","embeddable":true,"href":"https:\/\/europackwine.fr\/de\/wp-json\/wp\/v2\/product_brand?post=1074"},{"taxonomy":"product_cat","embeddable":true,"href":"https:\/\/europackwine.fr\/de\/wp-json\/wp\/v2\/product_cat?post=1074"},{"taxonomy":"product_tag","embeddable":true,"href":"https:\/\/europackwine.fr\/de\/wp-json\/wp\/v2\/product_tag?post=1074"}],"curies":[{"name":"wp","href":"https:\/\/api.w.org\/{rel}","templated":true}]}}