{"id":1053,"date":"2021-04-19T07:08:21","date_gmt":"2021-04-19T07:08:21","guid":{"rendered":"https:\/\/europackwine.staging-lab.co\/?post_type=product&#038;p=1053"},"modified":"2026-03-31T07:59:46","modified_gmt":"2026-03-31T07:59:46","slug":"intercalaire-polystyrene-3-bouteilles","status":"publish","type":"product","link":"https:\/\/europackwine.fr\/de\/produkt\/intercalaire-polystyrene-3-bouteilles\/","title":{"rendered":"INPA 03 - Polystyrol-Zwischenlage 3 Flaschen"},"content":{"rendered":"<p data-sourcepos=\"1:1-1:80\"><strong>INPA 03 - Polystyrol-Zwischenlage 3 Flaschen<\/strong><\/p>\n<p data-sourcepos=\"1:1-1:80\"><strong>M\u00fcssen Sie Ihrem Paket weitere Flaschen hinzuf\u00fcgen, verwenden Sie unser Universaltrennblatt!<\/strong><\/p>\n<p>Wie unsere Boxen aus expandiertem Polystyrol (EPS) ist auch die Zwischenlage so konzipiert, dass sie einen universellen und optimalen Schutz f\u00fcr Ihre Weinflaschen beim Versand bietet.<\/p>\n<p data-sourcepos=\"17:1-17:28\"><strong>Praktisch und preiswert :<\/strong><\/p>\n<p data-sourcepos=\"17:1-17:28\">Unser Produkt wird in einer 30er-H\u00fclle geliefert, um eine einfache Lagerung und Handhabung zu erm\u00f6glichen. Es l\u00e4sst sich leicht stapeln, um Gewicht zu sparen, und ist mit 145 g leicht, um Ihre Versandkosten zu senken.<\/p>\n<p data-sourcepos=\"20:1-20:15\"><strong>Wichtig :<\/strong><\/p>\n<p data-sourcepos=\"22:1-22:143\">Die 3-Flaschen-Polystyrol-Zwischenlage funktioniert wie eine Zwischenpolsterung und ben\u00f6tigt einen \u00dcberkarton und eine Styroporbox, um sie zu halten und ihre Unversehrtheit beim Versand zu gew\u00e4hrleisten.<\/p>\n<p data-sourcepos=\"22:1-22:143\"><strong>Vorteile :\u00a0<\/strong><\/p>\n<ul data-sourcepos=\"5:1-8:0\">\n<li data-sourcepos=\"5:1-6:52\">Schutz: Polystyrol ist ein Schutzmaterial, das aus expandiertem Polystyrolschaum (EPS) hergestellt wird und den Wein vor St\u00f6\u00dfen und Vibrationen w\u00e4hrend des Transports und der Handhabung sch\u00fctzt.<\/li>\n<li data-sourcepos=\"5:1-5:272\">Isolierung<strong>\u00a0:<\/strong> EPS ist auch ein guter Isolator und h\u00e4lt Weinflaschen w\u00e4hrend des Transports und der Lagerung auf einer konstanten Temperatur.<\/li>\n<li data-sourcepos=\"16:1-16:106\">Leichtgewicht: Polystyrol ist ein leichtes Material, das den Transport und das Handling von Weinkisten erleichtert. Somit ist es ein Vorteil f\u00fcr die Umwelt, da es den Kohlendioxidaussto\u00df reduziert.<\/li>\n<li data-sourcepos=\"16:1-16:106\">Recycelbar: Sowohl die Styroporboxen als auch die Trennbl\u00e4tter sind recycelbar und k\u00f6nnen zu neuen Produkten recycelt werden, z. B. zu Polstermaterial, Lebensmittelverpackungen usw.<\/li>\n<\/ul>\n<p data-sourcepos=\"25:1-25:23\"><strong>Komplettl\u00f6sung :<\/strong><\/p>\n<p>Wenn Sie mit unserer Verpackungsl\u00f6sung nicht vertraut sind, empfehlen wir Ihnen, direkt eine <strong>Komplettl\u00f6sung<\/strong> je nachdem, wie viele Flaschen Sie versenden m\u00f6chten :<\/p>\n<ul>\n<li>F\u00fcr 6 Flaschen: enth\u00e4lt Karton + Box f\u00fcr 3 Flaschen + Zwischenlage f\u00fcr 3 Flaschen\n<ul>\n<li>EURO 06 (einwellig) : <strong><a href=\"http:\/\/europackwine.fr\/de\/produkt\/emballage-vin-6-bouteilles\/\">siehe Produkt<\/a><\/strong><\/li>\n<li>EURO 06 DC (zweiwellig) : <strong><a href=\"http:\/\/europackwine.fr\/de\/produkt\/emballage-vin-6-bouteilles-renforce\/\">siehe Produkt<\/a><\/strong><\/li>\n<\/ul>\n<\/li>\n<li>F\u00fcr 12 Flaschen: enth\u00e4lt Karton + Box f\u00fcr 6 Flaschen + Zwischenlage f\u00fcr 6 Flaschen\n<ul>\n<li>EURO 12 (einwellig) : <strong><a href=\"http:\/\/europackwine.fr\/de\/produkt\/emballage-vin-12-bouteilles\/\">siehe Produkt<\/a><\/strong><\/li>\n<li>EURO 12 DC (zweiwellig) : <strong><a href=\"http:\/\/europackwine.fr\/de\/produkt\/emballage-vin-12-bouteilles-renforce\/\">siehe Produkt<\/a><\/strong><\/li>\n<\/ul>\n<\/li>\n<\/ul>","protected":false},"excerpt":{"rendered":"<p data-sourcepos=\"1:1-1:91\"><strong>INPA 03 - Polystyrol-Zwischenlage 3 Flaschen, <\/strong>die ideale L\u00f6sung f\u00fcr Weinprofis, die mehr als 6, 9 oder 12 Flaschen in einem einzigen Paket versenden m\u00f6chten.<strong><br \/>\n<\/strong>Verpackung: H\u00fclle mit 30<\/p>\n<hr \/>\n<table class=\"size-table price-table table-technical-information\" style=\"height: 57px; width: 554px;\" data-v-33004ae6=\"\">\n<thead id=\"table-head-product-batch\" data-v-33004ae6=\"\">\n<tr style=\"height: 46px;\" data-v-33004ae6=\"\">\n<th class=\"column-pack table-price-right pt-1 pb-2\" style=\"width: 88.9375px; height: 42px; text-align: center;\" data-v-33004ae6=\"\"><span data-v-33004ae6=\"\">30 Sets<\/span><\/th>\n<th class=\"column-box pt-1 pb-2\" style=\"width: 114.852px; height: 42px; text-align: center;\" data-v-33004ae6=\"\">90 Sets<\/th>\n<th class=\"column-size pt-1 pb-2\" style=\"width: 145.797px; height: 42px; text-align: center;\" data-v-33004ae6=\"\"><span data-v-33004ae6=\"\">180 Sets<\/span><\/th>\n<th class=\"column-size-box pt-1 pb-2\" style=\"width: 176.414px; height: 42px; text-align: center;\" data-v-33004ae6=\"\">330 K\u00e4sten<\/th>\n<\/tr>\n<\/thead>\n<tbody class=\"table-hover\" data-v-33004ae6=\"\">\n<tr style=\"height: 15px;\" data-v-33004ae6=\"\">\n<td class=\"pl-0 pr-0\" style=\"width: 88.9375px; height: 15px; text-align: center;\" data-v-33004ae6=\"\">2,49\u20ac\/u<\/td>\n<td class=\"pl-0 pr-0\" style=\"width: 114.852px; height: 15px; text-align: center;\" data-v-33004ae6=\"\">2,42\u20ac\/u<\/td>\n<td class=\"pl-0 pr-0\" style=\"width: 145.797px; height: 15px; text-align: center;\" data-v-33004ae6=\"\">2,35\u20ac\/u<\/td>\n<td class=\"pl-0 pr-0\" style=\"width: 176.414px; height: 15px; text-align: center;\" data-v-33004ae6=\"\">2,23\u20ac\/u<\/td>\n<\/tr>\n<\/tbody>\n<\/table>\n<p>&nbsp;<\/p>","protected":false},"featured_media":7583,"comment_status":"open","ping_status":"closed","template":"","meta":{"_et_pb_use_builder":"","_et_pb_old_content":"","_et_gb_content_width":""},"product_brand":[],"product_cat":[295],"product_tag":[],"class_list":{"0":"post-1053","1":"product","2":"type-product","3":"status-publish","4":"has-post-thumbnail","6":"product_cat-coffrets","8":"first","9":"instock","10":"taxable","11":"shipping-taxable","12":"purchasable","13":"product-type-simple"},"_links":{"self":[{"href":"https:\/\/europackwine.fr\/de\/wp-json\/wp\/v2\/product\/1053","targetHints":{"allow":["GET"]}}],"collection":[{"href":"https:\/\/europackwine.fr\/de\/wp-json\/wp\/v2\/product"}],"about":[{"href":"https:\/\/europackwine.fr\/de\/wp-json\/wp\/v2\/types\/product"}],"replies":[{"embeddable":true,"href":"https:\/\/europackwine.fr\/de\/wp-json\/wp\/v2\/comments?post=1053"}],"wp:featuredmedia":[{"embeddable":true,"href":"https:\/\/europackwine.fr\/de\/wp-json\/wp\/v2\/media\/7583"}],"wp:attachment":[{"href":"https:\/\/europackwine.fr\/de\/wp-json\/wp\/v2\/media?parent=1053"}],"wp:term":[{"taxonomy":"product_brand","embeddable":true,"href":"https:\/\/europackwine.fr\/de\/wp-json\/wp\/v2\/product_brand?post=1053"},{"taxonomy":"product_cat","embeddable":true,"href":"https:\/\/europackwine.fr\/de\/wp-json\/wp\/v2\/product_cat?post=1053"},{"taxonomy":"product_tag","embeddable":true,"href":"https:\/\/europackwine.fr\/de\/wp-json\/wp\/v2\/product_tag?post=1053"}],"curies":[{"name":"wp","href":"https:\/\/api.w.org\/{rel}","templated":true}]}}