{"id":1027,"date":"2021-04-14T10:01:00","date_gmt":"2021-04-14T10:01:00","guid":{"rendered":"https:\/\/europackwine.staging-lab.co\/?post_type=product&#038;p=1027"},"modified":"2026-03-30T08:43:59","modified_gmt":"2026-03-30T08:43:59","slug":"coffret-polystyrene-3-bouteilles","status":"publish","type":"product","link":"https:\/\/europackwine.fr\/de\/produkt\/coffret-polystyrene-3-bouteilles\/","title":{"rendered":"EUPA 03 - Kiste aus Polystyrol mit 3 Flaschen"},"content":{"rendered":"<p data-sourcepos=\"1:1-1:80\"><strong>EUPA 03: Polystyrol-Kiste mit 3 Flaschen<\/strong><\/p>\n<p data-sourcepos=\"1:1-1:80\"><strong>Sch\u00fctzen Sie Ihre Weinflaschen sicher mit unserer universellen Schutzbox!<\/strong><\/p>\n<p>Diese Box aus expandiertem Polystyrol (EPS) wurde entwickelt, um Ihren Weinflaschen beim Versand einen universellen und optimalen Schutz zu bieten.<\/p>\n<p data-sourcepos=\"17:1-17:28\"><strong>Praktisch und preiswert :<\/strong><\/p>\n<p data-sourcepos=\"17:1-17:28\">Unser Produkt wird in einer H\u00fclle mit 30 Boxen geliefert, um eine einfache Lagerung und Handhabung zu erm\u00f6glichen. Leicht stapelbar, um Gewicht zu sparen, und 210 g leicht, um Ihre Versandkosten zu senken.<\/p>\n<p data-sourcepos=\"20:1-20:15\"><strong>Wichtig :<\/strong><\/p>\n<p data-sourcepos=\"22:1-22:143\">Die Box Box Polystyrol 3 Flaschen funktioniert wie eine Polsterung und ben\u00f6tigt eine \u00dcberkartonage, um sie zu halten und ihre Unversehrtheit beim Versand zu gew\u00e4hrleisten.<\/p>\n<p data-sourcepos=\"22:1-22:143\"><strong>Vorteile :\u00a0<\/strong><\/p>\n<ul data-sourcepos=\"5:1-8:0\">\n<li data-sourcepos=\"5:1-6:52\">Schutz: Polystyrol ist ein Schutzmaterial, das aus expandiertem Polystyrolschaum (EPS) hergestellt wird und den Wein vor St\u00f6\u00dfen und Vibrationen w\u00e4hrend des Transports und der Handhabung sch\u00fctzt.<\/li>\n<li data-sourcepos=\"5:1-5:272\">Isolierung<strong>\u00a0:<\/strong> EPS ist auch ein guter Isolator und h\u00e4lt Weinflaschen w\u00e4hrend des Transports und der Lagerung auf einer konstanten Temperatur.<\/li>\n<li data-sourcepos=\"16:1-16:106\">Leichtgewicht: Polystyrol ist ein leichtes Material, das den Transport und das Handling von Weinkisten erleichtert. Somit ist es ein Vorteil f\u00fcr die Umwelt, da es den Kohlendioxidaussto\u00df reduziert.<\/li>\n<li data-sourcepos=\"16:1-16:106\">Recycelbar: Styroporboxen sind recycelbar und k\u00f6nnen zu neuen Produkten recycelt werden, z. B. zu Polstermaterial, Lebensmittelverpackungen usw.<\/li>\n<\/ul>\n<p data-sourcepos=\"25:1-25:23\"><strong>Komplettl\u00f6sung :<\/strong><\/p>\n<p>Wenn Sie mit unserer Verpackungsl\u00f6sung nicht vertraut sind, empfehlen wir Ihnen, direkt eine <strong>Komplettl\u00f6sung<\/strong> je nachdem, wie viele Flaschen Sie versenden m\u00f6chten :<\/p>\n<ul>\n<li>F\u00fcr 3 Flaschen :\n<ul>\n<li>EURO 03 : <strong><a href=\"http:\/\/europackwine.fr\/de\/produkt\/emballage-vin-3-bouteilles\/\">siehe Produkt<\/a><\/strong><\/li>\n<\/ul>\n<\/li>\n<li>F\u00fcr 6 Flaschen :\n<ul>\n<li>EURO 06 (einwellig) : <strong><a href=\"http:\/\/europackwine.fr\/de\/produkt\/emballage-vin-6-bouteilles\/\">siehe Produkt<\/a><\/strong><\/li>\n<li>EURO 06 DC (zweiwellig) : <strong><a href=\"http:\/\/europackwine.fr\/de\/produkt\/emballage-vin-6-bouteilles-renforce\/\">siehe Produkt<\/a><\/strong><\/li>\n<\/ul>\n<\/li>\n<li>F\u00fcr 9 Flaschen :\n<ul>\n<li>EURO 09 (einwellig) : <strong><a href=\"http:\/\/europackwine.fr\/de\/produkt\/emballage-vin-9-bouteilles\/\">siehe Produkt<\/a><\/strong><\/li>\n<li>EURO 09 DC (zweiwellig) : <strong><a href=\"http:\/\/europackwine.fr\/de\/produkt\/emballage-vin-9-bouteilles-renforce\/\">siehe Produkt<\/a><\/strong><\/li>\n<\/ul>\n<\/li>\n<li>F\u00fcr 12 Flaschen :\n<ul>\n<li>EURO 12 (einwellig) : <strong><a href=\"http:\/\/europackwine.fr\/de\/produkt\/emballage-vin-12-bouteilles\/\">siehe Produkt<\/a><\/strong><\/li>\n<li>EURO 12 DC (zweiwellig) : <strong><a href=\"http:\/\/europackwine.fr\/de\/produkt\/emballage-vin-12-bouteilles-renforce\/\">siehe Produkt<\/a><\/strong><\/li>\n<\/ul>\n<\/li>\n<\/ul>","protected":false},"excerpt":{"rendered":"<p data-sourcepos=\"1:1-1:91\"><strong>EUPA 03 - Styroporkiste mit 3 Flaschen, <\/strong>die ideale L\u00f6sung f\u00fcr Weinfachleute, die eine hochwertige Verpackung f\u00fcr ihre Flaschen suchen.<br \/>\nVerpackung: H\u00fclle mit 30<\/p>\n<hr \/>\n<table class=\"size-table price-table table-technical-information\" style=\"height: 46px; width: 500px;\" data-v-33004ae6=\"\">\n<thead id=\"table-head-product-batch\" data-v-33004ae6=\"\">\n<tr style=\"height: 23px;\" data-v-33004ae6=\"\">\n<th class=\"column-pack table-price-right pt-1 pb-2\" style=\"height: 23px; width: 70.8125px;\" data-v-33004ae6=\"\"><span data-v-33004ae6=\"\">30 Sets<\/span><\/th>\n<th class=\"column-box pt-1 pb-2\" style=\"height: 23px; width: 70.8125px;\" data-v-33004ae6=\"\">90 Sets<\/th>\n<th class=\"column-size pt-1 pb-2\" style=\"height: 23px; width: 78.5938px;\" data-v-33004ae6=\"\"><span data-v-33004ae6=\"\">180 Sets<\/span><\/th>\n<th class=\"column-size-box pt-1 pb-2\" style=\"height: 23px; width: 78.5938px;\" data-v-33004ae6=\"\">330 K\u00e4sten<\/th>\n<\/tr>\n<\/thead>\n<tbody class=\"table-hover\" data-v-33004ae6=\"\">\n<tr style=\"height: 23px;\" data-v-33004ae6=\"\">\n<td class=\"pl-0 pr-0\" style=\"height: 23px; width: 70.8125px;\" data-v-33004ae6=\"\">3,80\u20ac\/u<\/td>\n<td class=\"pl-0 pr-0\" style=\"height: 23px; width: 70.8125px;\" data-v-33004ae6=\"\">3,65\u20ac\/u<\/td>\n<td class=\"pl-0 pr-0\" style=\"height: 23px; width: 78.5938px;\" data-v-33004ae6=\"\">3,55\u20ac\/u<\/td>\n<td class=\"pl-0 pr-0\" style=\"height: 23px; width: 78.5938px;\" data-v-33004ae6=\"\">3,44\u20ac\/u<\/td>\n<\/tr>\n<\/tbody>\n<\/table>","protected":false},"featured_media":1815,"comment_status":"open","ping_status":"closed","template":"","meta":{"_et_pb_use_builder":"off","_et_pb_old_content":"<p data-sourcepos=\"1:1-1:80\"><strong>EUPA 03 : Coffret polystyrene 3 bouteilles<\/strong><\/p>\r\n<p data-sourcepos=\"1:1-1:80\"><strong>Prot\u00e9gez vos bouteilles de vin en toute s\u00e9curit\u00e9 avec notre coffret de protection universel !<\/strong><\/p>\r\nCe coffret en polystyr\u00e8ne expans\u00e9 (PSE) est con\u00e7u pour offrir une protection universelle et optimale \u00e0 vos bouteilles de vin lors de l'exp\u00e9dition.\r\n<p data-sourcepos=\"17:1-17:28\"><strong>Pratique et \u00e9conomique :<\/strong><\/p>\r\n<p data-sourcepos=\"17:1-17:28\">Notre produit est livr\u00e9 par housse de 30 coffrets pour un stockage et une manipulation ais\u00e9e. Empilable facilement pour un gain de poids et l\u00e9ger de 210g pour r\u00e9duire vos frais d'exp\u00e9ditions.<\/p>\r\n<p data-sourcepos=\"20:1-20:15\"><strong>Important :<\/strong><\/p>\r\n<p data-sourcepos=\"22:1-22:143\">Le coffret Coffret polystyrene 3 bouteilles fonctionne comme un rembourrage et n\u00e9cessite un sur-carton pour le maintenir et garantir son int\u00e9grit\u00e9 lors de l'exp\u00e9dition.<\/p>\r\n<p data-sourcepos=\"22:1-22:143\"><strong>Avantages :\u00a0<\/strong><\/p>\r\n\r\n<ul data-sourcepos=\"5:1-8:0\">\r\n \t<li data-sourcepos=\"5:1-6:52\">Protection : le polystyr\u00e8ne est un mat\u00e9riau de protection fabriqu\u00e9 \u00e0 partir de mousse de polystyr\u00e8ne expans\u00e9 (EPS) qui prot\u00e8ge le vin des chocs et des vibrations pendant le transport et la manutention.<\/li>\r\n \t<li data-sourcepos=\"5:1-5:272\">Isolation<strong>\u00a0:<\/strong> le PSE est \u00e9galement un bon isolant et permet de maintenir les bouteilles de vin \u00e0 une temp\u00e9rature constante pendant le transport et le stockage.<\/li>\r\n \t<li data-sourcepos=\"16:1-16:106\">L\u00e9g\u00e8ret\u00e9 : Le polystyr\u00e8ne est un mat\u00e9riau l\u00e9ger, ce qui facilite le transport et la manutention des caisses de vin. Ainsi, il est un\u00a0avantage pour l'environnement, car il r\u00e9duit les \u00e9missions de carbone.<\/li>\r\n \t<li data-sourcepos=\"16:1-16:106\">Recyclable : les coffrets polystyr\u00e8nes sont recyclables, et peuvent \u00eatre recycl\u00e9s en de nouveaux produits, tels que des produits de rembourrage, d'emballage alimentaires, etc<\/li>\r\n<\/ul>\r\n<p data-sourcepos=\"25:1-25:23\"><strong>Solution compl\u00e8te :<\/strong><\/p>\r\nSi vous n'\u00eates pas familier avec notre solution d'emballage, nous vous recommandons de commander directement une <strong>solution compl\u00e8te<\/strong> selon la quantit\u00e9 de bouteilles que vous souhaitez exp\u00e9dier :\r\n<ul>\r\n \t<li>Pour 3 bouteilles :\r\n<ul>\r\n \t<li>EURO 03 : <strong><a href=\"http:\/\/europackwine.fr\/produit\/emballage-vin-3-bouteilles\/\">voir produit<\/a><\/strong><\/li>\r\n<\/ul>\r\n<\/li>\r\n \t<li>Pour 6 bouteilles :\r\n<ul>\r\n \t<li>EURO 06 (simple cannelure) : <strong><a href=\"http:\/\/europackwine.fr\/produit\/emballage-vin-6-bouteilles\/\">voir produit<\/a><\/strong><\/li>\r\n \t<li>EURO 06 DC (double cannelure) : <strong><a href=\"http:\/\/europackwine.fr\/produit\/emballage-vin-6-bouteilles-renforce\/\">voir produit<\/a><\/strong><\/li>\r\n<\/ul>\r\n<\/li>\r\n \t<li>Pour 9 bouteilles :\r\n<ul>\r\n \t<li>EURO 09 (simple cannelure) : <strong><a href=\"http:\/\/europackwine.fr\/produit\/emballage-vin-9-bouteilles\/\">voir produit<\/a><\/strong><\/li>\r\n \t<li>EURO 09 DC (double cannelure) : <strong><a href=\"http:\/\/europackwine.fr\/produit\/emballage-vin-9-bouteilles-renforce\/\">voir produit<\/a><\/strong><\/li>\r\n<\/ul>\r\n<\/li>\r\n \t<li>Pour 12 bouteilles :\r\n<ul>\r\n \t<li>EURO 12 (simple cannelure) : <strong><a href=\"http:\/\/europackwine.fr\/produit\/emballage-vin-12-bouteilles\/\">voir produit<\/a><\/strong><\/li>\r\n \t<li>EURO 12 DC (double cannelure) : <strong><a href=\"http:\/\/europackwine.fr\/produit\/emballage-vin-12-bouteilles-renforce\/\">voir produit<\/a><\/strong><\/li>\r\n<\/ul>\r\n<\/li>\r\n<\/ul>","_et_gb_content_width":""},"product_brand":[],"product_cat":[295],"product_tag":[],"class_list":{"0":"post-1027","1":"product","2":"type-product","3":"status-publish","4":"has-post-thumbnail","6":"product_cat-coffrets","8":"first","9":"instock","10":"taxable","11":"shipping-taxable","12":"purchasable","13":"product-type-simple"},"_links":{"self":[{"href":"https:\/\/europackwine.fr\/de\/wp-json\/wp\/v2\/product\/1027","targetHints":{"allow":["GET"]}}],"collection":[{"href":"https:\/\/europackwine.fr\/de\/wp-json\/wp\/v2\/product"}],"about":[{"href":"https:\/\/europackwine.fr\/de\/wp-json\/wp\/v2\/types\/product"}],"replies":[{"embeddable":true,"href":"https:\/\/europackwine.fr\/de\/wp-json\/wp\/v2\/comments?post=1027"}],"wp:featuredmedia":[{"embeddable":true,"href":"https:\/\/europackwine.fr\/de\/wp-json\/wp\/v2\/media\/1815"}],"wp:attachment":[{"href":"https:\/\/europackwine.fr\/de\/wp-json\/wp\/v2\/media?parent=1027"}],"wp:term":[{"taxonomy":"product_brand","embeddable":true,"href":"https:\/\/europackwine.fr\/de\/wp-json\/wp\/v2\/product_brand?post=1027"},{"taxonomy":"product_cat","embeddable":true,"href":"https:\/\/europackwine.fr\/de\/wp-json\/wp\/v2\/product_cat?post=1027"},{"taxonomy":"product_tag","embeddable":true,"href":"https:\/\/europackwine.fr\/de\/wp-json\/wp\/v2\/product_tag?post=1027"}],"curies":[{"name":"wp","href":"https:\/\/api.w.org\/{rel}","templated":true}]}}